{"id":14758,"date":"2025-06-18T18:05:56","date_gmt":"2025-06-18T18:05:56","guid":{"rendered":"https:\/\/viafoura-2025.eclipse-dev.com\/karriere\/"},"modified":"2025-07-25T22:24:18","modified_gmt":"2025-07-25T22:24:18","slug":"karriere","status":"publish","type":"page","link":"https:\/\/viafoura.com\/de\/ueber-uns\/karriere\/","title":{"rendered":"Karriere"},"content":{"rendered":"\n<div class=\"wp-block-cover alignfull\"><img decoding=\"async\" width=\"1024\" height=\"896\" class=\"wp-block-cover__image-background wp-image-4022 size-large\" alt=\"\" src=\"https:\/\/viafoura.com\/wp-content\/uploads\/2025\/07\/Viafoura-V-Variation-1-1024x896.png\" style=\"object-position:49% 0%\" data-object-fit=\"cover\" data-object-position=\"49% 0%\" srcset=\"https:\/\/viafoura.com\/wp-content\/uploads\/2025\/07\/Viafoura-V-Variation-1-1024x896.png 1024w, https:\/\/viafoura.com\/wp-content\/uploads\/2025\/07\/Viafoura-V-Variation-1-300x263.png 300w, https:\/\/viafoura.com\/wp-content\/uploads\/2025\/07\/Viafoura-V-Variation-1-768x672.png 768w, https:\/\/viafoura.com\/wp-content\/uploads\/2025\/07\/Viafoura-V-Variation-1-1536x1345.png 1536w, https:\/\/viafoura.com\/wp-content\/uploads\/2025\/07\/Viafoura-V-Variation-1-2048x1793.png 2048w\" sizes=\"(max-width: 1024px) 100vw, 1024px\" \/><span aria-hidden=\"true\" class=\"wp-block-cover__background has-background-dim-0 has-background-dim\" style=\"background-color:#7e8376\"><\/span><div class=\"wp-block-cover__inner-container is-layout-constrained wp-block-cover-is-layout-constrained\"><h1 class=\"wp-block-post-title\">Karriere<\/h1><\/div><\/div>\n\n<p class=\"has-large-font-size\"><br\/>Wir bei Viafoura ver\u00e4ndern die Art und Weise, wie sich das Publikum online verbindet, engagiert und erfolgreich ist.  <\/p>\n\n<p class=\"has-large-font-size\">Unsere Plattform hilft Medien- und Digitalmarken, durch Konversation, Personalisierung und datengest\u00fctzte Erkenntnisse lebendige Gemeinschaften zu schaffen.<br\/><\/p>\n\n<p class=\"has-large-font-size\">Wir sind ein in Toronto ans\u00e4ssiges Unternehmen, dem \u00fcber 800 globale Medienmarken vertrauen, und wir wachsen schnell.<\/p>\n\n<div class=\"wp-block-group is-layout-constrained wp-container-core-group-is-layout-08dbab59 wp-block-group-is-layout-constrained\" style=\"padding-top:var(--wp--preset--spacing--50);padding-bottom:var(--wp--preset--spacing--50)\">\n<h2 class=\"wp-block-heading has-text-align-center\">Warum bei Viafoura arbeiten?<\/h2>\n\n\n\n<div class=\"wp-block-group grid-without-gutters-two is-layout-constrained wp-block-group-is-layout-constrained\">\n<div class=\"wp-block-group has-eggplant-background-color has-background is-layout-grid wp-container-core-group-is-layout-988b637e wp-block-group-is-layout-grid\">\n<div class=\"wp-block-group item-1 is-layout-constrained wp-block-group-is-layout-constrained\">\n<p class=\"has-text-align-center has-light-grey-color has-text-color has-link-color has-large-font-size wp-elements-3be995099dd8f3071e4e0548f1401799\">Einsatzorientiert<\/p>\n\n\n\n<p class=\"has-text-align-center has-light-grey-color has-text-color has-link-color wp-elements-e959e0cb5c292c7e76564eb0f2f9abf4\">Entwickeln Sie Produkte, die sinnvolle Online-Erlebnisse erm\u00f6glichen.<\/p>\n<\/div>\n\n\n\n<div class=\"wp-block-group item-2 is-layout-constrained wp-block-group-is-layout-constrained\">\n<p class=\"has-text-align-center has-light-grey-color has-text-color has-link-color has-large-font-size wp-elements-0c907c7e0d09bb088f61e12ff9d88f1e\">Kultur, die den Menschen in den Mittelpunkt stellt<\/p>\n\n\n\n<p class=\"has-text-align-center has-light-grey-color has-text-color has-link-color wp-elements-bf1c1cf7b4367ead5d09a8ba14f0afea\">Wir legen Wert auf Transparenz, Inklusivit\u00e4t und ein ausgewogenes Verh\u00e4ltnis zwischen Arbeit und Privatleben.<\/p>\n<\/div>\n\n\n\n<div class=\"wp-block-group item-3 is-layout-constrained wp-block-group-is-layout-constrained\">\n<p class=\"has-text-align-center has-light-grey-color has-text-color has-link-color has-large-font-size wp-elements-659c2714aa57156cbc28f1e5843ac032\">Wachstumschancen<\/p>\n\n\n\n<p class=\"has-text-align-center has-light-grey-color has-text-color has-link-color wp-elements-7b505e232da61b9bb35222666d0be421\">Lernen, f\u00fchren und wachsen Sie an der Seite leidenschaftlicher Innovatoren.<\/p>\n<\/div>\n<\/div>\n<\/div>\n<\/div>\n\n<div class=\"wp-block-columns is-layout-flex wp-container-core-columns-is-layout-b8e64976 wp-block-columns-is-layout-flex\" style=\"margin-top:var(--wp--preset--spacing--80)\">\n<div class=\"wp-block-column is-layout-flow wp-block-column-is-layout-flow\">\n<h1 class=\"wp-block-heading\" style=\"margin-bottom:var(--wp--preset--spacing--50)\"><strong>Wonach wir suchen<\/strong><\/h1>\n\n\n\n<p class=\"has-large-font-size\">Wir stellen neugierige, hilfsbereite und engagierte Menschen ein, die bereit sind, etwas zu bewirken. Wenn Sie sich f\u00fcr Gemeinschaft, Medien und Technik begeistern, m\u00f6chten wir von Ihnen h\u00f6ren. <\/p>\n\n\n\n<p class=\"has-large-font-size\">Entdecken Sie unsere aktuellen Stellenangebote und bewerben Sie sich noch heute.<\/p>\n\n\n\n<div class=\"wp-block-buttons is-layout-flex wp-block-buttons-is-layout-flex\">\n<div class=\"wp-block-button is-style-primary\"><a class=\"wp-block-button__link wp-element-button\" href=\"https:\/\/viafoura.applytojobs.ca\/\">Aktuelle Stellenausschreibungen<\/a><\/div>\n<\/div>\n<\/div>\n\n\n\n<div class=\"wp-block-column is-vertically-aligned-center is-layout-flow wp-block-column-is-layout-flow\">\n<figure class=\"wp-block-image aligncenter size-full is-resized\"><img decoding=\"async\" width=\"624\" height=\"415\" src=\"https:\/\/viafoura.com\/wp-content\/uploads\/2025\/07\/Capture-47.jpg\" alt=\"\" class=\"wp-image-3723\" style=\"width:550px\" srcset=\"https:\/\/viafoura.com\/wp-content\/uploads\/2025\/07\/Capture-47.jpg 624w, https:\/\/viafoura.com\/wp-content\/uploads\/2025\/07\/Capture-47-300x200.jpg 300w\" sizes=\"(max-width: 624px) 100vw, 624px\" \/><\/figure>\n<\/div>\n<\/div>\n","protected":false},"excerpt":{"rendered":"<p>Wir bei Viafoura ver\u00e4ndern die Art und Weise, wie sich das Publikum online verbindet, engagiert und erfolgreich ist. Unsere Plattform hilft Medien- und Digitalmarken, durch Konversation, Personalisierung und datengest\u00fctzte Erkenntnisse lebendige Gemeinschaften zu schaffen. Wir sind ein in Toronto ans\u00e4ssiges Unternehmen, dem \u00fcber 800 globale Medienmarken vertrauen, und wir wachsen schnell. Warum bei Viafoura arbeiten? [&hellip;]<\/p>\n","protected":false},"author":1,"featured_media":0,"parent":14864,"menu_order":0,"comment_status":"closed","ping_status":"closed","template":"","meta":{"_acf_changed":false,"footnotes":""},"class_list":["post-14758","page","type-page","status-publish","hentry"],"acf":[],"yoast_head":"<!-- This site is optimized with the Yoast SEO plugin v27.2 - https:\/\/yoast.com\/product\/yoast-seo-wordpress\/ -->\n<title>Viafoura | Karriere<\/title>\n<meta name=\"description\" content=\"Wir bei Viafoura ver\u00e4ndern die Art und Weise, wie sich das Publikum online verbindet, engagiert und erfolgreich ist. Unsere Plattform hilft Medien- und\" \/>\n<meta name=\"robots\" content=\"index, follow, max-snippet:-1, max-image-preview:large, max-video-preview:-1\" \/>\n<link rel=\"canonical\" href=\"https:\/\/viafoura.com\/de\/ueber-uns\/karriere\/\" \/>\n<meta property=\"og:locale\" content=\"de_DE\" \/>\n<meta property=\"og:type\" content=\"article\" \/>\n<meta property=\"og:title\" content=\"Viafoura | Karriere\" \/>\n<meta property=\"og:description\" content=\"Wir bei Viafoura ver\u00e4ndern die Art und Weise, wie sich das Publikum online verbindet, engagiert und erfolgreich ist. Unsere Plattform hilft Medien- und\" \/>\n<meta property=\"og:url\" content=\"https:\/\/viafoura.com\/de\/ueber-uns\/karriere\/\" \/>\n<meta property=\"og:site_name\" content=\"Viafoura\" \/>\n<meta property=\"article:publisher\" content=\"https:\/\/www.facebook.com\/viafoura\/\" \/>\n<meta property=\"article:modified_time\" content=\"2025-07-25T22:24:18+00:00\" \/>\n<meta property=\"og:image\" content=\"https:\/\/viafoura.com\/wp-content\/uploads\/2025\/07\/Viafoura-V-Variation-1-1024x896.png\" \/>\n<meta name=\"twitter:card\" content=\"summary_large_image\" \/>\n<meta name=\"twitter:site\" content=\"@viafoura\" \/>\n<meta name=\"twitter:label1\" content=\"Gesch\u00e4tzte Lesezeit\" \/>\n\t<meta name=\"twitter:data1\" content=\"1 Minute\" \/>\n<script type=\"application\/ld+json\" class=\"yoast-schema-graph\">{\"@context\":\"https:\/\/schema.org\",\"@graph\":[{\"@type\":\"WebPage\",\"@id\":\"https:\/\/viafoura.com\/de\/ueber-uns\/karriere\/\",\"url\":\"https:\/\/viafoura.com\/de\/ueber-uns\/karriere\/\",\"name\":\"Viafoura | Karriere\",\"isPartOf\":{\"@id\":\"https:\/\/viafoura.com\/de\/#website\"},\"primaryImageOfPage\":{\"@id\":\"https:\/\/viafoura.com\/de\/ueber-uns\/karriere\/#primaryimage\"},\"image\":{\"@id\":\"https:\/\/viafoura.com\/de\/ueber-uns\/karriere\/#primaryimage\"},\"thumbnailUrl\":\"https:\/\/viafoura.com\/wp-content\/uploads\/2025\/07\/Viafoura-V-Variation-1-1024x896.png\",\"datePublished\":\"2025-06-18T18:05:56+00:00\",\"dateModified\":\"2025-07-25T22:24:18+00:00\",\"description\":\"Wir bei Viafoura ver\u00e4ndern die Art und Weise, wie sich das Publikum online verbindet, engagiert und erfolgreich ist. Unsere Plattform hilft Medien- und\",\"breadcrumb\":{\"@id\":\"https:\/\/viafoura.com\/de\/ueber-uns\/karriere\/#breadcrumb\"},\"inLanguage\":\"de-DE\",\"potentialAction\":[{\"@type\":\"ReadAction\",\"target\":[\"https:\/\/viafoura.com\/de\/ueber-uns\/karriere\/\"]}]},{\"@type\":\"ImageObject\",\"inLanguage\":\"de-DE\",\"@id\":\"https:\/\/viafoura.com\/de\/ueber-uns\/karriere\/#primaryimage\",\"url\":\"https:\/\/viafoura.com\/wp-content\/uploads\/2025\/07\/Viafoura-V-Variation-1-1024x896.png\",\"contentUrl\":\"https:\/\/viafoura.com\/wp-content\/uploads\/2025\/07\/Viafoura-V-Variation-1-1024x896.png\"},{\"@type\":\"BreadcrumbList\",\"@id\":\"https:\/\/viafoura.com\/de\/ueber-uns\/karriere\/#breadcrumb\",\"itemListElement\":[{\"@type\":\"ListItem\",\"position\":1,\"name\":\"Home\",\"item\":\"https:\/\/viafoura.com\/de\/startseite\/\"},{\"@type\":\"ListItem\",\"position\":2,\"name\":\"\u00dcber uns\",\"item\":\"https:\/\/viafoura.com\/de\/ueber-uns\/\"},{\"@type\":\"ListItem\",\"position\":3,\"name\":\"Karriere\"}]},{\"@type\":\"WebSite\",\"@id\":\"https:\/\/viafoura.com\/de\/#website\",\"url\":\"https:\/\/viafoura.com\/de\/\",\"name\":\"Viafoura\",\"description\":\"\",\"publisher\":{\"@id\":\"https:\/\/viafoura.com\/de\/#organization\"},\"potentialAction\":[{\"@type\":\"SearchAction\",\"target\":{\"@type\":\"EntryPoint\",\"urlTemplate\":\"https:\/\/viafoura.com\/de\/?s={search_term_string}\"},\"query-input\":{\"@type\":\"PropertyValueSpecification\",\"valueRequired\":true,\"valueName\":\"search_term_string\"}}],\"inLanguage\":\"de-DE\"},{\"@type\":\"Organization\",\"@id\":\"https:\/\/viafoura.com\/de\/#organization\",\"name\":\"Viafoura\",\"url\":\"https:\/\/viafoura.com\/de\/\",\"logo\":{\"@type\":\"ImageObject\",\"inLanguage\":\"de-DE\",\"@id\":\"https:\/\/viafoura.com\/de\/#\/schema\/logo\/image\/\",\"url\":\"https:\/\/viafoura.com\/wp-content\/uploads\/2025\/06\/Main-logo.svg\",\"contentUrl\":\"https:\/\/viafoura.com\/wp-content\/uploads\/2025\/06\/Main-logo.svg\",\"width\":1920,\"height\":383,\"caption\":\"Viafoura\"},\"image\":{\"@id\":\"https:\/\/viafoura.com\/de\/#\/schema\/logo\/image\/\"},\"sameAs\":[\"https:\/\/www.facebook.com\/viafoura\/\",\"https:\/\/x.com\/viafoura\",\"https:\/\/www.linkedin.com\/company\/viafoura\/\"]}]}<\/script>\n<!-- \/ Yoast SEO plugin. -->","yoast_head_json":{"title":"Viafoura | Karriere","description":"Wir bei Viafoura ver\u00e4ndern die Art und Weise, wie sich das Publikum online verbindet, engagiert und erfolgreich ist. Unsere Plattform hilft Medien- und","robots":{"index":"index","follow":"follow","max-snippet":"max-snippet:-1","max-image-preview":"max-image-preview:large","max-video-preview":"max-video-preview:-1"},"canonical":"https:\/\/viafoura.com\/de\/ueber-uns\/karriere\/","og_locale":"de_DE","og_type":"article","og_title":"Viafoura | Karriere","og_description":"Wir bei Viafoura ver\u00e4ndern die Art und Weise, wie sich das Publikum online verbindet, engagiert und erfolgreich ist. Unsere Plattform hilft Medien- und","og_url":"https:\/\/viafoura.com\/de\/ueber-uns\/karriere\/","og_site_name":"Viafoura","article_publisher":"https:\/\/www.facebook.com\/viafoura\/","article_modified_time":"2025-07-25T22:24:18+00:00","og_image":[{"url":"https:\/\/viafoura.com\/wp-content\/uploads\/2025\/07\/Viafoura-V-Variation-1-1024x896.png","type":"","width":"","height":""}],"twitter_card":"summary_large_image","twitter_site":"@viafoura","twitter_misc":{"Gesch\u00e4tzte Lesezeit":"1 Minute"},"schema":{"@context":"https:\/\/schema.org","@graph":[{"@type":"WebPage","@id":"https:\/\/viafoura.com\/de\/ueber-uns\/karriere\/","url":"https:\/\/viafoura.com\/de\/ueber-uns\/karriere\/","name":"Viafoura | Karriere","isPartOf":{"@id":"https:\/\/viafoura.com\/de\/#website"},"primaryImageOfPage":{"@id":"https:\/\/viafoura.com\/de\/ueber-uns\/karriere\/#primaryimage"},"image":{"@id":"https:\/\/viafoura.com\/de\/ueber-uns\/karriere\/#primaryimage"},"thumbnailUrl":"https:\/\/viafoura.com\/wp-content\/uploads\/2025\/07\/Viafoura-V-Variation-1-1024x896.png","datePublished":"2025-06-18T18:05:56+00:00","dateModified":"2025-07-25T22:24:18+00:00","description":"Wir bei Viafoura ver\u00e4ndern die Art und Weise, wie sich das Publikum online verbindet, engagiert und erfolgreich ist. Unsere Plattform hilft Medien- und","breadcrumb":{"@id":"https:\/\/viafoura.com\/de\/ueber-uns\/karriere\/#breadcrumb"},"inLanguage":"de-DE","potentialAction":[{"@type":"ReadAction","target":["https:\/\/viafoura.com\/de\/ueber-uns\/karriere\/"]}]},{"@type":"ImageObject","inLanguage":"de-DE","@id":"https:\/\/viafoura.com\/de\/ueber-uns\/karriere\/#primaryimage","url":"https:\/\/viafoura.com\/wp-content\/uploads\/2025\/07\/Viafoura-V-Variation-1-1024x896.png","contentUrl":"https:\/\/viafoura.com\/wp-content\/uploads\/2025\/07\/Viafoura-V-Variation-1-1024x896.png"},{"@type":"BreadcrumbList","@id":"https:\/\/viafoura.com\/de\/ueber-uns\/karriere\/#breadcrumb","itemListElement":[{"@type":"ListItem","position":1,"name":"Home","item":"https:\/\/viafoura.com\/de\/startseite\/"},{"@type":"ListItem","position":2,"name":"\u00dcber uns","item":"https:\/\/viafoura.com\/de\/ueber-uns\/"},{"@type":"ListItem","position":3,"name":"Karriere"}]},{"@type":"WebSite","@id":"https:\/\/viafoura.com\/de\/#website","url":"https:\/\/viafoura.com\/de\/","name":"Viafoura","description":"","publisher":{"@id":"https:\/\/viafoura.com\/de\/#organization"},"potentialAction":[{"@type":"SearchAction","target":{"@type":"EntryPoint","urlTemplate":"https:\/\/viafoura.com\/de\/?s={search_term_string}"},"query-input":{"@type":"PropertyValueSpecification","valueRequired":true,"valueName":"search_term_string"}}],"inLanguage":"de-DE"},{"@type":"Organization","@id":"https:\/\/viafoura.com\/de\/#organization","name":"Viafoura","url":"https:\/\/viafoura.com\/de\/","logo":{"@type":"ImageObject","inLanguage":"de-DE","@id":"https:\/\/viafoura.com\/de\/#\/schema\/logo\/image\/","url":"https:\/\/viafoura.com\/wp-content\/uploads\/2025\/06\/Main-logo.svg","contentUrl":"https:\/\/viafoura.com\/wp-content\/uploads\/2025\/06\/Main-logo.svg","width":1920,"height":383,"caption":"Viafoura"},"image":{"@id":"https:\/\/viafoura.com\/de\/#\/schema\/logo\/image\/"},"sameAs":["https:\/\/www.facebook.com\/viafoura\/","https:\/\/x.com\/viafoura","https:\/\/www.linkedin.com\/company\/viafoura\/"]}]}},"_links":{"self":[{"href":"https:\/\/viafoura.com\/de\/wp-json\/wp\/v2\/pages\/14758","targetHints":{"allow":["GET"]}}],"collection":[{"href":"https:\/\/viafoura.com\/de\/wp-json\/wp\/v2\/pages"}],"about":[{"href":"https:\/\/viafoura.com\/de\/wp-json\/wp\/v2\/types\/page"}],"author":[{"embeddable":true,"href":"https:\/\/viafoura.com\/de\/wp-json\/wp\/v2\/users\/1"}],"replies":[{"embeddable":true,"href":"https:\/\/viafoura.com\/de\/wp-json\/wp\/v2\/comments?post=14758"}],"version-history":[{"count":0,"href":"https:\/\/viafoura.com\/de\/wp-json\/wp\/v2\/pages\/14758\/revisions"}],"up":[{"embeddable":true,"href":"https:\/\/viafoura.com\/de\/wp-json\/wp\/v2\/pages\/14864"}],"wp:attachment":[{"href":"https:\/\/viafoura.com\/de\/wp-json\/wp\/v2\/media?parent=14758"}],"curies":[{"name":"wp","href":"https:\/\/api.w.org\/{rel}","templated":true}]}}