{"id":14795,"date":"2025-06-18T18:01:46","date_gmt":"2025-06-18T18:01:46","guid":{"rendered":"https:\/\/viafoura-2025.eclipse-dev.com\/anmerkungen-zur-veroeffentlichung\/"},"modified":"2025-08-13T16:43:54","modified_gmt":"2025-08-13T16:43:54","slug":"anmerkungen-zur-veroeffentlichung","status":"publish","type":"page","link":"https:\/\/viafoura.com\/de\/ressourcen\/anmerkungen-zur-veroeffentlichung\/","title":{"rendered":"Anmerkungen zur Ver\u00f6ffentlichung"},"content":{"rendered":"\n<div class=\"wp-block-cover alignfull\"><img decoding=\"async\" width=\"1024\" height=\"896\" class=\"wp-block-cover__image-background wp-image-4022 size-large\" alt=\"\" src=\"https:\/\/viafoura.com\/wp-content\/uploads\/2025\/07\/Viafoura-V-Variation-1-1024x896.png\" style=\"object-position:49% 0%\" data-object-fit=\"cover\" data-object-position=\"49% 0%\" srcset=\"https:\/\/viafoura.com\/wp-content\/uploads\/2025\/07\/Viafoura-V-Variation-1-1024x896.png 1024w, https:\/\/viafoura.com\/wp-content\/uploads\/2025\/07\/Viafoura-V-Variation-1-300x263.png 300w, https:\/\/viafoura.com\/wp-content\/uploads\/2025\/07\/Viafoura-V-Variation-1-768x672.png 768w, https:\/\/viafoura.com\/wp-content\/uploads\/2025\/07\/Viafoura-V-Variation-1-1536x1345.png 1536w, https:\/\/viafoura.com\/wp-content\/uploads\/2025\/07\/Viafoura-V-Variation-1-2048x1793.png 2048w\" sizes=\"(max-width: 1024px) 100vw, 1024px\" \/><span aria-hidden=\"true\" class=\"wp-block-cover__background has-background-dim-0 has-background-dim\" style=\"background-color:#7e8376\"><\/span><div class=\"wp-block-cover__inner-container is-layout-constrained wp-block-cover-is-layout-constrained\"><h1 class=\"wp-block-post-title\">Anmerkungen zur Ver\u00f6ffentlichung<\/h1><\/div><\/div>\n\n\n  <div class=\"post-teasers-block  align wp-block-acf-faceted-teasers-block\">\n  \n\n        <div class=\"results-count\">\n              <p><span class=\"number-of-results\">20<\/span> Ergebnisse.<\/p>\n                <!-- <p>No results found.<\/p> -->\n          <\/div>\n    <div class=\"facetwp-template\">\n\n\n      \n                  <div class=\"grid\">\n          \n                        <div class=\"g-col-12 g-col-md-6 g-col-lg-4\">\n              \n              \n<div class=\"teaser teaser--release-note teaser-grid\" id=\"post-16016\">\n  <a href=\"https:\/\/viafoura.com\/de\/release-note\/mai-2025\/\">\n    <div class=\"post_content\">\n              <div class=\"post-categories\">\n          <span class=\"post-category\">Fehlerbehebung<\/span>        <\/div>\n            <h3 class=\"teaser--title\">Mai 2025      <\/h3>\n      <div class=\"teaser--excerpt mb-3\">\n        Die Version vom Mai 2025 konzentriert sich auf die Verbesserung der Stabilit\u00e4t der Plattform, eine schnellere Leistung der Kommentar-Threads und&#8230;      <\/div>\n      <div class=\"teaser--post-meta post-meta\">\n                <p class=\"post-date\">6.25.2025<\/p>\n      <\/div>\n    <\/div>\n  <\/a>\n<\/div>                            <\/div>\n                                    <div class=\"g-col-12 g-col-md-6 g-col-lg-4\">\n              \n              \n<div class=\"teaser teaser--release-note teaser-grid\" id=\"post-16015\">\n  <a href=\"https:\/\/viafoura.com\/de\/release-note\/april-2025\/\">\n    <div class=\"post_content\">\n              <div class=\"post-categories\">\n          <span class=\"post-category\">Neue Funktionen<\/span>        <\/div>\n            <h3 class=\"teaser--title\">April 2025      <\/h3>\n      <div class=\"teaser--excerpt mb-3\">\n        Die Version vom April 2025 enth\u00e4lt neue Funktionen zur Verbesserung der Leistung und des Brandings sowie gezielte Fehlerkorrekturen zur Verbesserung&#8230;      <\/div>\n      <div class=\"teaser--post-meta post-meta\">\n                <p class=\"post-date\">6.8.2025<\/p>\n      <\/div>\n    <\/div>\n  <\/a>\n<\/div>                            <\/div>\n                                    <div class=\"g-col-12 g-col-md-6 g-col-lg-4\">\n              \n              \n<div class=\"teaser teaser--release-note teaser-grid\" id=\"post-16002\">\n  <a href=\"https:\/\/viafoura.com\/de\/release-note\/maerz-2025\/\">\n    <div class=\"post_content\">\n              <div class=\"post-categories\">\n          <span class=\"post-category\">Neue Funktionen<\/span>        <\/div>\n            <h3 class=\"teaser--title\">M\u00e4rz 2025      <\/h3>\n      <div class=\"teaser--excerpt mb-3\">\n        Die Version M\u00e4rz 2025 enth\u00e4lt mehrere Fehlerkorrekturen, wie z.B. die Behebung von Problemen beim Laden von Anzeigen unter der Komponente&#8230;      <\/div>\n      <div class=\"teaser--post-meta post-meta\">\n                <p class=\"post-date\">5.1.2025<\/p>\n      <\/div>\n    <\/div>\n  <\/a>\n<\/div>                            <\/div>\n                                    <div class=\"g-col-12 g-col-md-6 g-col-lg-4\">\n              \n              \n<div class=\"teaser teaser--release-note teaser-grid\" id=\"post-16001\">\n  <a href=\"https:\/\/viafoura.com\/de\/release-note\/januar-2025\/\">\n    <div class=\"post_content\">\n              <div class=\"post-categories\">\n          <span class=\"post-category\">Neue Funktionen<\/span>        <\/div>\n            <h3 class=\"teaser--title\">Januar 2025      <\/h3>\n      <div class=\"teaser--excerpt mb-3\">\n        Die neueste Version enth\u00e4lt mehrere Fehlerkorrekturen, wie z.B. die Behebung des Problems, bei dem die Schaltfl\u00e4che &#8222;Weitere Kommentare laden&#8220; bei&#8230;      <\/div>\n      <div class=\"teaser--post-meta post-meta\">\n                <p class=\"post-date\">2.23.2025<\/p>\n      <\/div>\n    <\/div>\n  <\/a>\n<\/div>                            <\/div>\n                                    <div class=\"g-col-12 g-col-md-6 g-col-lg-4\">\n              \n              \n<div class=\"teaser teaser--release-note teaser-grid\" id=\"post-15998\">\n  <a href=\"https:\/\/viafoura.com\/de\/release-note\/dezember-2024\/\">\n    <div class=\"post_content\">\n              <div class=\"post-categories\">\n          <span class=\"post-category\">Neue Funktionen<\/span>        <\/div>\n            <h3 class=\"teaser--title\">Dezember 2024      <\/h3>\n      <div class=\"teaser--excerpt mb-3\">\n        Bevor wir den Code am 13. Dezember 2024 einfrieren, enth\u00e4lt die Dezember-Version einige Verbesserungen, wie z.B. die M\u00f6glichkeit, Antworten auf&#8230;      <\/div>\n      <div class=\"teaser--post-meta post-meta\">\n                <p class=\"post-date\">1.22.2025<\/p>\n      <\/div>\n    <\/div>\n  <\/a>\n<\/div>                            <\/div>\n                                    <div class=\"g-col-12 g-col-md-6 g-col-lg-4\">\n              \n              \n<div class=\"teaser teaser--release-note teaser-grid\" id=\"post-15987\">\n  <a href=\"https:\/\/viafoura.com\/de\/release-note\/november-2024\/\">\n    <div class=\"post_content\">\n              <div class=\"post-categories\">\n          <span class=\"post-category\">Neue Funktionen<\/span>        <\/div>\n            <h3 class=\"teaser--title\">November 2024      <\/h3>\n      <div class=\"teaser--excerpt mb-3\">\n        Das neueste Viafoura-Update enth\u00e4lt mehrere Verbesserungen und Fehlerbehebungen. Administratoren k\u00f6nnen jetzt die Standardl\u00e4nge der Kommentarvorschau anpassen, und Live-Blog-Posts haben eine&#8230;      <\/div>\n      <div class=\"teaser--post-meta post-meta\">\n                <p class=\"post-date\">1.13.2025<\/p>\n      <\/div>\n    <\/div>\n  <\/a>\n<\/div>                            <\/div>\n                                    <div class=\"g-col-12 g-col-md-6 g-col-lg-4\">\n              \n              \n<div class=\"teaser teaser--release-note teaser-grid\" id=\"post-15985\">\n  <a href=\"https:\/\/viafoura.com\/de\/release-note\/oktober-2024\/\">\n    <div class=\"post_content\">\n              <div class=\"post-categories\">\n          <span class=\"post-category\">Neue Funktionen<\/span>        <\/div>\n            <h3 class=\"teaser--title\">Oktober 2024      <\/h3>\n      <div class=\"teaser--excerpt mb-3\">\n        Der Oktober bringt ein neues Update, das die Leistung und Benutzerfreundlichkeit unserer Plattform in mehrfacher Hinsicht verbessert. Wir haben das&#8230;      <\/div>\n      <div class=\"teaser--post-meta post-meta\">\n                <p class=\"post-date\">1.13.2025<\/p>\n      <\/div>\n    <\/div>\n  <\/a>\n<\/div>                            <\/div>\n                                    <div class=\"g-col-12 g-col-md-6 g-col-lg-4\">\n              \n              \n<div class=\"teaser teaser--release-note teaser-grid\" id=\"post-15973\">\n  <a href=\"https:\/\/viafoura.com\/de\/release-note\/september-2024\/\">\n    <div class=\"post_content\">\n              <div class=\"post-categories\">\n          <span class=\"post-category\">Neue Funktionen<\/span>        <\/div>\n            <h3 class=\"teaser--title\">September 2024      <\/h3>\n      <div class=\"teaser--excerpt mb-3\">\n        Die Updates vom September bringen eine Reihe von Verbesserungen f\u00fcr Viafoura. Wir haben das Laden von Skeletten f\u00fcr Komponenten in&#8230;      <\/div>\n      <div class=\"teaser--post-meta post-meta\">\n                <p class=\"post-date\">10.24.2024<\/p>\n      <\/div>\n    <\/div>\n  <\/a>\n<\/div>                            <\/div>\n                                    <div class=\"g-col-12 g-col-md-6 g-col-lg-4\">\n              \n              \n<div class=\"teaser teaser--release-note teaser-grid\" id=\"post-15971\">\n  <a href=\"https:\/\/viafoura.com\/de\/release-note\/august-2024\/\">\n    <div class=\"post_content\">\n              <div class=\"post-categories\">\n          <span class=\"post-category\">Neue Funktionen<\/span>        <\/div>\n            <h3 class=\"teaser--title\">August 2024      <\/h3>\n      <div class=\"teaser--excerpt mb-3\">\n        Im August freuen wir uns, Ihnen neue Funktionen und Verbesserungen vorstellen zu k\u00f6nnen, die Ihr Viafoura-Erlebnis verbessern. Zu den Highlights&#8230;      <\/div>\n      <div class=\"teaser--post-meta post-meta\">\n                <p class=\"post-date\">9.25.2024<\/p>\n      <\/div>\n    <\/div>\n  <\/a>\n<\/div>                            <\/div>\n                                    <div class=\"g-col-12 g-col-md-6 g-col-lg-4\">\n              \n              \n<div class=\"teaser teaser--release-note teaser-grid\" id=\"post-15968\">\n  <a href=\"https:\/\/viafoura.com\/de\/release-note\/juli-2024\/\">\n    <div class=\"post_content\">\n              <div class=\"post-categories\">\n          <span class=\"post-category\">Neue Funktionen<\/span>        <\/div>\n            <h3 class=\"teaser--title\">Juli 2024      <\/h3>\n      <div class=\"teaser--excerpt mb-3\">\n        Im Juli haben wir wichtige Updates vorgenommen, um Ihr Viafoura-Erlebnis zu verbessern. Zu unseren Verbesserungen geh\u00f6ren eine verbesserte Leistung des&#8230;      <\/div>\n      <div class=\"teaser--post-meta post-meta\">\n                <p class=\"post-date\">8.14.2024<\/p>\n      <\/div>\n    <\/div>\n  <\/a>\n<\/div>                            <\/div>\n                                    <div class=\"g-col-12 g-col-md-6 g-col-lg-4\">\n              \n              \n<div class=\"teaser teaser--release-note teaser-grid\" id=\"post-15956\">\n  <a href=\"https:\/\/viafoura.com\/de\/release-note\/juni-2024\/\">\n    <div class=\"post_content\">\n              <div class=\"post-categories\">\n          <span class=\"post-category\">Fehlerbehebung<\/span>        <\/div>\n            <h3 class=\"teaser--title\">Juni 2024      <\/h3>\n      <div class=\"teaser--excerpt mb-3\">\n        Im Juni haben wir uns darauf konzentriert, das Viafoura-Erlebnis zu verbessern, indem wir mehrere Fehler behoben haben. Wir haben Probleme&#8230;      <\/div>\n      <div class=\"teaser--post-meta post-meta\">\n                <p class=\"post-date\">8.13.2024<\/p>\n      <\/div>\n    <\/div>\n  <\/a>\n<\/div>                            <\/div>\n                                    <div class=\"g-col-12 g-col-md-6 g-col-lg-4\">\n              \n              \n<div class=\"teaser teaser--release-note teaser-grid\" id=\"post-15955\">\n  <a href=\"https:\/\/viafoura.com\/de\/release-note\/mai-2024\/\">\n    <div class=\"post_content\">\n              <div class=\"post-categories\">\n          <span class=\"post-category\">Fehlerbehebung<\/span>        <\/div>\n            <h3 class=\"teaser--title\">Mai 2024      <\/h3>\n      <div class=\"teaser--excerpt mb-3\">\n        Im Mai haben wir wichtige Fehlerbehebungen vorgenommen, um das SDK und die Benutzeroberfl\u00e4che der App zu verbessern und das Viafoura-Erlebnis&#8230;      <\/div>\n      <div class=\"teaser--post-meta post-meta\">\n                <p class=\"post-date\">5.30.2024<\/p>\n      <\/div>\n    <\/div>\n  <\/a>\n<\/div>                            <\/div>\n                                <\/div>\n      \n    <\/div>\n                <div class=\"facetwp-facet facetwp-facet-pager_load_more facetwp-type-pager\" data-name=\"pager_load_more\" data-type=\"pager\"><\/div>            <\/div>\n\n    ","protected":false},"excerpt":{"rendered":"","protected":false},"author":1,"featured_media":0,"parent":14826,"menu_order":0,"comment_status":"closed","ping_status":"closed","template":"","meta":{"_acf_changed":false,"footnotes":""},"class_list":["post-14795","page","type-page","status-publish","hentry"],"acf":[],"yoast_head":"<!-- This site is optimized with the Yoast SEO plugin v27.2 - https:\/\/yoast.com\/product\/yoast-seo-wordpress\/ -->\n<title>Viafoura | Anmerkungen zur Ver\u00f6ffentlichung<\/title>\n<meta name=\"robots\" content=\"index, follow, max-snippet:-1, max-image-preview:large, max-video-preview:-1\" \/>\n<link rel=\"canonical\" href=\"https:\/\/viafoura.com\/de\/ressourcen\/anmerkungen-zur-veroeffentlichung\/\" \/>\n<meta property=\"og:locale\" content=\"de_DE\" \/>\n<meta property=\"og:type\" content=\"article\" \/>\n<meta property=\"og:title\" content=\"Viafoura | Anmerkungen zur Ver\u00f6ffentlichung\" \/>\n<meta property=\"og:url\" content=\"https:\/\/viafoura.com\/de\/ressourcen\/anmerkungen-zur-veroeffentlichung\/\" \/>\n<meta property=\"og:site_name\" content=\"Viafoura\" \/>\n<meta property=\"article:publisher\" content=\"https:\/\/www.facebook.com\/viafoura\/\" \/>\n<meta property=\"article:modified_time\" content=\"2025-08-13T16:43:54+00:00\" \/>\n<meta property=\"og:image\" content=\"https:\/\/viafoura.com\/wp-content\/uploads\/2025\/07\/Viafoura-V-Variation-1-1024x896.png\" \/>\n<meta name=\"twitter:card\" content=\"summary_large_image\" \/>\n<meta name=\"twitter:site\" content=\"@viafoura\" \/>\n<script type=\"application\/ld+json\" class=\"yoast-schema-graph\">{\"@context\":\"https:\/\/schema.org\",\"@graph\":[{\"@type\":\"WebPage\",\"@id\":\"https:\/\/viafoura.com\/de\/ressourcen\/anmerkungen-zur-veroeffentlichung\/\",\"url\":\"https:\/\/viafoura.com\/de\/ressourcen\/anmerkungen-zur-veroeffentlichung\/\",\"name\":\"Viafoura | Anmerkungen zur Ver\u00f6ffentlichung\",\"isPartOf\":{\"@id\":\"https:\/\/viafoura.com\/de\/#website\"},\"primaryImageOfPage\":{\"@id\":\"https:\/\/viafoura.com\/de\/ressourcen\/anmerkungen-zur-veroeffentlichung\/#primaryimage\"},\"image\":{\"@id\":\"https:\/\/viafoura.com\/de\/ressourcen\/anmerkungen-zur-veroeffentlichung\/#primaryimage\"},\"thumbnailUrl\":\"https:\/\/viafoura.com\/wp-content\/uploads\/2025\/07\/Viafoura-V-Variation-1-1024x896.png\",\"datePublished\":\"2025-06-18T18:01:46+00:00\",\"dateModified\":\"2025-08-13T16:43:54+00:00\",\"breadcrumb\":{\"@id\":\"https:\/\/viafoura.com\/de\/ressourcen\/anmerkungen-zur-veroeffentlichung\/#breadcrumb\"},\"inLanguage\":\"de-DE\",\"potentialAction\":[{\"@type\":\"ReadAction\",\"target\":[\"https:\/\/viafoura.com\/de\/ressourcen\/anmerkungen-zur-veroeffentlichung\/\"]}]},{\"@type\":\"ImageObject\",\"inLanguage\":\"de-DE\",\"@id\":\"https:\/\/viafoura.com\/de\/ressourcen\/anmerkungen-zur-veroeffentlichung\/#primaryimage\",\"url\":\"https:\/\/viafoura.com\/wp-content\/uploads\/2025\/07\/Viafoura-V-Variation-1-1024x896.png\",\"contentUrl\":\"https:\/\/viafoura.com\/wp-content\/uploads\/2025\/07\/Viafoura-V-Variation-1-1024x896.png\"},{\"@type\":\"BreadcrumbList\",\"@id\":\"https:\/\/viafoura.com\/de\/ressourcen\/anmerkungen-zur-veroeffentlichung\/#breadcrumb\",\"itemListElement\":[{\"@type\":\"ListItem\",\"position\":1,\"name\":\"Home\",\"item\":\"https:\/\/viafoura.com\/de\/startseite\/\"},{\"@type\":\"ListItem\",\"position\":2,\"name\":\"Ressourcen\",\"item\":\"https:\/\/viafoura.com\/de\/ressourcen\/\"},{\"@type\":\"ListItem\",\"position\":3,\"name\":\"Anmerkungen zur Ver\u00f6ffentlichung\"}]},{\"@type\":\"WebSite\",\"@id\":\"https:\/\/viafoura.com\/de\/#website\",\"url\":\"https:\/\/viafoura.com\/de\/\",\"name\":\"Viafoura\",\"description\":\"\",\"publisher\":{\"@id\":\"https:\/\/viafoura.com\/de\/#organization\"},\"potentialAction\":[{\"@type\":\"SearchAction\",\"target\":{\"@type\":\"EntryPoint\",\"urlTemplate\":\"https:\/\/viafoura.com\/de\/?s={search_term_string}\"},\"query-input\":{\"@type\":\"PropertyValueSpecification\",\"valueRequired\":true,\"valueName\":\"search_term_string\"}}],\"inLanguage\":\"de-DE\"},{\"@type\":\"Organization\",\"@id\":\"https:\/\/viafoura.com\/de\/#organization\",\"name\":\"Viafoura\",\"url\":\"https:\/\/viafoura.com\/de\/\",\"logo\":{\"@type\":\"ImageObject\",\"inLanguage\":\"de-DE\",\"@id\":\"https:\/\/viafoura.com\/de\/#\/schema\/logo\/image\/\",\"url\":\"https:\/\/viafoura.com\/wp-content\/uploads\/2025\/06\/Main-logo.svg\",\"contentUrl\":\"https:\/\/viafoura.com\/wp-content\/uploads\/2025\/06\/Main-logo.svg\",\"width\":1920,\"height\":383,\"caption\":\"Viafoura\"},\"image\":{\"@id\":\"https:\/\/viafoura.com\/de\/#\/schema\/logo\/image\/\"},\"sameAs\":[\"https:\/\/www.facebook.com\/viafoura\/\",\"https:\/\/x.com\/viafoura\",\"https:\/\/www.linkedin.com\/company\/viafoura\/\"]}]}<\/script>\n<!-- \/ Yoast SEO plugin. -->","yoast_head_json":{"title":"Viafoura | Anmerkungen zur Ver\u00f6ffentlichung","robots":{"index":"index","follow":"follow","max-snippet":"max-snippet:-1","max-image-preview":"max-image-preview:large","max-video-preview":"max-video-preview:-1"},"canonical":"https:\/\/viafoura.com\/de\/ressourcen\/anmerkungen-zur-veroeffentlichung\/","og_locale":"de_DE","og_type":"article","og_title":"Viafoura | Anmerkungen zur Ver\u00f6ffentlichung","og_url":"https:\/\/viafoura.com\/de\/ressourcen\/anmerkungen-zur-veroeffentlichung\/","og_site_name":"Viafoura","article_publisher":"https:\/\/www.facebook.com\/viafoura\/","article_modified_time":"2025-08-13T16:43:54+00:00","og_image":[{"url":"https:\/\/viafoura.com\/wp-content\/uploads\/2025\/07\/Viafoura-V-Variation-1-1024x896.png","type":"","width":"","height":""}],"twitter_card":"summary_large_image","twitter_site":"@viafoura","schema":{"@context":"https:\/\/schema.org","@graph":[{"@type":"WebPage","@id":"https:\/\/viafoura.com\/de\/ressourcen\/anmerkungen-zur-veroeffentlichung\/","url":"https:\/\/viafoura.com\/de\/ressourcen\/anmerkungen-zur-veroeffentlichung\/","name":"Viafoura | Anmerkungen zur Ver\u00f6ffentlichung","isPartOf":{"@id":"https:\/\/viafoura.com\/de\/#website"},"primaryImageOfPage":{"@id":"https:\/\/viafoura.com\/de\/ressourcen\/anmerkungen-zur-veroeffentlichung\/#primaryimage"},"image":{"@id":"https:\/\/viafoura.com\/de\/ressourcen\/anmerkungen-zur-veroeffentlichung\/#primaryimage"},"thumbnailUrl":"https:\/\/viafoura.com\/wp-content\/uploads\/2025\/07\/Viafoura-V-Variation-1-1024x896.png","datePublished":"2025-06-18T18:01:46+00:00","dateModified":"2025-08-13T16:43:54+00:00","breadcrumb":{"@id":"https:\/\/viafoura.com\/de\/ressourcen\/anmerkungen-zur-veroeffentlichung\/#breadcrumb"},"inLanguage":"de-DE","potentialAction":[{"@type":"ReadAction","target":["https:\/\/viafoura.com\/de\/ressourcen\/anmerkungen-zur-veroeffentlichung\/"]}]},{"@type":"ImageObject","inLanguage":"de-DE","@id":"https:\/\/viafoura.com\/de\/ressourcen\/anmerkungen-zur-veroeffentlichung\/#primaryimage","url":"https:\/\/viafoura.com\/wp-content\/uploads\/2025\/07\/Viafoura-V-Variation-1-1024x896.png","contentUrl":"https:\/\/viafoura.com\/wp-content\/uploads\/2025\/07\/Viafoura-V-Variation-1-1024x896.png"},{"@type":"BreadcrumbList","@id":"https:\/\/viafoura.com\/de\/ressourcen\/anmerkungen-zur-veroeffentlichung\/#breadcrumb","itemListElement":[{"@type":"ListItem","position":1,"name":"Home","item":"https:\/\/viafoura.com\/de\/startseite\/"},{"@type":"ListItem","position":2,"name":"Ressourcen","item":"https:\/\/viafoura.com\/de\/ressourcen\/"},{"@type":"ListItem","position":3,"name":"Anmerkungen zur Ver\u00f6ffentlichung"}]},{"@type":"WebSite","@id":"https:\/\/viafoura.com\/de\/#website","url":"https:\/\/viafoura.com\/de\/","name":"Viafoura","description":"","publisher":{"@id":"https:\/\/viafoura.com\/de\/#organization"},"potentialAction":[{"@type":"SearchAction","target":{"@type":"EntryPoint","urlTemplate":"https:\/\/viafoura.com\/de\/?s={search_term_string}"},"query-input":{"@type":"PropertyValueSpecification","valueRequired":true,"valueName":"search_term_string"}}],"inLanguage":"de-DE"},{"@type":"Organization","@id":"https:\/\/viafoura.com\/de\/#organization","name":"Viafoura","url":"https:\/\/viafoura.com\/de\/","logo":{"@type":"ImageObject","inLanguage":"de-DE","@id":"https:\/\/viafoura.com\/de\/#\/schema\/logo\/image\/","url":"https:\/\/viafoura.com\/wp-content\/uploads\/2025\/06\/Main-logo.svg","contentUrl":"https:\/\/viafoura.com\/wp-content\/uploads\/2025\/06\/Main-logo.svg","width":1920,"height":383,"caption":"Viafoura"},"image":{"@id":"https:\/\/viafoura.com\/de\/#\/schema\/logo\/image\/"},"sameAs":["https:\/\/www.facebook.com\/viafoura\/","https:\/\/x.com\/viafoura","https:\/\/www.linkedin.com\/company\/viafoura\/"]}]}},"_links":{"self":[{"href":"https:\/\/viafoura.com\/de\/wp-json\/wp\/v2\/pages\/14795","targetHints":{"allow":["GET"]}}],"collection":[{"href":"https:\/\/viafoura.com\/de\/wp-json\/wp\/v2\/pages"}],"about":[{"href":"https:\/\/viafoura.com\/de\/wp-json\/wp\/v2\/types\/page"}],"author":[{"embeddable":true,"href":"https:\/\/viafoura.com\/de\/wp-json\/wp\/v2\/users\/1"}],"replies":[{"embeddable":true,"href":"https:\/\/viafoura.com\/de\/wp-json\/wp\/v2\/comments?post=14795"}],"version-history":[{"count":0,"href":"https:\/\/viafoura.com\/de\/wp-json\/wp\/v2\/pages\/14795\/revisions"}],"up":[{"embeddable":true,"href":"https:\/\/viafoura.com\/de\/wp-json\/wp\/v2\/pages\/14826"}],"wp:attachment":[{"href":"https:\/\/viafoura.com\/de\/wp-json\/wp\/v2\/media?parent=14795"}],"curies":[{"name":"wp","href":"https:\/\/api.w.org\/{rel}","templated":true}]}}