{"id":14780,"date":"2025-06-18T18:01:46","date_gmt":"2025-06-18T18:01:46","guid":{"rendered":"https:\/\/viafoura-2025.eclipse-dev.com\/notas-de-publicacion\/"},"modified":"2025-08-13T16:43:53","modified_gmt":"2025-08-13T16:43:53","slug":"notas-de-publicacion","status":"publish","type":"page","link":"https:\/\/viafoura.com\/es\/recursos\/notas-de-publicacion\/","title":{"rendered":"Notas de publicaci\u00f3n"},"content":{"rendered":"\n<div class=\"wp-block-cover alignfull\"><img decoding=\"async\" width=\"1024\" height=\"896\" class=\"wp-block-cover__image-background wp-image-4022 size-large\" alt=\"\" src=\"https:\/\/viafoura.com\/wp-content\/uploads\/2025\/07\/Viafoura-V-Variation-1-1024x896.png\" style=\"object-position:49% 0%\" data-object-fit=\"cover\" data-object-position=\"49% 0%\" srcset=\"https:\/\/viafoura.com\/wp-content\/uploads\/2025\/07\/Viafoura-V-Variation-1-1024x896.png 1024w, https:\/\/viafoura.com\/wp-content\/uploads\/2025\/07\/Viafoura-V-Variation-1-300x263.png 300w, https:\/\/viafoura.com\/wp-content\/uploads\/2025\/07\/Viafoura-V-Variation-1-768x672.png 768w, https:\/\/viafoura.com\/wp-content\/uploads\/2025\/07\/Viafoura-V-Variation-1-1536x1345.png 1536w, https:\/\/viafoura.com\/wp-content\/uploads\/2025\/07\/Viafoura-V-Variation-1-2048x1793.png 2048w\" sizes=\"(max-width: 1024px) 100vw, 1024px\" \/><span aria-hidden=\"true\" class=\"wp-block-cover__background has-background-dim-0 has-background-dim\" style=\"background-color:#7e8376\"><\/span><div class=\"wp-block-cover__inner-container is-layout-constrained wp-block-cover-is-layout-constrained\"><h1 class=\"wp-block-post-title\">Notas de publicaci\u00f3n<\/h1><\/div><\/div>\n\n\n  <div class=\"post-teasers-block  align wp-block-acf-faceted-teasers-block\">\n  \n\n        <div class=\"results-count\">\n              <p><span class=\"number-of-results\">20<\/span> Resultados.<\/p>\n                <!-- <p>No results found.<\/p> -->\n          <\/div>\n    <div class=\"facetwp-template\">\n\n\n      \n                  <div class=\"grid\">\n          \n                        <div class=\"g-col-12 g-col-md-6 g-col-lg-4\">\n              \n              \n<div class=\"teaser teaser--release-note teaser-grid\" id=\"post-16019\">\n  <a href=\"https:\/\/viafoura.com\/es\/release-note\/mayo-de-2025\/\">\n    <div class=\"post_content\">\n              <div class=\"post-categories\">\n          <span class=\"post-category\">Correcci\u00f3n de errores<\/span>        <\/div>\n            <h3 class=\"teaser--title\">Mayo de 2025      <\/h3>\n      <div class=\"teaser--excerpt mb-3\">\n        La versi\u00f3n de mayo de 2025 se centra en mejorar la estabilidad de la plataforma, acelerar el rendimiento de los&#8230;      <\/div>\n      <div class=\"teaser--post-meta post-meta\">\n                <p class=\"post-date\">6.25.2025<\/p>\n      <\/div>\n    <\/div>\n  <\/a>\n<\/div>                            <\/div>\n                                    <div class=\"g-col-12 g-col-md-6 g-col-lg-4\">\n              \n              \n<div class=\"teaser teaser--release-note teaser-grid\" id=\"post-16006\">\n  <a href=\"https:\/\/viafoura.com\/es\/release-note\/abril-2025\/\">\n    <div class=\"post_content\">\n              <div class=\"post-categories\">\n          <span class=\"post-category\">Nuevas funciones<\/span>        <\/div>\n            <h3 class=\"teaser--title\">Abril 2025      <\/h3>\n      <div class=\"teaser--excerpt mb-3\">\n        La versi\u00f3n de abril de 2025 introduce nuevas funciones para mejorar el rendimiento y la marca, junto con correcciones de&#8230;      <\/div>\n      <div class=\"teaser--post-meta post-meta\">\n                <p class=\"post-date\">6.8.2025<\/p>\n      <\/div>\n    <\/div>\n  <\/a>\n<\/div>                            <\/div>\n                                    <div class=\"g-col-12 g-col-md-6 g-col-lg-4\">\n              \n              \n<div class=\"teaser teaser--release-note teaser-grid\" id=\"post-16005\">\n  <a href=\"https:\/\/viafoura.com\/es\/release-note\/marzo-2025\/\">\n    <div class=\"post_content\">\n              <div class=\"post-categories\">\n          <span class=\"post-category\">Nuevas funciones<\/span>        <\/div>\n            <h3 class=\"teaser--title\">Marzo 2025      <\/h3>\n      <div class=\"teaser--excerpt mb-3\">\n        La versi\u00f3n de marzo de 2025 incluye varias correcciones de errores, como la resoluci\u00f3n de problemas de carga de anuncios&#8230;      <\/div>\n      <div class=\"teaser--post-meta post-meta\">\n                <p class=\"post-date\">5.1.2025<\/p>\n      <\/div>\n    <\/div>\n  <\/a>\n<\/div>                            <\/div>\n                                    <div class=\"g-col-12 g-col-md-6 g-col-lg-4\">\n              \n              \n<div class=\"teaser teaser--release-note teaser-grid\" id=\"post-15993\">\n  <a href=\"https:\/\/viafoura.com\/es\/release-note\/enero-de-2025\/\">\n    <div class=\"post_content\">\n              <div class=\"post-categories\">\n          <span class=\"post-category\">Nuevas funciones<\/span>        <\/div>\n            <h3 class=\"teaser--title\">Enero de 2025      <\/h3>\n      <div class=\"teaser--excerpt mb-3\">\n        La \u00faltima versi\u00f3n incluye varias correcciones de errores, como la resoluci\u00f3n del problema por el que el bot\u00f3n \u00abCargar m\u00e1s&#8230;      <\/div>\n      <div class=\"teaser--post-meta post-meta\">\n                <p class=\"post-date\">2.23.2025<\/p>\n      <\/div>\n    <\/div>\n  <\/a>\n<\/div>                            <\/div>\n                                    <div class=\"g-col-12 g-col-md-6 g-col-lg-4\">\n              \n              \n<div class=\"teaser teaser--release-note teaser-grid\" id=\"post-15990\">\n  <a href=\"https:\/\/viafoura.com\/es\/release-note\/diciembre-de-2024\/\">\n    <div class=\"post_content\">\n              <div class=\"post-categories\">\n          <span class=\"post-category\">Nuevas funciones<\/span>        <\/div>\n            <h3 class=\"teaser--title\">Diciembre de 2024      <\/h3>\n      <div class=\"teaser--excerpt mb-3\">\n        Antes de nuestra congelaci\u00f3n de c\u00f3digo por vacaciones, el 13 de diciembre de 2024, la versi\u00f3n de diciembre incluye varias&#8230;      <\/div>\n      <div class=\"teaser--post-meta post-meta\">\n                <p class=\"post-date\">1.22.2025<\/p>\n      <\/div>\n    <\/div>\n  <\/a>\n<\/div>                            <\/div>\n                                    <div class=\"g-col-12 g-col-md-6 g-col-lg-4\">\n              \n              \n<div class=\"teaser teaser--release-note teaser-grid\" id=\"post-15989\">\n  <a href=\"https:\/\/viafoura.com\/es\/release-note\/noviembre-de-2024\/\">\n    <div class=\"post_content\">\n              <div class=\"post-categories\">\n          <span class=\"post-category\">Nuevas funciones<\/span>        <\/div>\n            <h3 class=\"teaser--title\">Noviembre de 2024      <\/h3>\n      <div class=\"teaser--excerpt mb-3\">\n        La \u00faltima actualizaci\u00f3n de Viafoura introduce varias mejoras y correcciones de errores. Ahora los administradores pueden personalizar la longitud predeterminada&#8230;      <\/div>\n      <div class=\"teaser--post-meta post-meta\">\n                <p class=\"post-date\">1.13.2025<\/p>\n      <\/div>\n    <\/div>\n  <\/a>\n<\/div>                            <\/div>\n                                    <div class=\"g-col-12 g-col-md-6 g-col-lg-4\">\n              \n              \n<div class=\"teaser teaser--release-note teaser-grid\" id=\"post-15977\">\n  <a href=\"https:\/\/viafoura.com\/es\/release-note\/octubre-de-2024\/\">\n    <div class=\"post_content\">\n              <div class=\"post-categories\">\n          <span class=\"post-category\">Nuevas funciones<\/span>        <\/div>\n            <h3 class=\"teaser--title\">Octubre de 2024      <\/h3>\n      <div class=\"teaser--excerpt mb-3\">\n        Octubre trae una nueva actualizaci\u00f3n que mejora el rendimiento y la usabilidad de nuestra plataforma de varias maneras. Hemos acelerado&#8230;      <\/div>\n      <div class=\"teaser--post-meta post-meta\">\n                <p class=\"post-date\">1.13.2025<\/p>\n      <\/div>\n    <\/div>\n  <\/a>\n<\/div>                            <\/div>\n                                    <div class=\"g-col-12 g-col-md-6 g-col-lg-4\">\n              \n              \n<div class=\"teaser teaser--release-note teaser-grid\" id=\"post-15975\">\n  <a href=\"https:\/\/viafoura.com\/es\/release-note\/septiembre-de-2024\/\">\n    <div class=\"post_content\">\n              <div class=\"post-categories\">\n          <span class=\"post-category\">Nuevas funciones<\/span>        <\/div>\n            <h3 class=\"teaser--title\">Septiembre de 2024      <\/h3>\n      <div class=\"teaser--excerpt mb-3\">\n        Las actualizaciones de septiembre aportan una serie de mejoras a Viafoura. Hemos introducido la carga de esqueletos para los componentes&#8230;      <\/div>\n      <div class=\"teaser--post-meta post-meta\">\n                <p class=\"post-date\">10.24.2024<\/p>\n      <\/div>\n    <\/div>\n  <\/a>\n<\/div>                            <\/div>\n                                    <div class=\"g-col-12 g-col-md-6 g-col-lg-4\">\n              \n              \n<div class=\"teaser teaser--release-note teaser-grid\" id=\"post-15962\">\n  <a href=\"https:\/\/viafoura.com\/es\/release-note\/agosto-de-2024\/\">\n    <div class=\"post_content\">\n              <div class=\"post-categories\">\n          <span class=\"post-category\">Nuevas funciones<\/span>        <\/div>\n            <h3 class=\"teaser--title\">Agosto de 2024      <\/h3>\n      <div class=\"teaser--excerpt mb-3\">\n        En agosto, nos complace presentar nuevas funciones y mejoras para mejorar tu experiencia con Viafoura. Lo m\u00e1s destacado de este&#8230;      <\/div>\n      <div class=\"teaser--post-meta post-meta\">\n                <p class=\"post-date\">9.25.2024<\/p>\n      <\/div>\n    <\/div>\n  <\/a>\n<\/div>                            <\/div>\n                                    <div class=\"g-col-12 g-col-md-6 g-col-lg-4\">\n              \n              \n<div class=\"teaser teaser--release-note teaser-grid\" id=\"post-15960\">\n  <a href=\"https:\/\/viafoura.com\/es\/release-note\/julio-de-2024\/\">\n    <div class=\"post_content\">\n              <div class=\"post-categories\">\n          <span class=\"post-category\">Nuevas funciones<\/span>        <\/div>\n            <h3 class=\"teaser--title\">Julio de 2024      <\/h3>\n      <div class=\"teaser--excerpt mb-3\">\n        En julio, hemos realizado importantes actualizaciones para mejorar tu experiencia en Viafoura. Nuestras mejoras incluyen un mayor rendimiento del panel&#8230;      <\/div>\n      <div class=\"teaser--post-meta post-meta\">\n                <p class=\"post-date\">8.14.2024<\/p>\n      <\/div>\n    <\/div>\n  <\/a>\n<\/div>                            <\/div>\n                                    <div class=\"g-col-12 g-col-md-6 g-col-lg-4\">\n              \n              \n<div class=\"teaser teaser--release-note teaser-grid\" id=\"post-15959\">\n  <a href=\"https:\/\/viafoura.com\/es\/release-note\/junio-de-2024\/\">\n    <div class=\"post_content\">\n              <div class=\"post-categories\">\n          <span class=\"post-category\">Correcci\u00f3n de errores<\/span>        <\/div>\n            <h3 class=\"teaser--title\">Junio de 2024      <\/h3>\n      <div class=\"teaser--excerpt mb-3\">\n        Este mes de junio, nos hemos centrado en mejorar la experiencia de Viafoura solucionando varios errores. Arreglamos problemas que causaban&#8230;      <\/div>\n      <div class=\"teaser--post-meta post-meta\">\n                <p class=\"post-date\">8.13.2024<\/p>\n      <\/div>\n    <\/div>\n  <\/a>\n<\/div>                            <\/div>\n                                    <div class=\"g-col-12 g-col-md-6 g-col-lg-4\">\n              \n              \n<div class=\"teaser teaser--release-note teaser-grid\" id=\"post-15946\">\n  <a href=\"https:\/\/viafoura.com\/es\/release-note\/mayo-de-2024\/\">\n    <div class=\"post_content\">\n              <div class=\"post-categories\">\n          <span class=\"post-category\">Correcci\u00f3n de errores<\/span>        <\/div>\n            <h3 class=\"teaser--title\">Mayo de 2024      <\/h3>\n      <div class=\"teaser--excerpt mb-3\">\n        Este mes de mayo, hemos introducido importantes correcciones de errores para mejorar el SDK y la interfaz de usuario de&#8230;      <\/div>\n      <div class=\"teaser--post-meta post-meta\">\n                <p class=\"post-date\">5.30.2024<\/p>\n      <\/div>\n    <\/div>\n  <\/a>\n<\/div>                            <\/div>\n                                <\/div>\n      \n    <\/div>\n                <div class=\"facetwp-facet facetwp-facet-pager_load_more facetwp-type-pager\" data-name=\"pager_load_more\" data-type=\"pager\"><\/div>            <\/div>\n\n    ","protected":false},"excerpt":{"rendered":"","protected":false},"author":1,"featured_media":0,"parent":14810,"menu_order":0,"comment_status":"closed","ping_status":"closed","template":"","meta":{"_acf_changed":false,"footnotes":""},"class_list":["post-14780","page","type-page","status-publish","hentry"],"acf":[],"yoast_head":"<!-- This site is optimized with the Yoast SEO plugin v27.2 - https:\/\/yoast.com\/product\/yoast-seo-wordpress\/ -->\n<title>Viafoura | Notas de publicaci\u00f3n<\/title>\n<meta name=\"robots\" content=\"index, follow, max-snippet:-1, max-image-preview:large, max-video-preview:-1\" \/>\n<link rel=\"canonical\" href=\"https:\/\/viafoura.com\/es\/recursos\/notas-de-publicacion\/\" \/>\n<meta property=\"og:locale\" content=\"es_ES\" \/>\n<meta property=\"og:type\" content=\"article\" \/>\n<meta property=\"og:title\" content=\"Viafoura | Notas de publicaci\u00f3n\" \/>\n<meta property=\"og:url\" content=\"https:\/\/viafoura.com\/es\/recursos\/notas-de-publicacion\/\" \/>\n<meta property=\"og:site_name\" content=\"Viafoura\" \/>\n<meta property=\"article:publisher\" content=\"https:\/\/www.facebook.com\/viafoura\/\" \/>\n<meta property=\"article:modified_time\" content=\"2025-08-13T16:43:53+00:00\" \/>\n<meta property=\"og:image\" content=\"https:\/\/viafoura.com\/wp-content\/uploads\/2025\/07\/Viafoura-V-Variation-1-1024x896.png\" \/>\n<meta name=\"twitter:card\" content=\"summary_large_image\" \/>\n<meta name=\"twitter:site\" content=\"@viafoura\" \/>\n<script type=\"application\/ld+json\" class=\"yoast-schema-graph\">{\"@context\":\"https:\/\/schema.org\",\"@graph\":[{\"@type\":\"WebPage\",\"@id\":\"https:\/\/viafoura.com\/es\/recursos\/notas-de-publicacion\/\",\"url\":\"https:\/\/viafoura.com\/es\/recursos\/notas-de-publicacion\/\",\"name\":\"Viafoura | Notas de publicaci\u00f3n\",\"isPartOf\":{\"@id\":\"https:\/\/viafoura.com\/es\/#website\"},\"primaryImageOfPage\":{\"@id\":\"https:\/\/viafoura.com\/es\/recursos\/notas-de-publicacion\/#primaryimage\"},\"image\":{\"@id\":\"https:\/\/viafoura.com\/es\/recursos\/notas-de-publicacion\/#primaryimage\"},\"thumbnailUrl\":\"https:\/\/viafoura.com\/wp-content\/uploads\/2025\/07\/Viafoura-V-Variation-1-1024x896.png\",\"datePublished\":\"2025-06-18T18:01:46+00:00\",\"dateModified\":\"2025-08-13T16:43:53+00:00\",\"breadcrumb\":{\"@id\":\"https:\/\/viafoura.com\/es\/recursos\/notas-de-publicacion\/#breadcrumb\"},\"inLanguage\":\"es\",\"potentialAction\":[{\"@type\":\"ReadAction\",\"target\":[\"https:\/\/viafoura.com\/es\/recursos\/notas-de-publicacion\/\"]}]},{\"@type\":\"ImageObject\",\"inLanguage\":\"es\",\"@id\":\"https:\/\/viafoura.com\/es\/recursos\/notas-de-publicacion\/#primaryimage\",\"url\":\"https:\/\/viafoura.com\/wp-content\/uploads\/2025\/07\/Viafoura-V-Variation-1-1024x896.png\",\"contentUrl\":\"https:\/\/viafoura.com\/wp-content\/uploads\/2025\/07\/Viafoura-V-Variation-1-1024x896.png\"},{\"@type\":\"BreadcrumbList\",\"@id\":\"https:\/\/viafoura.com\/es\/recursos\/notas-de-publicacion\/#breadcrumb\",\"itemListElement\":[{\"@type\":\"ListItem\",\"position\":1,\"name\":\"Home\",\"item\":\"https:\/\/viafoura.com\/es\/inicio\/\"},{\"@type\":\"ListItem\",\"position\":2,\"name\":\"Recursos\",\"item\":\"https:\/\/viafoura.com\/es\/recursos\/\"},{\"@type\":\"ListItem\",\"position\":3,\"name\":\"Notas de publicaci\u00f3n\"}]},{\"@type\":\"WebSite\",\"@id\":\"https:\/\/viafoura.com\/es\/#website\",\"url\":\"https:\/\/viafoura.com\/es\/\",\"name\":\"Viafoura\",\"description\":\"\",\"publisher\":{\"@id\":\"https:\/\/viafoura.com\/es\/#organization\"},\"potentialAction\":[{\"@type\":\"SearchAction\",\"target\":{\"@type\":\"EntryPoint\",\"urlTemplate\":\"https:\/\/viafoura.com\/es\/?s={search_term_string}\"},\"query-input\":{\"@type\":\"PropertyValueSpecification\",\"valueRequired\":true,\"valueName\":\"search_term_string\"}}],\"inLanguage\":\"es\"},{\"@type\":\"Organization\",\"@id\":\"https:\/\/viafoura.com\/es\/#organization\",\"name\":\"Viafoura\",\"url\":\"https:\/\/viafoura.com\/es\/\",\"logo\":{\"@type\":\"ImageObject\",\"inLanguage\":\"es\",\"@id\":\"https:\/\/viafoura.com\/es\/#\/schema\/logo\/image\/\",\"url\":\"https:\/\/viafoura.com\/wp-content\/uploads\/2025\/06\/Main-logo.svg\",\"contentUrl\":\"https:\/\/viafoura.com\/wp-content\/uploads\/2025\/06\/Main-logo.svg\",\"width\":1920,\"height\":383,\"caption\":\"Viafoura\"},\"image\":{\"@id\":\"https:\/\/viafoura.com\/es\/#\/schema\/logo\/image\/\"},\"sameAs\":[\"https:\/\/www.facebook.com\/viafoura\/\",\"https:\/\/x.com\/viafoura\",\"https:\/\/www.linkedin.com\/company\/viafoura\/\"]}]}<\/script>\n<!-- \/ Yoast SEO plugin. -->","yoast_head_json":{"title":"Viafoura | Notas de publicaci\u00f3n","robots":{"index":"index","follow":"follow","max-snippet":"max-snippet:-1","max-image-preview":"max-image-preview:large","max-video-preview":"max-video-preview:-1"},"canonical":"https:\/\/viafoura.com\/es\/recursos\/notas-de-publicacion\/","og_locale":"es_ES","og_type":"article","og_title":"Viafoura | Notas de publicaci\u00f3n","og_url":"https:\/\/viafoura.com\/es\/recursos\/notas-de-publicacion\/","og_site_name":"Viafoura","article_publisher":"https:\/\/www.facebook.com\/viafoura\/","article_modified_time":"2025-08-13T16:43:53+00:00","og_image":[{"url":"https:\/\/viafoura.com\/wp-content\/uploads\/2025\/07\/Viafoura-V-Variation-1-1024x896.png","type":"","width":"","height":""}],"twitter_card":"summary_large_image","twitter_site":"@viafoura","schema":{"@context":"https:\/\/schema.org","@graph":[{"@type":"WebPage","@id":"https:\/\/viafoura.com\/es\/recursos\/notas-de-publicacion\/","url":"https:\/\/viafoura.com\/es\/recursos\/notas-de-publicacion\/","name":"Viafoura | Notas de publicaci\u00f3n","isPartOf":{"@id":"https:\/\/viafoura.com\/es\/#website"},"primaryImageOfPage":{"@id":"https:\/\/viafoura.com\/es\/recursos\/notas-de-publicacion\/#primaryimage"},"image":{"@id":"https:\/\/viafoura.com\/es\/recursos\/notas-de-publicacion\/#primaryimage"},"thumbnailUrl":"https:\/\/viafoura.com\/wp-content\/uploads\/2025\/07\/Viafoura-V-Variation-1-1024x896.png","datePublished":"2025-06-18T18:01:46+00:00","dateModified":"2025-08-13T16:43:53+00:00","breadcrumb":{"@id":"https:\/\/viafoura.com\/es\/recursos\/notas-de-publicacion\/#breadcrumb"},"inLanguage":"es","potentialAction":[{"@type":"ReadAction","target":["https:\/\/viafoura.com\/es\/recursos\/notas-de-publicacion\/"]}]},{"@type":"ImageObject","inLanguage":"es","@id":"https:\/\/viafoura.com\/es\/recursos\/notas-de-publicacion\/#primaryimage","url":"https:\/\/viafoura.com\/wp-content\/uploads\/2025\/07\/Viafoura-V-Variation-1-1024x896.png","contentUrl":"https:\/\/viafoura.com\/wp-content\/uploads\/2025\/07\/Viafoura-V-Variation-1-1024x896.png"},{"@type":"BreadcrumbList","@id":"https:\/\/viafoura.com\/es\/recursos\/notas-de-publicacion\/#breadcrumb","itemListElement":[{"@type":"ListItem","position":1,"name":"Home","item":"https:\/\/viafoura.com\/es\/inicio\/"},{"@type":"ListItem","position":2,"name":"Recursos","item":"https:\/\/viafoura.com\/es\/recursos\/"},{"@type":"ListItem","position":3,"name":"Notas de publicaci\u00f3n"}]},{"@type":"WebSite","@id":"https:\/\/viafoura.com\/es\/#website","url":"https:\/\/viafoura.com\/es\/","name":"Viafoura","description":"","publisher":{"@id":"https:\/\/viafoura.com\/es\/#organization"},"potentialAction":[{"@type":"SearchAction","target":{"@type":"EntryPoint","urlTemplate":"https:\/\/viafoura.com\/es\/?s={search_term_string}"},"query-input":{"@type":"PropertyValueSpecification","valueRequired":true,"valueName":"search_term_string"}}],"inLanguage":"es"},{"@type":"Organization","@id":"https:\/\/viafoura.com\/es\/#organization","name":"Viafoura","url":"https:\/\/viafoura.com\/es\/","logo":{"@type":"ImageObject","inLanguage":"es","@id":"https:\/\/viafoura.com\/es\/#\/schema\/logo\/image\/","url":"https:\/\/viafoura.com\/wp-content\/uploads\/2025\/06\/Main-logo.svg","contentUrl":"https:\/\/viafoura.com\/wp-content\/uploads\/2025\/06\/Main-logo.svg","width":1920,"height":383,"caption":"Viafoura"},"image":{"@id":"https:\/\/viafoura.com\/es\/#\/schema\/logo\/image\/"},"sameAs":["https:\/\/www.facebook.com\/viafoura\/","https:\/\/x.com\/viafoura","https:\/\/www.linkedin.com\/company\/viafoura\/"]}]}},"_links":{"self":[{"href":"https:\/\/viafoura.com\/es\/wp-json\/wp\/v2\/pages\/14780","targetHints":{"allow":["GET"]}}],"collection":[{"href":"https:\/\/viafoura.com\/es\/wp-json\/wp\/v2\/pages"}],"about":[{"href":"https:\/\/viafoura.com\/es\/wp-json\/wp\/v2\/types\/page"}],"author":[{"embeddable":true,"href":"https:\/\/viafoura.com\/es\/wp-json\/wp\/v2\/users\/1"}],"replies":[{"embeddable":true,"href":"https:\/\/viafoura.com\/es\/wp-json\/wp\/v2\/comments?post=14780"}],"version-history":[{"count":0,"href":"https:\/\/viafoura.com\/es\/wp-json\/wp\/v2\/pages\/14780\/revisions"}],"up":[{"embeddable":true,"href":"https:\/\/viafoura.com\/es\/wp-json\/wp\/v2\/pages\/14810"}],"wp:attachment":[{"href":"https:\/\/viafoura.com\/es\/wp-json\/wp\/v2\/media?parent=14780"}],"curies":[{"name":"wp","href":"https:\/\/api.w.org\/{rel}","templated":true}]}}