{"id":14704,"date":"2025-06-17T22:16:31","date_gmt":"2025-06-17T22:16:31","guid":{"rendered":"https:\/\/viafoura-2025.eclipse-dev.com\/personalizacao\/"},"modified":"2025-08-12T18:28:45","modified_gmt":"2025-08-12T18:28:45","slug":"personalizacao","status":"publish","type":"page","link":"https:\/\/viafoura.com\/pt-br\/solucoes\/personalizacao\/","title":{"rendered":"Personaliza\u00e7\u00e3o"},"content":{"rendered":"\n<div class=\"wp-block-columns home-hero is-layout-flex wp-container-core-columns-is-layout-b8e64976 wp-block-columns-is-layout-flex\" style=\"margin-top:var(--wp--preset--spacing--80)\">\n<div class=\"wp-block-column is-layout-flow wp-block-column-is-layout-flow\">\n<h1 class=\"wp-block-heading\" style=\"margin-bottom:var(--wp--preset--spacing--50)\"><strong><strong><strong><strong>Experi\u00eancias personalizadas. Conex\u00f5es mais profundas.   <\/strong><\/strong><\/strong><\/strong><\/h1>\n\n\n\n<p class=\"has-large-font-size\">Ofere\u00e7a conte\u00fado adaptado e experi\u00eancias personalizadas que aumentam o envolvimento e a fidelidade.<\/p>\n<\/div>\n\n\n\n<div class=\"wp-block-column is-vertically-aligned-center is-layout-flow wp-block-column-is-layout-flow\">\n<figure class=\"wp-block-image aligncenter size-full\"><img decoding=\"async\" width=\"1999\" height=\"1105\" src=\"https:\/\/viafoura.com\/wp-content\/uploads\/2025\/07\/image1-2.png\" alt=\"\" class=\"wp-image-3675\" style=\"object-fit:cover\" srcset=\"https:\/\/viafoura.com\/wp-content\/uploads\/2025\/07\/image1-2.png 1999w, https:\/\/viafoura.com\/wp-content\/uploads\/2025\/07\/image1-2-300x166.png 300w, https:\/\/viafoura.com\/wp-content\/uploads\/2025\/07\/image1-2-1024x566.png 1024w, https:\/\/viafoura.com\/wp-content\/uploads\/2025\/07\/image1-2-768x425.png 768w, https:\/\/viafoura.com\/wp-content\/uploads\/2025\/07\/image1-2-1536x849.png 1536w\" sizes=\"(max-width: 1999px) 100vw, 1999px\" \/><\/figure>\n<\/div>\n<\/div>\n\n<hr class=\"wp-block-separator has-alpha-channel-opacity\"\/>\n\n<div class=\"wp-block-group is-layout-constrained wp-container-core-group-is-layout-5ecce0ca wp-block-group-is-layout-constrained\" style=\"margin-top:73px;margin-bottom:73px\">\n<h2 class=\"wp-block-heading has-text-align-center\" style=\"margin-bottom:var(--wp--preset--spacing--70)\"><strong>O mecanismo de personaliza\u00e7\u00e3o do Viafoura<\/strong><\/h2>\n\n\n\n<div class=\"wp-block-group grid-without-gutters-two is-layout-constrained wp-block-group-is-layout-constrained\">\n<div class=\"wp-block-group has-eggplant-background-color has-background is-layout-grid wp-container-core-group-is-layout-988b637e wp-block-group-is-layout-grid\">\n<div class=\"wp-block-group item-1 is-layout-constrained wp-block-group-is-layout-constrained\">\n<figure class=\"wp-block-image aligncenter size-full is-resized\"><img decoding=\"async\" width=\"1200\" height=\"1200\" src=\"https:\/\/viafoura.com\/wp-content\/uploads\/2025\/07\/noun-social-media-feed-7366482-1.svg\" alt=\"\" class=\"wp-image-3939\" style=\"width:70px;height:auto\"\/><\/figure>\n\n\n\n<p class=\"has-text-align-center has-light-grey-color has-text-color has-link-color has-large-font-size wp-elements-71a0cbe39573c28d815888e91dc0587b\">Feed personalizado e seguidores personalizados<\/p>\n\n\n\n<p class=\"has-light-grey-color has-text-color has-link-color wp-elements-d3a613e33ef090f09f642b9ccdd9f9e4\">De recomenda\u00e7\u00f5es personalizadas de conte\u00fado a acompanhamento de t\u00f3picos e autores, o feed no local do Viafoura mostra o que \u00e9 mais importante para cada indiv\u00edduo, aumentando as visualiza\u00e7\u00f5es de p\u00e1gina, a profundidade da sess\u00e3o e as visitas de retorno.<\/p>\n<\/div>\n\n\n\n<div class=\"wp-block-group item-2 is-layout-constrained wp-block-group-is-layout-constrained\">\n<figure class=\"wp-block-image aligncenter size-full is-resized\"><img decoding=\"async\" width=\"1000\" height=\"894\" src=\"https:\/\/viafoura.com\/wp-content\/uploads\/2025\/07\/notification-thicker.png\" alt=\"\" class=\"wp-image-15832\" style=\"width:70px\" srcset=\"https:\/\/viafoura.com\/wp-content\/uploads\/2025\/07\/notification-thicker.png 1000w, https:\/\/viafoura.com\/wp-content\/uploads\/2025\/07\/notification-thicker-300x268.png 300w, https:\/\/viafoura.com\/wp-content\/uploads\/2025\/07\/notification-thicker-768x687.png 768w\" sizes=\"(max-width: 1000px) 100vw, 1000px\" \/><\/figure>\n\n\n\n<p class=\"has-text-align-center has-light-grey-color has-text-color has-link-color has-large-font-size wp-elements-e187a2aeab2868200d19332ae4ca8e16\">Alertas e notifica\u00e7\u00f5es personalizados<\/p>\n\n\n\n<p class=\"has-light-grey-color has-text-color has-link-color wp-elements-cf37e90e1347e0c71f46a42fdada5fdb\">As notifica\u00e7\u00f5es personalizadas da comunidade criam h\u00e1bitos de usu\u00e1rio, visitas de retorno e promovem o envolvimento de longo prazo.<br\/><\/p>\n<\/div>\n\n\n\n<div class=\"wp-block-group item-3 is-layout-constrained wp-block-group-is-layout-constrained\">\n<figure class=\"wp-block-image aligncenter size-full is-resized\"><img decoding=\"async\" width=\"1180\" height=\"1161\" src=\"https:\/\/viafoura.com\/wp-content\/uploads\/2025\/07\/noun-omni-channel-4461010-2-1-thicker.png\" alt=\"\" class=\"wp-image-15822\" style=\"width:70px\" srcset=\"https:\/\/viafoura.com\/wp-content\/uploads\/2025\/07\/noun-omni-channel-4461010-2-1-thicker.png 1180w, https:\/\/viafoura.com\/wp-content\/uploads\/2025\/07\/noun-omni-channel-4461010-2-1-thicker-300x295.png 300w, https:\/\/viafoura.com\/wp-content\/uploads\/2025\/07\/noun-omni-channel-4461010-2-1-thicker-1024x1008.png 1024w, https:\/\/viafoura.com\/wp-content\/uploads\/2025\/07\/noun-omni-channel-4461010-2-1-thicker-768x756.png 768w\" sizes=\"(max-width: 1180px) 100vw, 1180px\" \/><\/figure>\n\n\n\n<p class=\"has-text-align-center has-light-grey-color has-text-color has-link-color has-large-font-size wp-elements-3a5b60a8829b007dc9b301660c444ac0\">Entrega de notifica\u00e7\u00f5es omnichannel<\/p>\n\n\n\n<p class=\"has-light-grey-color has-text-color has-link-color wp-elements-0b86fb380221a3b44f963d22a8a5c4a2\">Integre perfeitamente as notifica\u00e7\u00f5es da comunidade em seus pr\u00f3prios canais &#8211; web push, e-mail, no aplicativo, celular ou plataformas personalizadas &#8211; com o <a href=\"https:\/\/documentation.viafoura.com\/reference\/sendnotifications\"><strong>Notifications Webhook<\/strong><\/a> do Viafoura.<\/p>\n<\/div>\n<\/div>\n<\/div>\n<\/div>\n\n<h2 class=\"wp-block-heading has-text-align-center\"><strong>Criado para editores corporativos<\/strong><\/h2>\n\n<div class=\"wp-block-columns is-layout-flex wp-container-core-columns-is-layout-28f84493 wp-block-columns-is-layout-flex\">\n<div class=\"wp-block-column is-layout-flow wp-block-column-is-layout-flow\">\n<figure class=\"wp-block-image size-large\"><img decoding=\"async\" width=\"1024\" height=\"664\" src=\"https:\/\/viafoura.com\/wp-content\/uploads\/2025\/08\/iStock-2160194668-e1754516449245-1024x664.jpg\" alt=\"\" class=\"wp-image-16369\" srcset=\"https:\/\/viafoura.com\/wp-content\/uploads\/2025\/08\/iStock-2160194668-e1754516449245-1024x664.jpg 1024w, https:\/\/viafoura.com\/wp-content\/uploads\/2025\/08\/iStock-2160194668-e1754516449245-300x194.jpg 300w, https:\/\/viafoura.com\/wp-content\/uploads\/2025\/08\/iStock-2160194668-e1754516449245-768x498.jpg 768w, https:\/\/viafoura.com\/wp-content\/uploads\/2025\/08\/iStock-2160194668-e1754516449245.jpg 1117w\" sizes=\"(max-width: 1024px) 100vw, 1024px\" \/><\/figure>\n<\/div>\n\n\n\n<div class=\"wp-block-column is-layout-flow wp-block-column-is-layout-flow\">\n<p><\/p>\n\n\n\n<ul class=\"wp-block-list\">\n<li class=\"has-large-font-size\">Personaliza\u00e7\u00e3o baseada em comportamento no conte\u00fado e na comunidade<\/li>\n\n\n\n<li class=\"has-large-font-size\">Acionadores de engajamento em tempo real e de alto desempenho<\/li>\n\n\n\n<li class=\"has-large-font-size\">Integra\u00e7\u00e3o perfeita do webhook \u00e0s pilhas de martech existentes<\/li>\n\n\n\n<li class=\"has-large-font-size\">Escal\u00e1vel para milh\u00f5es de usu\u00e1rios e ecossistemas multimarcas<\/li>\n<\/ul>\n<\/div>\n<\/div>\n\n<p class=\"has-large-font-size\"><\/p>\n\n<div class=\"wp-block-group is-layout-constrained wp-block-group-is-layout-constrained\">\n<h2 class=\"wp-block-heading has-text-align-center\"><strong>A personaliza\u00e7\u00e3o gera resultados<\/strong><\/h2>\n<\/div>\n\n<div class=\"wp-block-group grey-grid is-layout-grid wp-container-core-group-is-layout-789ffd1b wp-block-group-is-layout-grid\" style=\"margin-top:var(--wp--preset--spacing--70);margin-bottom:var(--wp--preset--spacing--80)\">\n<div class=\"wp-block-group corners-rounded has-eggplant-background-color has-background is-layout-constrained wp-container-core-group-is-layout-2294234b wp-block-group-is-layout-constrained\" style=\"padding-top:var(--wp--preset--spacing--40);padding-right:var(--wp--preset--spacing--60);padding-bottom:var(--wp--preset--spacing--40);padding-left:var(--wp--preset--spacing--60)\">\n<div class=\"wp-block-columns is-layout-flex wp-container-core-columns-is-layout-28f84493 wp-block-columns-is-layout-flex\">\n<div class=\"wp-block-column text-column is-layout-flow wp-block-column-is-layout-flow\" style=\"flex-basis:66.66%\">\n<h2 class=\"wp-block-heading has-light-grey-color has-text-color has-link-color wp-elements-54bd2dd639bcb9412b3df87c009e95a5\">20X<\/h2>\n\n\n\n<h3 class=\"wp-block-heading has-ghost-white-color has-text-color has-link-color wp-elements-46d1de9d8ea526807f35d3428ced3be3\">Tempo no local<\/h3>\n<\/div>\n\n\n\n<div class=\"wp-block-column image-column is-layout-flow wp-block-column-is-layout-flow\" style=\"flex-basis:33.33%\">\n<figure class=\"wp-block-image aligncenter size-large is-resized\"><img decoding=\"async\" src=\"https:\/\/viafoura.com\/wp-content\/uploads\/2025\/06\/clock.svg\" alt=\"\" class=\"wp-image-3243\" style=\"width:50px\"\/><\/figure>\n<\/div>\n<\/div>\n\n\n\n<p class=\"has-light-grey-color has-text-color has-link-color wp-elements-9ff3b548e990f323d4bdd32242e8e190\">Os usu\u00e1rios registrados com perfis e notifica\u00e7\u00f5es personalizados passam mais tempo no site e retornam com mais frequ\u00eancia.  <\/p>\n<\/div>\n\n\n\n<div class=\"wp-block-group corners-rounded has-eggplant-background-color has-background is-layout-constrained wp-container-core-group-is-layout-2294234b wp-block-group-is-layout-constrained\" style=\"padding-top:var(--wp--preset--spacing--40);padding-right:var(--wp--preset--spacing--60);padding-bottom:var(--wp--preset--spacing--40);padding-left:var(--wp--preset--spacing--60)\">\n<div class=\"wp-block-columns is-layout-flex wp-container-core-columns-is-layout-28f84493 wp-block-columns-is-layout-flex\">\n<div class=\"wp-block-column text-column is-layout-flow wp-block-column-is-layout-flow\" style=\"flex-basis:66.66%\">\n<h2 class=\"wp-block-heading has-light-grey-color has-text-color has-link-color wp-elements-f2d49e32dac35fa10f2082fc1758eb6d\">10X<\/h2>\n\n\n\n<h3 class=\"wp-block-heading has-ghost-white-color has-text-color has-link-color wp-elements-3b8ba078a2175b4f48ad8652ff858c77\">CTR<\/h3>\n<\/div>\n\n\n\n<div class=\"wp-block-column image-column is-layout-flow wp-block-column-is-layout-flow\" style=\"flex-basis:33.33%\">\n<figure class=\"wp-block-image aligncenter size-full is-resized\"><img decoding=\"async\" width=\"167\" height=\"167\" src=\"https:\/\/viafoura.com\/wp-content\/uploads\/2025\/07\/ads_click_40dp_1F1F1F_FILL0_wght400_GRAD0_opsz40-white-1.png\" alt=\"\" class=\"wp-image-14938\" style=\"width:55px\" srcset=\"https:\/\/viafoura.com\/wp-content\/uploads\/2025\/07\/ads_click_40dp_1F1F1F_FILL0_wght400_GRAD0_opsz40-white-1.png 167w, https:\/\/viafoura.com\/wp-content\/uploads\/2025\/07\/ads_click_40dp_1F1F1F_FILL0_wght400_GRAD0_opsz40-white-1-150x150.png 150w\" sizes=\"(max-width: 167px) 100vw, 167px\" \/><\/figure>\n<\/div>\n<\/div>\n\n\n\n<p class=\"has-light-grey-color has-text-color has-link-color wp-elements-23452cc1555b7d2cfadc0f55501b09cc\">As notifica\u00e7\u00f5es personalizadas da comunidade geram taxas de cliques significativamente mais altas do que as notifica\u00e7\u00f5es gerais.<br\/><\/p>\n<\/div>\n\n\n\n<div class=\"wp-block-group corners-rounded has-eggplant-background-color has-background is-layout-constrained wp-container-core-group-is-layout-2294234b wp-block-group-is-layout-constrained\" style=\"padding-top:var(--wp--preset--spacing--40);padding-right:var(--wp--preset--spacing--60);padding-bottom:var(--wp--preset--spacing--40);padding-left:var(--wp--preset--spacing--60)\">\n<div class=\"wp-block-columns is-layout-flex wp-container-core-columns-is-layout-28f84493 wp-block-columns-is-layout-flex\">\n<div class=\"wp-block-column text-column is-layout-flow wp-block-column-is-layout-flow\" style=\"flex-basis:66.66%\">\n<h2 class=\"wp-block-heading has-light-grey-color has-text-color has-link-color wp-elements-cb431236b41ff681d0207bb00c57aaed\">3X<\/h2>\n\n\n\n<h3 class=\"wp-block-heading has-ghost-white-color has-text-color has-link-color wp-elements-69bbb5f9dcabae2e02e97c57216087c3\">Taxa de abertura<\/h3>\n<\/div>\n\n\n\n<div class=\"wp-block-column image-column is-layout-flow wp-block-column-is-layout-flow\" style=\"flex-basis:33.33%\">\n<figure class=\"wp-block-image aligncenter size-full is-resized\"><img decoding=\"async\" width=\"478\" height=\"504\" src=\"https:\/\/viafoura.com\/wp-content\/uploads\/2025\/07\/Vector-2.png\" alt=\"\" class=\"wp-image-4169\" style=\"width:50px\" srcset=\"https:\/\/viafoura.com\/wp-content\/uploads\/2025\/07\/Vector-2.png 478w, https:\/\/viafoura.com\/wp-content\/uploads\/2025\/07\/Vector-2-285x300.png 285w\" sizes=\"(max-width: 478px) 100vw, 478px\" \/><\/figure>\n<\/div>\n<\/div>\n\n\n\n<p class=\"has-light-grey-color has-text-color has-link-color wp-elements-3e6f23586c67d1a2ffb7ce18695bcdae\">As notifica\u00e7\u00f5es geradas pelo envolvimento da comunidade no local t\u00eam taxas de abertura e tempo de aten\u00e7\u00e3o mais altos.  <\/p>\n<\/div>\n\n\n\n<p class=\"has-large-font-size\"><\/p>\n<\/div>\n\n<div class=\"wp-block-group prefooter-cta is-layout-constrained wp-block-group-is-layout-constrained\">\n<div class=\"wp-block-buttons is-content-justification-center is-layout-flex wp-container-core-buttons-is-layout-a89b3969 wp-block-buttons-is-layout-flex\">\n<div class=\"wp-block-button is-style-default is-style-circle-arrow\"><a class=\"wp-block-button__link wp-element-button\" href=\"https:\/\/viafoura.com\/pt-br\/agende-uma-demonstracao\/\">Agende uma demonstra\u00e7\u00e3o<\/a><\/div>\n<\/div>\n<\/div>\n","protected":false},"excerpt":{"rendered":"<p>Experi\u00eancias personalizadas. Conex\u00f5es mais profundas. Ofere\u00e7a conte\u00fado adaptado e experi\u00eancias personalizadas que aumentam o envolvimento e a fidelidade. O mecanismo de personaliza\u00e7\u00e3o do Viafoura Feed personalizado e seguidores personalizados De recomenda\u00e7\u00f5es personalizadas de conte\u00fado a acompanhamento de t\u00f3picos e autores, o feed no local do Viafoura mostra o que \u00e9 mais importante para cada indiv\u00edduo, [&hellip;]<\/p>\n","protected":false},"author":1,"featured_media":0,"parent":14782,"menu_order":0,"comment_status":"closed","ping_status":"closed","template":"","meta":{"_acf_changed":false,"footnotes":""},"class_list":["post-14704","page","type-page","status-publish","hentry"],"acf":[],"yoast_head":"<!-- This site is optimized with the Yoast SEO plugin v27.2 - https:\/\/yoast.com\/product\/yoast-seo-wordpress\/ -->\n<title>Viafoura | Personaliza\u00e7\u00e3o<\/title>\n<meta name=\"description\" content=\"Experi\u00eancias personalizadas. Conex\u00f5es mais profundas. Ofere\u00e7a conte\u00fado adaptado e experi\u00eancias personalizadas que aumentam o envolvimento e a fidelidade.\" \/>\n<meta name=\"robots\" content=\"index, follow, max-snippet:-1, max-image-preview:large, max-video-preview:-1\" \/>\n<link rel=\"canonical\" href=\"https:\/\/viafoura.com\/pt-br\/solucoes\/personalizacao\/\" \/>\n<meta property=\"og:locale\" content=\"pt_BR\" \/>\n<meta property=\"og:type\" content=\"article\" \/>\n<meta property=\"og:title\" content=\"Viafoura | Personaliza\u00e7\u00e3o\" \/>\n<meta property=\"og:description\" content=\"Experi\u00eancias personalizadas. Conex\u00f5es mais profundas. Ofere\u00e7a conte\u00fado adaptado e experi\u00eancias personalizadas que aumentam o envolvimento e a fidelidade.\" \/>\n<meta property=\"og:url\" content=\"https:\/\/viafoura.com\/pt-br\/solucoes\/personalizacao\/\" \/>\n<meta property=\"og:site_name\" content=\"Viafoura\" \/>\n<meta property=\"article:publisher\" content=\"https:\/\/www.facebook.com\/viafoura\/\" \/>\n<meta property=\"article:modified_time\" content=\"2025-08-12T18:28:45+00:00\" \/>\n<meta property=\"og:image\" content=\"https:\/\/viafoura.com\/wp-content\/uploads\/2025\/07\/image1-2.png\" \/>\n<meta name=\"twitter:card\" content=\"summary_large_image\" \/>\n<meta name=\"twitter:site\" content=\"@viafoura\" \/>\n<meta name=\"twitter:label1\" content=\"Est. tempo de leitura\" \/>\n\t<meta name=\"twitter:data1\" content=\"1 minuto\" \/>\n<script type=\"application\/ld+json\" class=\"yoast-schema-graph\">{\"@context\":\"https:\/\/schema.org\",\"@graph\":[{\"@type\":\"WebPage\",\"@id\":\"https:\/\/viafoura.com\/pt-br\/solucoes\/personalizacao\/\",\"url\":\"https:\/\/viafoura.com\/pt-br\/solucoes\/personalizacao\/\",\"name\":\"Viafoura | Personaliza\u00e7\u00e3o\",\"isPartOf\":{\"@id\":\"https:\/\/viafoura.com\/pt-br\/#website\"},\"primaryImageOfPage\":{\"@id\":\"https:\/\/viafoura.com\/pt-br\/solucoes\/personalizacao\/#primaryimage\"},\"image\":{\"@id\":\"https:\/\/viafoura.com\/pt-br\/solucoes\/personalizacao\/#primaryimage\"},\"thumbnailUrl\":\"https:\/\/viafoura.com\/wp-content\/uploads\/2025\/07\/image1-2.png\",\"datePublished\":\"2025-06-17T22:16:31+00:00\",\"dateModified\":\"2025-08-12T18:28:45+00:00\",\"description\":\"Experi\u00eancias personalizadas. Conex\u00f5es mais profundas. Ofere\u00e7a conte\u00fado adaptado e experi\u00eancias personalizadas que aumentam o envolvimento e a fidelidade.\",\"breadcrumb\":{\"@id\":\"https:\/\/viafoura.com\/pt-br\/solucoes\/personalizacao\/#breadcrumb\"},\"inLanguage\":\"pt-BR\",\"potentialAction\":[{\"@type\":\"ReadAction\",\"target\":[\"https:\/\/viafoura.com\/pt-br\/solucoes\/personalizacao\/\"]}]},{\"@type\":\"ImageObject\",\"inLanguage\":\"pt-BR\",\"@id\":\"https:\/\/viafoura.com\/pt-br\/solucoes\/personalizacao\/#primaryimage\",\"url\":\"https:\/\/viafoura.com\/wp-content\/uploads\/2025\/07\/image1-2.png\",\"contentUrl\":\"https:\/\/viafoura.com\/wp-content\/uploads\/2025\/07\/image1-2.png\"},{\"@type\":\"BreadcrumbList\",\"@id\":\"https:\/\/viafoura.com\/pt-br\/solucoes\/personalizacao\/#breadcrumb\",\"itemListElement\":[{\"@type\":\"ListItem\",\"position\":1,\"name\":\"Home\",\"item\":\"https:\/\/viafoura.com\/pt-br\/inicio\/\"},{\"@type\":\"ListItem\",\"position\":2,\"name\":\"Solu\u00e7\u00f5es\",\"item\":\"https:\/\/viafoura.com\/pt-br\/solucoes\/\"},{\"@type\":\"ListItem\",\"position\":3,\"name\":\"Personaliza\u00e7\u00e3o\"}]},{\"@type\":\"WebSite\",\"@id\":\"https:\/\/viafoura.com\/pt-br\/#website\",\"url\":\"https:\/\/viafoura.com\/pt-br\/\",\"name\":\"Viafoura\",\"description\":\"\",\"publisher\":{\"@id\":\"https:\/\/viafoura.com\/pt-br\/#organization\"},\"potentialAction\":[{\"@type\":\"SearchAction\",\"target\":{\"@type\":\"EntryPoint\",\"urlTemplate\":\"https:\/\/viafoura.com\/pt-br\/?s={search_term_string}\"},\"query-input\":{\"@type\":\"PropertyValueSpecification\",\"valueRequired\":true,\"valueName\":\"search_term_string\"}}],\"inLanguage\":\"pt-BR\"},{\"@type\":\"Organization\",\"@id\":\"https:\/\/viafoura.com\/pt-br\/#organization\",\"name\":\"Viafoura\",\"url\":\"https:\/\/viafoura.com\/pt-br\/\",\"logo\":{\"@type\":\"ImageObject\",\"inLanguage\":\"pt-BR\",\"@id\":\"https:\/\/viafoura.com\/pt-br\/#\/schema\/logo\/image\/\",\"url\":\"https:\/\/viafoura.com\/wp-content\/uploads\/2025\/06\/Main-logo.svg\",\"contentUrl\":\"https:\/\/viafoura.com\/wp-content\/uploads\/2025\/06\/Main-logo.svg\",\"width\":1920,\"height\":383,\"caption\":\"Viafoura\"},\"image\":{\"@id\":\"https:\/\/viafoura.com\/pt-br\/#\/schema\/logo\/image\/\"},\"sameAs\":[\"https:\/\/www.facebook.com\/viafoura\/\",\"https:\/\/x.com\/viafoura\",\"https:\/\/www.linkedin.com\/company\/viafoura\/\"]}]}<\/script>\n<!-- \/ Yoast SEO plugin. -->","yoast_head_json":{"title":"Viafoura | Personaliza\u00e7\u00e3o","description":"Experi\u00eancias personalizadas. Conex\u00f5es mais profundas. Ofere\u00e7a conte\u00fado adaptado e experi\u00eancias personalizadas que aumentam o envolvimento e a fidelidade.","robots":{"index":"index","follow":"follow","max-snippet":"max-snippet:-1","max-image-preview":"max-image-preview:large","max-video-preview":"max-video-preview:-1"},"canonical":"https:\/\/viafoura.com\/pt-br\/solucoes\/personalizacao\/","og_locale":"pt_BR","og_type":"article","og_title":"Viafoura | Personaliza\u00e7\u00e3o","og_description":"Experi\u00eancias personalizadas. Conex\u00f5es mais profundas. Ofere\u00e7a conte\u00fado adaptado e experi\u00eancias personalizadas que aumentam o envolvimento e a fidelidade.","og_url":"https:\/\/viafoura.com\/pt-br\/solucoes\/personalizacao\/","og_site_name":"Viafoura","article_publisher":"https:\/\/www.facebook.com\/viafoura\/","article_modified_time":"2025-08-12T18:28:45+00:00","og_image":[{"url":"https:\/\/viafoura.com\/wp-content\/uploads\/2025\/07\/image1-2.png","type":"","width":"","height":""}],"twitter_card":"summary_large_image","twitter_site":"@viafoura","twitter_misc":{"Est. tempo de leitura":"1 minuto"},"schema":{"@context":"https:\/\/schema.org","@graph":[{"@type":"WebPage","@id":"https:\/\/viafoura.com\/pt-br\/solucoes\/personalizacao\/","url":"https:\/\/viafoura.com\/pt-br\/solucoes\/personalizacao\/","name":"Viafoura | Personaliza\u00e7\u00e3o","isPartOf":{"@id":"https:\/\/viafoura.com\/pt-br\/#website"},"primaryImageOfPage":{"@id":"https:\/\/viafoura.com\/pt-br\/solucoes\/personalizacao\/#primaryimage"},"image":{"@id":"https:\/\/viafoura.com\/pt-br\/solucoes\/personalizacao\/#primaryimage"},"thumbnailUrl":"https:\/\/viafoura.com\/wp-content\/uploads\/2025\/07\/image1-2.png","datePublished":"2025-06-17T22:16:31+00:00","dateModified":"2025-08-12T18:28:45+00:00","description":"Experi\u00eancias personalizadas. Conex\u00f5es mais profundas. Ofere\u00e7a conte\u00fado adaptado e experi\u00eancias personalizadas que aumentam o envolvimento e a fidelidade.","breadcrumb":{"@id":"https:\/\/viafoura.com\/pt-br\/solucoes\/personalizacao\/#breadcrumb"},"inLanguage":"pt-BR","potentialAction":[{"@type":"ReadAction","target":["https:\/\/viafoura.com\/pt-br\/solucoes\/personalizacao\/"]}]},{"@type":"ImageObject","inLanguage":"pt-BR","@id":"https:\/\/viafoura.com\/pt-br\/solucoes\/personalizacao\/#primaryimage","url":"https:\/\/viafoura.com\/wp-content\/uploads\/2025\/07\/image1-2.png","contentUrl":"https:\/\/viafoura.com\/wp-content\/uploads\/2025\/07\/image1-2.png"},{"@type":"BreadcrumbList","@id":"https:\/\/viafoura.com\/pt-br\/solucoes\/personalizacao\/#breadcrumb","itemListElement":[{"@type":"ListItem","position":1,"name":"Home","item":"https:\/\/viafoura.com\/pt-br\/inicio\/"},{"@type":"ListItem","position":2,"name":"Solu\u00e7\u00f5es","item":"https:\/\/viafoura.com\/pt-br\/solucoes\/"},{"@type":"ListItem","position":3,"name":"Personaliza\u00e7\u00e3o"}]},{"@type":"WebSite","@id":"https:\/\/viafoura.com\/pt-br\/#website","url":"https:\/\/viafoura.com\/pt-br\/","name":"Viafoura","description":"","publisher":{"@id":"https:\/\/viafoura.com\/pt-br\/#organization"},"potentialAction":[{"@type":"SearchAction","target":{"@type":"EntryPoint","urlTemplate":"https:\/\/viafoura.com\/pt-br\/?s={search_term_string}"},"query-input":{"@type":"PropertyValueSpecification","valueRequired":true,"valueName":"search_term_string"}}],"inLanguage":"pt-BR"},{"@type":"Organization","@id":"https:\/\/viafoura.com\/pt-br\/#organization","name":"Viafoura","url":"https:\/\/viafoura.com\/pt-br\/","logo":{"@type":"ImageObject","inLanguage":"pt-BR","@id":"https:\/\/viafoura.com\/pt-br\/#\/schema\/logo\/image\/","url":"https:\/\/viafoura.com\/wp-content\/uploads\/2025\/06\/Main-logo.svg","contentUrl":"https:\/\/viafoura.com\/wp-content\/uploads\/2025\/06\/Main-logo.svg","width":1920,"height":383,"caption":"Viafoura"},"image":{"@id":"https:\/\/viafoura.com\/pt-br\/#\/schema\/logo\/image\/"},"sameAs":["https:\/\/www.facebook.com\/viafoura\/","https:\/\/x.com\/viafoura","https:\/\/www.linkedin.com\/company\/viafoura\/"]}]}},"_links":{"self":[{"href":"https:\/\/viafoura.com\/pt-br\/wp-json\/wp\/v2\/pages\/14704","targetHints":{"allow":["GET"]}}],"collection":[{"href":"https:\/\/viafoura.com\/pt-br\/wp-json\/wp\/v2\/pages"}],"about":[{"href":"https:\/\/viafoura.com\/pt-br\/wp-json\/wp\/v2\/types\/page"}],"author":[{"embeddable":true,"href":"https:\/\/viafoura.com\/pt-br\/wp-json\/wp\/v2\/users\/1"}],"replies":[{"embeddable":true,"href":"https:\/\/viafoura.com\/pt-br\/wp-json\/wp\/v2\/comments?post=14704"}],"version-history":[{"count":0,"href":"https:\/\/viafoura.com\/pt-br\/wp-json\/wp\/v2\/pages\/14704\/revisions"}],"up":[{"embeddable":true,"href":"https:\/\/viafoura.com\/pt-br\/wp-json\/wp\/v2\/pages\/14782"}],"wp:attachment":[{"href":"https:\/\/viafoura.com\/pt-br\/wp-json\/wp\/v2\/media?parent=14704"}],"curies":[{"name":"wp","href":"https:\/\/api.w.org\/{rel}","templated":true}]}}