{"id":14772,"date":"2025-06-18T18:06:23","date_gmt":"2025-06-18T18:06:23","guid":{"rendered":"https:\/\/viafoura-2025.eclipse-dev.com\/parceiros\/"},"modified":"2025-08-12T18:27:49","modified_gmt":"2025-08-12T18:27:49","slug":"parceiros","status":"publish","type":"page","link":"https:\/\/viafoura.com\/pt-br\/sobre-nos\/parceiros\/","title":{"rendered":"Parceiros"},"content":{"rendered":"\n<div class=\"wp-block-cover alignfull\"><img decoding=\"async\" width=\"1024\" height=\"896\" class=\"wp-block-cover__image-background wp-image-4022 size-large\" alt=\"\" src=\"https:\/\/viafoura.com\/wp-content\/uploads\/2025\/07\/Viafoura-V-Variation-1-1024x896.png\" style=\"object-position:49% 0%\" data-object-fit=\"cover\" data-object-position=\"49% 0%\" srcset=\"https:\/\/viafoura.com\/wp-content\/uploads\/2025\/07\/Viafoura-V-Variation-1-1024x896.png 1024w, https:\/\/viafoura.com\/wp-content\/uploads\/2025\/07\/Viafoura-V-Variation-1-300x263.png 300w, https:\/\/viafoura.com\/wp-content\/uploads\/2025\/07\/Viafoura-V-Variation-1-768x672.png 768w, https:\/\/viafoura.com\/wp-content\/uploads\/2025\/07\/Viafoura-V-Variation-1-1536x1345.png 1536w, https:\/\/viafoura.com\/wp-content\/uploads\/2025\/07\/Viafoura-V-Variation-1-2048x1793.png 2048w\" sizes=\"(max-width: 1024px) 100vw, 1024px\" \/><span aria-hidden=\"true\" class=\"wp-block-cover__background has-background-dim-0 has-background-dim\" style=\"background-color:#7e8376\"><\/span><div class=\"wp-block-cover__inner-container is-layout-constrained wp-block-cover-is-layout-constrained\"><h1 class=\"wp-block-post-title\">Parceiros<\/h1><\/div><\/div>\n\n<p><\/p>\n\n<p class=\"has-large-font-size\">A Viafoura colabora com parceiros l\u00edderes do setor para desbloquear e ativar os sinais de dados prim\u00e1rios exclusivos e de alta inten\u00e7\u00e3o gerados por meio de nossas solu\u00e7\u00f5es de engajamento, transformando as intera\u00e7\u00f5es do p\u00fablico em insights acion\u00e1veis e valor mensur\u00e1vel.<\/p>\n\n<h2 class=\"wp-block-heading has-text-align-center\">Nossos parceiros<\/h2>\n\n<div class=\"wp-block-group alignfull has-black-background-color has-background is-layout-constrained wp-block-group-is-layout-constrained\" style=\"margin-top:var(--wp--preset--spacing--50);margin-bottom:var(--wp--preset--spacing--50)\">\n<section id=\"\" class=\"logos-static-block\">\n                  <div class=\"logo-item\">\n                      <img decoding=\"async\" width=\"2560\" height=\"910\" src=\"https:\/\/viafoura.com\/wp-content\/uploads\/2025\/08\/arcxp_logo_transparent.png\" class=\"logo-image\" alt=\"\" style=\"height: 40px;\" srcset=\"https:\/\/viafoura.com\/wp-content\/uploads\/2025\/08\/arcxp_logo_transparent.png 2560w, https:\/\/viafoura.com\/wp-content\/uploads\/2025\/08\/arcxp_logo_transparent-300x107.png 300w, https:\/\/viafoura.com\/wp-content\/uploads\/2025\/08\/arcxp_logo_transparent-1024x364.png 1024w, https:\/\/viafoura.com\/wp-content\/uploads\/2025\/08\/arcxp_logo_transparent-768x273.png 768w, https:\/\/viafoura.com\/wp-content\/uploads\/2025\/08\/arcxp_logo_transparent-1536x546.png 1536w, https:\/\/viafoura.com\/wp-content\/uploads\/2025\/08\/arcxp_logo_transparent-2048x728.png 2048w\" sizes=\"(max-width: 2560px) 100vw, 2560px\" \/>                  <\/div>\n              <div class=\"logo-item\">\n                      <img decoding=\"async\" width=\"1229\" height=\"308\" src=\"https:\/\/viafoura.com\/wp-content\/uploads\/2025\/07\/mather-logo-white.png\" class=\"logo-image\" alt=\"\" style=\"height: 32px;\" srcset=\"https:\/\/viafoura.com\/wp-content\/uploads\/2025\/07\/mather-logo-white.png 1229w, https:\/\/viafoura.com\/wp-content\/uploads\/2025\/07\/mather-logo-white-300x75.png 300w, https:\/\/viafoura.com\/wp-content\/uploads\/2025\/07\/mather-logo-white-1024x257.png 1024w, https:\/\/viafoura.com\/wp-content\/uploads\/2025\/07\/mather-logo-white-768x192.png 768w\" sizes=\"(max-width: 1229px) 100vw, 1229px\" \/>                  <\/div>\n              <div class=\"logo-item\">\n                      <img decoding=\"async\" width=\"386\" height=\"139\" src=\"https:\/\/viafoura.com\/wp-content\/uploads\/2025\/08\/piano-white-trimmed.png\" class=\"logo-image\" alt=\"\" style=\"height: 40px;\" srcset=\"https:\/\/viafoura.com\/wp-content\/uploads\/2025\/08\/piano-white-trimmed.png 386w, https:\/\/viafoura.com\/wp-content\/uploads\/2025\/08\/piano-white-trimmed-300x108.png 300w\" sizes=\"(max-width: 386px) 100vw, 386px\" \/>                  <\/div>\n              <div class=\"logo-item\">\n                      <img decoding=\"async\" width=\"1200\" height=\"630\" src=\"https:\/\/viafoura.com\/wp-content\/uploads\/2025\/07\/pugpig_logo_white-e1753305810994.png\" class=\"logo-image\" alt=\"\" style=\"height: 40px;\" \/>                  <\/div>\n              <div class=\"logo-item\">\n                      <img decoding=\"async\" width=\"800\" height=\"355\" src=\"https:\/\/viafoura.com\/wp-content\/uploads\/2025\/07\/Zuora-Logo-white-medium-copy-e1753305975729.png\" class=\"logo-image\" alt=\"\" style=\"height: 35px;\" \/>                  <\/div>\n              <div class=\"logo-item\">\n                      <img decoding=\"async\" width=\"689\" height=\"200\" src=\"https:\/\/viafoura.com\/wp-content\/uploads\/2025\/07\/blueconic-white-e1753305836146.png\" class=\"logo-image\" alt=\"\" style=\"height: 31px;\" \/>                  <\/div>\n              <div class=\"logo-item\">\n                      <img decoding=\"async\" width=\"1988\" height=\"723\" src=\"https:\/\/viafoura.com\/wp-content\/uploads\/2025\/07\/LMC_logo_white_copy_png-e1753306001951.png\" class=\"logo-image\" alt=\"\" style=\"height: 40px;\" \/>                  <\/div>\n            <\/section>\n\n\n<section id=\"\" class=\"logos-static-block justify-content-start\">\n                  <div class=\"logo-item\">\n                      <img decoding=\"async\" width=\"150\" height=\"31\" src=\"https:\/\/viafoura.com\/wp-content\/uploads\/2025\/08\/logo_all_white.png\" class=\"logo-image\" alt=\"\" style=\"height: 33px;\" \/>                  <\/div>\n              <div class=\"logo-item\">\n                      <img decoding=\"async\" width=\"240\" height=\"52\" src=\"https:\/\/viafoura.com\/wp-content\/uploads\/2025\/08\/tickaroo.png\" class=\"logo-image\" alt=\"\" style=\"height: 33px;\" \/>                  <\/div>\n              <div class=\"logo-item\">\n                      <img decoding=\"async\" width=\"664\" height=\"206\" src=\"https:\/\/viafoura.com\/wp-content\/uploads\/2025\/08\/pagesuite-logo-white_.png\" class=\"logo-image\" alt=\"\" style=\"height: 40px;\" srcset=\"https:\/\/viafoura.com\/wp-content\/uploads\/2025\/08\/pagesuite-logo-white_.png 664w, https:\/\/viafoura.com\/wp-content\/uploads\/2025\/08\/pagesuite-logo-white_-300x93.png 300w\" sizes=\"(max-width: 664px) 100vw, 664px\" \/>                  <\/div>\n            <\/section><\/div>\n","protected":false},"excerpt":{"rendered":"<p>A Viafoura colabora com parceiros l\u00edderes do setor para desbloquear e ativar os sinais de dados prim\u00e1rios exclusivos e de alta inten\u00e7\u00e3o gerados por meio de nossas solu\u00e7\u00f5es de engajamento, transformando as intera\u00e7\u00f5es do p\u00fablico em insights acion\u00e1veis e valor mensur\u00e1vel. Nossos parceiros<\/p>\n","protected":false},"author":1,"featured_media":0,"parent":14860,"menu_order":0,"comment_status":"closed","ping_status":"closed","template":"","meta":{"_acf_changed":false,"footnotes":""},"class_list":["post-14772","page","type-page","status-publish","hentry"],"acf":[],"yoast_head":"<!-- This site is optimized with the Yoast SEO plugin v27.4 - https:\/\/yoast.com\/product\/yoast-seo-wordpress\/ -->\n<title>Viafoura | Parceiros<\/title>\n<meta name=\"description\" content=\"A Viafoura colabora com parceiros l\u00edderes do setor para desbloquear e ativar os sinais de dados prim\u00e1rios exclusivos e de alta inten\u00e7\u00e3o gerados por meio\" \/>\n<meta name=\"robots\" content=\"index, follow, max-snippet:-1, max-image-preview:large, max-video-preview:-1\" \/>\n<link rel=\"canonical\" href=\"https:\/\/viafoura.com\/pt-br\/sobre-nos\/parceiros\/\" \/>\n<meta property=\"og:locale\" content=\"pt_BR\" \/>\n<meta property=\"og:type\" content=\"article\" \/>\n<meta property=\"og:title\" content=\"Viafoura | Parceiros\" \/>\n<meta property=\"og:description\" content=\"A Viafoura colabora com parceiros l\u00edderes do setor para desbloquear e ativar os sinais de dados prim\u00e1rios exclusivos e de alta inten\u00e7\u00e3o gerados por meio\" \/>\n<meta property=\"og:url\" content=\"https:\/\/viafoura.com\/pt-br\/sobre-nos\/parceiros\/\" \/>\n<meta property=\"og:site_name\" content=\"Viafoura\" \/>\n<meta property=\"article:publisher\" content=\"https:\/\/www.facebook.com\/viafoura\/\" \/>\n<meta property=\"article:modified_time\" content=\"2025-08-12T18:27:49+00:00\" \/>\n<meta property=\"og:image\" content=\"https:\/\/viafoura.com\/wp-content\/uploads\/2025\/07\/Viafoura-V-Variation-1-1024x896.png\" \/>\n<meta name=\"twitter:card\" content=\"summary_large_image\" \/>\n<meta name=\"twitter:site\" content=\"@viafoura\" \/>\n<script type=\"application\/ld+json\" class=\"yoast-schema-graph\">{\"@context\":\"https:\\\/\\\/schema.org\",\"@graph\":[{\"@type\":\"WebPage\",\"@id\":\"https:\\\/\\\/viafoura.com\\\/pt-br\\\/sobre-nos\\\/parceiros\\\/\",\"url\":\"https:\\\/\\\/viafoura.com\\\/pt-br\\\/sobre-nos\\\/parceiros\\\/\",\"name\":\"Viafoura | Parceiros\",\"isPartOf\":{\"@id\":\"https:\\\/\\\/viafoura.com\\\/pt-br\\\/#website\"},\"primaryImageOfPage\":{\"@id\":\"https:\\\/\\\/viafoura.com\\\/pt-br\\\/sobre-nos\\\/parceiros\\\/#primaryimage\"},\"image\":{\"@id\":\"https:\\\/\\\/viafoura.com\\\/pt-br\\\/sobre-nos\\\/parceiros\\\/#primaryimage\"},\"thumbnailUrl\":\"https:\\\/\\\/viafoura.com\\\/wp-content\\\/uploads\\\/2025\\\/07\\\/Viafoura-V-Variation-1-1024x896.png\",\"datePublished\":\"2025-06-18T18:06:23+00:00\",\"dateModified\":\"2025-08-12T18:27:49+00:00\",\"description\":\"A Viafoura colabora com parceiros l\u00edderes do setor para desbloquear e ativar os sinais de dados prim\u00e1rios exclusivos e de alta inten\u00e7\u00e3o gerados por meio\",\"breadcrumb\":{\"@id\":\"https:\\\/\\\/viafoura.com\\\/pt-br\\\/sobre-nos\\\/parceiros\\\/#breadcrumb\"},\"inLanguage\":\"pt-BR\",\"potentialAction\":[{\"@type\":\"ReadAction\",\"target\":[\"https:\\\/\\\/viafoura.com\\\/pt-br\\\/sobre-nos\\\/parceiros\\\/\"]}]},{\"@type\":\"ImageObject\",\"inLanguage\":\"pt-BR\",\"@id\":\"https:\\\/\\\/viafoura.com\\\/pt-br\\\/sobre-nos\\\/parceiros\\\/#primaryimage\",\"url\":\"https:\\\/\\\/viafoura.com\\\/wp-content\\\/uploads\\\/2025\\\/07\\\/Viafoura-V-Variation-1-1024x896.png\",\"contentUrl\":\"https:\\\/\\\/viafoura.com\\\/wp-content\\\/uploads\\\/2025\\\/07\\\/Viafoura-V-Variation-1-1024x896.png\"},{\"@type\":\"BreadcrumbList\",\"@id\":\"https:\\\/\\\/viafoura.com\\\/pt-br\\\/sobre-nos\\\/parceiros\\\/#breadcrumb\",\"itemListElement\":[{\"@type\":\"ListItem\",\"position\":1,\"name\":\"Home\",\"item\":\"https:\\\/\\\/viafoura.com\\\/pt-br\\\/inicio\\\/\"},{\"@type\":\"ListItem\",\"position\":2,\"name\":\"Sobre n\u00f3s\",\"item\":\"https:\\\/\\\/viafoura.com\\\/pt-br\\\/sobre-nos\\\/\"},{\"@type\":\"ListItem\",\"position\":3,\"name\":\"Parceiros\"}]},{\"@type\":\"WebSite\",\"@id\":\"https:\\\/\\\/viafoura.com\\\/pt-br\\\/#website\",\"url\":\"https:\\\/\\\/viafoura.com\\\/pt-br\\\/\",\"name\":\"Viafoura\",\"description\":\"\",\"publisher\":{\"@id\":\"https:\\\/\\\/viafoura.com\\\/pt-br\\\/#organization\"},\"potentialAction\":[{\"@type\":\"SearchAction\",\"target\":{\"@type\":\"EntryPoint\",\"urlTemplate\":\"https:\\\/\\\/viafoura.com\\\/pt-br\\\/?s={search_term_string}\"},\"query-input\":{\"@type\":\"PropertyValueSpecification\",\"valueRequired\":true,\"valueName\":\"search_term_string\"}}],\"inLanguage\":\"pt-BR\"},{\"@type\":\"Organization\",\"@id\":\"https:\\\/\\\/viafoura.com\\\/pt-br\\\/#organization\",\"name\":\"Viafoura\",\"url\":\"https:\\\/\\\/viafoura.com\\\/pt-br\\\/\",\"logo\":{\"@type\":\"ImageObject\",\"inLanguage\":\"pt-BR\",\"@id\":\"https:\\\/\\\/viafoura.com\\\/pt-br\\\/#\\\/schema\\\/logo\\\/image\\\/\",\"url\":\"https:\\\/\\\/viafoura.com\\\/wp-content\\\/uploads\\\/2025\\\/06\\\/Main-logo.svg\",\"contentUrl\":\"https:\\\/\\\/viafoura.com\\\/wp-content\\\/uploads\\\/2025\\\/06\\\/Main-logo.svg\",\"width\":1920,\"height\":383,\"caption\":\"Viafoura\"},\"image\":{\"@id\":\"https:\\\/\\\/viafoura.com\\\/pt-br\\\/#\\\/schema\\\/logo\\\/image\\\/\"},\"sameAs\":[\"https:\\\/\\\/www.facebook.com\\\/viafoura\\\/\",\"https:\\\/\\\/x.com\\\/viafoura\",\"https:\\\/\\\/www.linkedin.com\\\/company\\\/viafoura\\\/\"]}]}<\/script>\n<!-- \/ Yoast SEO plugin. -->","yoast_head_json":{"title":"Viafoura | Parceiros","description":"A Viafoura colabora com parceiros l\u00edderes do setor para desbloquear e ativar os sinais de dados prim\u00e1rios exclusivos e de alta inten\u00e7\u00e3o gerados por meio","robots":{"index":"index","follow":"follow","max-snippet":"max-snippet:-1","max-image-preview":"max-image-preview:large","max-video-preview":"max-video-preview:-1"},"canonical":"https:\/\/viafoura.com\/pt-br\/sobre-nos\/parceiros\/","og_locale":"pt_BR","og_type":"article","og_title":"Viafoura | Parceiros","og_description":"A Viafoura colabora com parceiros l\u00edderes do setor para desbloquear e ativar os sinais de dados prim\u00e1rios exclusivos e de alta inten\u00e7\u00e3o gerados por meio","og_url":"https:\/\/viafoura.com\/pt-br\/sobre-nos\/parceiros\/","og_site_name":"Viafoura","article_publisher":"https:\/\/www.facebook.com\/viafoura\/","article_modified_time":"2025-08-12T18:27:49+00:00","og_image":[{"url":"https:\/\/viafoura.com\/wp-content\/uploads\/2025\/07\/Viafoura-V-Variation-1-1024x896.png","type":"","width":"","height":""}],"twitter_card":"summary_large_image","twitter_site":"@viafoura","schema":{"@context":"https:\/\/schema.org","@graph":[{"@type":"WebPage","@id":"https:\/\/viafoura.com\/pt-br\/sobre-nos\/parceiros\/","url":"https:\/\/viafoura.com\/pt-br\/sobre-nos\/parceiros\/","name":"Viafoura | Parceiros","isPartOf":{"@id":"https:\/\/viafoura.com\/pt-br\/#website"},"primaryImageOfPage":{"@id":"https:\/\/viafoura.com\/pt-br\/sobre-nos\/parceiros\/#primaryimage"},"image":{"@id":"https:\/\/viafoura.com\/pt-br\/sobre-nos\/parceiros\/#primaryimage"},"thumbnailUrl":"https:\/\/viafoura.com\/wp-content\/uploads\/2025\/07\/Viafoura-V-Variation-1-1024x896.png","datePublished":"2025-06-18T18:06:23+00:00","dateModified":"2025-08-12T18:27:49+00:00","description":"A Viafoura colabora com parceiros l\u00edderes do setor para desbloquear e ativar os sinais de dados prim\u00e1rios exclusivos e de alta inten\u00e7\u00e3o gerados por meio","breadcrumb":{"@id":"https:\/\/viafoura.com\/pt-br\/sobre-nos\/parceiros\/#breadcrumb"},"inLanguage":"pt-BR","potentialAction":[{"@type":"ReadAction","target":["https:\/\/viafoura.com\/pt-br\/sobre-nos\/parceiros\/"]}]},{"@type":"ImageObject","inLanguage":"pt-BR","@id":"https:\/\/viafoura.com\/pt-br\/sobre-nos\/parceiros\/#primaryimage","url":"https:\/\/viafoura.com\/wp-content\/uploads\/2025\/07\/Viafoura-V-Variation-1-1024x896.png","contentUrl":"https:\/\/viafoura.com\/wp-content\/uploads\/2025\/07\/Viafoura-V-Variation-1-1024x896.png"},{"@type":"BreadcrumbList","@id":"https:\/\/viafoura.com\/pt-br\/sobre-nos\/parceiros\/#breadcrumb","itemListElement":[{"@type":"ListItem","position":1,"name":"Home","item":"https:\/\/viafoura.com\/pt-br\/inicio\/"},{"@type":"ListItem","position":2,"name":"Sobre n\u00f3s","item":"https:\/\/viafoura.com\/pt-br\/sobre-nos\/"},{"@type":"ListItem","position":3,"name":"Parceiros"}]},{"@type":"WebSite","@id":"https:\/\/viafoura.com\/pt-br\/#website","url":"https:\/\/viafoura.com\/pt-br\/","name":"Viafoura","description":"","publisher":{"@id":"https:\/\/viafoura.com\/pt-br\/#organization"},"potentialAction":[{"@type":"SearchAction","target":{"@type":"EntryPoint","urlTemplate":"https:\/\/viafoura.com\/pt-br\/?s={search_term_string}"},"query-input":{"@type":"PropertyValueSpecification","valueRequired":true,"valueName":"search_term_string"}}],"inLanguage":"pt-BR"},{"@type":"Organization","@id":"https:\/\/viafoura.com\/pt-br\/#organization","name":"Viafoura","url":"https:\/\/viafoura.com\/pt-br\/","logo":{"@type":"ImageObject","inLanguage":"pt-BR","@id":"https:\/\/viafoura.com\/pt-br\/#\/schema\/logo\/image\/","url":"https:\/\/viafoura.com\/wp-content\/uploads\/2025\/06\/Main-logo.svg","contentUrl":"https:\/\/viafoura.com\/wp-content\/uploads\/2025\/06\/Main-logo.svg","width":1920,"height":383,"caption":"Viafoura"},"image":{"@id":"https:\/\/viafoura.com\/pt-br\/#\/schema\/logo\/image\/"},"sameAs":["https:\/\/www.facebook.com\/viafoura\/","https:\/\/x.com\/viafoura","https:\/\/www.linkedin.com\/company\/viafoura\/"]}]}},"_links":{"self":[{"href":"https:\/\/viafoura.com\/pt-br\/wp-json\/wp\/v2\/pages\/14772","targetHints":{"allow":["GET"]}}],"collection":[{"href":"https:\/\/viafoura.com\/pt-br\/wp-json\/wp\/v2\/pages"}],"about":[{"href":"https:\/\/viafoura.com\/pt-br\/wp-json\/wp\/v2\/types\/page"}],"author":[{"embeddable":true,"href":"https:\/\/viafoura.com\/pt-br\/wp-json\/wp\/v2\/users\/1"}],"replies":[{"embeddable":true,"href":"https:\/\/viafoura.com\/pt-br\/wp-json\/wp\/v2\/comments?post=14772"}],"version-history":[{"count":0,"href":"https:\/\/viafoura.com\/pt-br\/wp-json\/wp\/v2\/pages\/14772\/revisions"}],"up":[{"embeddable":true,"href":"https:\/\/viafoura.com\/pt-br\/wp-json\/wp\/v2\/pages\/14860"}],"wp:attachment":[{"href":"https:\/\/viafoura.com\/pt-br\/wp-json\/wp\/v2\/media?parent=14772"}],"curies":[{"name":"wp","href":"https:\/\/api.w.org\/{rel}","templated":true}]}}