{"id":14742,"date":"2025-06-18T18:05:18","date_gmt":"2025-06-18T18:05:18","guid":{"rendered":"https:\/\/viafoura-2025.eclipse-dev.com\/companhia\/"},"modified":"2025-08-12T18:28:33","modified_gmt":"2025-08-12T18:28:33","slug":"companhia","status":"publish","type":"page","link":"https:\/\/viafoura.com\/pt-pt\/sobre-nos\/companhia\/","title":{"rendered":"Empresa"},"content":{"rendered":"\n<div class=\"wp-block-cover alignfull\"><img decoding=\"async\" width=\"1024\" height=\"896\" class=\"wp-block-cover__image-background wp-image-4022 size-large\" alt=\"\" src=\"https:\/\/viafoura.com\/wp-content\/uploads\/2025\/07\/Viafoura-V-Variation-1-1024x896.png\" style=\"object-position:49% 0%\" data-object-fit=\"cover\" data-object-position=\"49% 0%\" srcset=\"https:\/\/viafoura.com\/wp-content\/uploads\/2025\/07\/Viafoura-V-Variation-1-1024x896.png 1024w, https:\/\/viafoura.com\/wp-content\/uploads\/2025\/07\/Viafoura-V-Variation-1-300x263.png 300w, https:\/\/viafoura.com\/wp-content\/uploads\/2025\/07\/Viafoura-V-Variation-1-768x672.png 768w, https:\/\/viafoura.com\/wp-content\/uploads\/2025\/07\/Viafoura-V-Variation-1-1536x1345.png 1536w, https:\/\/viafoura.com\/wp-content\/uploads\/2025\/07\/Viafoura-V-Variation-1-2048x1793.png 2048w\" sizes=\"(max-width: 1024px) 100vw, 1024px\" \/><span aria-hidden=\"true\" class=\"wp-block-cover__background has-background-dim-0 has-background-dim\" style=\"background-color:#7e8376\"><\/span><div class=\"wp-block-cover__inner-container is-layout-constrained wp-block-cover-is-layout-constrained\"><h1 class=\"wp-block-post-title\">Empresa<\/h1><\/div><\/div>\n\n<div class=\"wp-block-columns is-layout-flex wp-container-core-columns-is-layout-b8e64976 wp-block-columns-is-layout-flex\" style=\"margin-top:var(--wp--preset--spacing--80)\">\n<div class=\"wp-block-column is-layout-flow wp-block-column-is-layout-flow\">\n<h3 class=\"wp-block-heading\" style=\"margin-bottom:var(--wp--preset--spacing--60)\"><strong><strong><strong>A nossa hist\u00f3ria<\/strong><\/strong><\/strong><\/h3>\n\n\n\n<p class=\"has-large-font-size\">Fundada em Toronto pelo empres\u00e1rio da Internet Jesse Moeinifar, a Viafoura foi criada para reinventar o envolvimento online das marcas de media que navegam no complexo panorama digital atual. Num mundo dominado por algoritmos e feeds sociais, acreditamos que as marcas devem ser donas dos seus dados e construir rela\u00e7\u00f5es diretas com os seus p\u00fablicos.<\/p>\n\n\n\n<p class=\"has-large-font-size\">Atualmente, as principais organiza\u00e7\u00f5es de media em todo o mundo confiam nas solu\u00e7\u00f5es de envolvimento da Viafoura, incluindo conversas moderadas, feeds de conte\u00fados personalizados e ferramentas de constru\u00e7\u00e3o de comunidades &#8211; para criar espa\u00e7os digitais mais seguros e din\u00e2micos que impulsionam a lealdade e o crescimento.<\/p>\n<\/div>\n\n\n\n<div class=\"wp-block-column is-vertically-aligned-top is-layout-flow wp-block-column-is-layout-flow\" style=\"padding-top:var(--wp--preset--spacing--80)\">\n<figure class=\"wp-block-image aligncenter size-full is-resized\"><img decoding=\"async\" width=\"1536\" height=\"864\" src=\"https:\/\/viafoura.com\/wp-content\/uploads\/2025\/07\/image1-3.png\" alt=\"\" class=\"wp-image-4033\" style=\"width:532px;height:auto\" srcset=\"https:\/\/viafoura.com\/wp-content\/uploads\/2025\/07\/image1-3.png 1536w, https:\/\/viafoura.com\/wp-content\/uploads\/2025\/07\/image1-3-300x169.png 300w, https:\/\/viafoura.com\/wp-content\/uploads\/2025\/07\/image1-3-1024x576.png 1024w, https:\/\/viafoura.com\/wp-content\/uploads\/2025\/07\/image1-3-768x432.png 768w\" sizes=\"(max-width: 1536px) 100vw, 1536px\" \/><\/figure>\n<\/div>\n<\/div>\n\n<h3 class=\"wp-block-heading\" style=\"margin-top:var(--wp--preset--spacing--70);margin-bottom:var(--wp--preset--spacing--60)\"><strong><strong><strong>Os nossos valores<\/strong><\/strong><\/strong><\/h3>\n\n<div class=\"wp-block-group grid-without-gutters-two is-layout-constrained wp-block-group-is-layout-constrained\">\n<div class=\"wp-block-group has-eggplant-background-color has-background is-layout-grid wp-container-core-group-is-layout-988b637e wp-block-group-is-layout-grid\">\n<div class=\"wp-block-group item-1 is-layout-constrained wp-block-group-is-layout-constrained\">\n<p class=\"has-text-align-center has-light-grey-color has-text-color has-link-color has-large-font-size wp-elements-ade826ea345eb37a4c9b24074c08f8da\">Confiar<\/p>\n\n\n\n<p class=\"has-text-align-center has-light-grey-color has-text-color has-link-color wp-elements-b0f333db567156db0afaaedc60107296\">\u201cFa\u00e7a a coisa certa\u201d \u00e9 algo que todos ouvimos enquanto crescia. Na Viafoura, fazer a coisa certa significa respeito e responsabilidade, ao mesmo tempo em que apoia e capacita os outros.<\/p>\n<\/div>\n\n\n\n<div class=\"wp-block-group item-2 is-layout-constrained wp-block-group-is-layout-constrained\">\n<p class=\"has-text-align-center has-light-grey-color has-text-color has-link-color has-large-font-size wp-elements-d7ff9c834953383e0720974f3adc150f\">Diversidade e inclus\u00e3o<\/p>\n\n\n\n<p class=\"has-text-align-center has-light-grey-color has-text-color has-link-color wp-elements-87176e5b1098995d5a64071549cac890\">Reconhecemos que as pessoas v\u00eam de diferentes esferas da vida. Abra\u00e7amos diferentes g\u00eaneros, culturas, experi\u00eancias e perspectivas.<\/p>\n<\/div>\n\n\n\n<div class=\"wp-block-group item-3 is-layout-constrained wp-block-group-is-layout-constrained\">\n<p class=\"has-text-align-center has-light-grey-color has-text-color has-link-color has-large-font-size wp-elements-6622c5507f710a67bc00ca2aa1a40f25\">O cliente em primeiro lugar<\/p>\n\n\n\n<p class=\"has-text-align-center has-light-grey-color has-text-color has-link-color wp-elements-9c658e627220ae85ecb404b695cde076\">Somos compreensivos com os nossos clientes. Ouvimos as suas preocupa\u00e7\u00f5es, estamos empenhados nos seus objectivos e concentramo-nos nos resultados que criam confian\u00e7a e conduzem ao sucesso.<\/p>\n<\/div>\n<\/div>\n<\/div>\n\n<h3 class=\"wp-block-heading\"><strong>A nossa equipa de lideran\u00e7a<\/strong><\/h3>\n\n  <div class=\"team-grid align wp-block-acf-team\">\n  \n                          <div class=\"team-member-teaser no-modal\">\n                    <div class=\"team-member-upper\">\n                          <img decoding=\"async\" width=\"856\" height=\"1020\" src=\"https:\/\/viafoura.com\/wp-content\/uploads\/2025\/07\/Mark_Z_Headshot-e1754062852284.png\" class=\"attachment-full size-full wp-post-image\" alt=\"\" srcset=\"https:\/\/viafoura.com\/wp-content\/uploads\/2025\/07\/Mark_Z_Headshot-e1754062852284.png 856w, https:\/\/viafoura.com\/wp-content\/uploads\/2025\/07\/Mark_Z_Headshot-e1754062852284-252x300.png 252w, https:\/\/viafoura.com\/wp-content\/uploads\/2025\/07\/Mark_Z_Headshot-e1754062852284-768x915.png 768w\" sizes=\"(max-width: 856px) 100vw, 856px\" \/>                      <\/div>\n          <div class=\"team-member-lower\">\n            <div>\n              <h3 class=\"team-member-name\">Mark Zohar<\/h3>\n              <p class=\"team-member-title\">Presidente e Diretor Executivo<\/p>\n            <\/div>\n                          <a href=\"https:\/\/www.linkedin.com\/in\/markzohar\/\" class=\"linkedin-link\" target=\"_blank\"><span class=\"sr-only\">Mark Zohar profile on Linkedin<\/span><\/a>\n                      <\/div>\n              <\/div>\n                        <div class=\"team-member-teaser no-modal\">\n                    <div class=\"team-member-upper\">\n                          <img decoding=\"async\" width=\"300\" height=\"300\" src=\"https:\/\/viafoura.com\/wp-content\/uploads\/2025\/07\/Mike-Munroe-1.jpg\" class=\"attachment-full size-full wp-post-image\" alt=\"\" srcset=\"https:\/\/viafoura.com\/wp-content\/uploads\/2025\/07\/Mike-Munroe-1.jpg 300w, https:\/\/viafoura.com\/wp-content\/uploads\/2025\/07\/Mike-Munroe-1-150x150.jpg 150w\" sizes=\"(max-width: 300px) 100vw, 300px\" \/>                      <\/div>\n          <div class=\"team-member-lower\">\n            <div>\n              <h3 class=\"team-member-name\">Mike Monroe<\/h3>\n              <p class=\"team-member-title\">DIRECTOR FINANCEIRO<\/p>\n            <\/div>\n                          <a href=\"https:\/\/www.linkedin.com\/in\/mamunroe\/\" class=\"linkedin-link\" target=\"_blank\"><span class=\"sr-only\">Mike Monroe profile on Linkedin<\/span><\/a>\n                      <\/div>\n              <\/div>\n                        <div class=\"team-member-teaser no-modal\">\n                    <div class=\"team-member-upper\">\n                          <img decoding=\"async\" width=\"298\" height=\"298\" src=\"https:\/\/viafoura.com\/wp-content\/uploads\/2025\/07\/Dan-Seaman.webp\" class=\"attachment-full size-full wp-post-image\" alt=\"\" srcset=\"https:\/\/viafoura.com\/wp-content\/uploads\/2025\/07\/Dan-Seaman.webp 298w, https:\/\/viafoura.com\/wp-content\/uploads\/2025\/07\/Dan-Seaman-150x150.webp 150w\" sizes=\"(max-width: 298px) 100vw, 298px\" \/>                      <\/div>\n          <div class=\"team-member-lower\">\n            <div>\n              <h3 class=\"team-member-name\">Dan Seaman<\/h3>\n              <p class=\"team-member-title\">VP de Produto<\/p>\n            <\/div>\n                          <a href=\"https:\/\/www.linkedin.com\/in\/dseaman\/\" class=\"linkedin-link\" target=\"_blank\"><span class=\"sr-only\">Dan Seaman profile on Linkedin<\/span><\/a>\n                      <\/div>\n              <\/div>\n                        <div class=\"team-member-teaser no-modal\">\n                    <div class=\"team-member-upper\">\n                          <img decoding=\"async\" width=\"400\" height=\"400\" src=\"https:\/\/viafoura.com\/wp-content\/uploads\/2025\/07\/1696434239141.jpeg.webp\" class=\"attachment-full size-full wp-post-image\" alt=\"\" srcset=\"https:\/\/viafoura.com\/wp-content\/uploads\/2025\/07\/1696434239141.jpeg.webp 400w, https:\/\/viafoura.com\/wp-content\/uploads\/2025\/07\/1696434239141.jpeg-300x300.webp 300w, https:\/\/viafoura.com\/wp-content\/uploads\/2025\/07\/1696434239141.jpeg-150x150.webp 150w\" sizes=\"(max-width: 400px) 100vw, 400px\" \/>                      <\/div>\n          <div class=\"team-member-lower\">\n            <div>\n              <h3 class=\"team-member-name\">Alex Lea<\/h3>\n              <p class=\"team-member-title\">Diretor de receitas<\/p>\n            <\/div>\n                          <a href=\"https:\/\/www.linkedin.com\/in\/alex-lea-51116533\/\" class=\"linkedin-link\" target=\"_blank\"><span class=\"sr-only\">Alex Lea profile on Linkedin<\/span><\/a>\n                      <\/div>\n              <\/div>\n                        <div class=\"team-member-teaser no-modal\">\n                    <div class=\"team-member-upper\">\n                          <img decoding=\"async\" width=\"732\" height=\"730\" src=\"https:\/\/viafoura.com\/wp-content\/uploads\/2025\/07\/Jeannie-1.jpeg\" class=\"attachment-full size-full wp-post-image\" alt=\"\" srcset=\"https:\/\/viafoura.com\/wp-content\/uploads\/2025\/07\/Jeannie-1.jpeg 732w, https:\/\/viafoura.com\/wp-content\/uploads\/2025\/07\/Jeannie-1-300x300.jpeg 300w, https:\/\/viafoura.com\/wp-content\/uploads\/2025\/07\/Jeannie-1-150x150.jpeg 150w\" sizes=\"(max-width: 732px) 100vw, 732px\" \/>                      <\/div>\n          <div class=\"team-member-lower\">\n            <div>\n              <h3 class=\"team-member-name\">Jeannie Doherty<\/h3>\n              <p class=\"team-member-title\">Director of Customer Experience<\/p>\n            <\/div>\n                          <a href=\"https:\/\/www.linkedin.com\/in\/jeannie-doherty-2068227b\/\" class=\"linkedin-link\" target=\"_blank\"><span class=\"sr-only\">Jeannie Doherty profile on Linkedin<\/span><\/a>\n                      <\/div>\n              <\/div>\n                        <div class=\"team-member-teaser no-modal\">\n                    <div class=\"team-member-upper\">\n                          <img decoding=\"async\" width=\"300\" height=\"300\" src=\"https:\/\/viafoura.com\/wp-content\/uploads\/2025\/07\/Leigh-Adams.webp\" class=\"attachment-full size-full wp-post-image\" alt=\"\" srcset=\"https:\/\/viafoura.com\/wp-content\/uploads\/2025\/07\/Leigh-Adams.webp 300w, https:\/\/viafoura.com\/wp-content\/uploads\/2025\/07\/Leigh-Adams-150x150.webp 150w\" sizes=\"(max-width: 300px) 100vw, 300px\" \/>                      <\/div>\n          <div class=\"team-member-lower\">\n            <div>\n              <h3 class=\"team-member-name\">Leigh Adams<\/h3>\n              <p class=\"team-member-title\">Head of Trust, Safety &#038; Operations<\/p>\n            <\/div>\n                          <a href=\"https:\/\/www.linkedin.com\/in\/leighcadams\/\" class=\"linkedin-link\" target=\"_blank\"><span class=\"sr-only\">Leigh Adams profile on Linkedin<\/span><\/a>\n                      <\/div>\n              <\/div>\n                        <div class=\"team-member-teaser no-modal\">\n                    <div class=\"team-member-upper\">\n                          <img decoding=\"async\" width=\"510\" height=\"735\" src=\"https:\/\/viafoura.com\/wp-content\/uploads\/2025\/07\/shamil.webp\" class=\"attachment-full size-full wp-post-image\" alt=\"\" srcset=\"https:\/\/viafoura.com\/wp-content\/uploads\/2025\/07\/shamil.webp 510w, https:\/\/viafoura.com\/wp-content\/uploads\/2025\/07\/shamil-208x300.webp 208w\" sizes=\"(max-width: 510px) 100vw, 510px\" \/>                      <\/div>\n          <div class=\"team-member-lower\">\n            <div>\n              <h3 class=\"team-member-name\">Shamil Kashmeri<\/h3>\n              <p class=\"team-member-title\">Diretor de Engenharia<\/p>\n            <\/div>\n                          <a href=\"https:\/\/www.linkedin.com\/in\/shamil-kashmeri\/\" class=\"linkedin-link\" target=\"_blank\"><span class=\"sr-only\">Shamil Kashmeri profile on Linkedin<\/span><\/a>\n                      <\/div>\n              <\/div>\n                        <div class=\"team-member-teaser no-modal\">\n                    <div class=\"team-member-upper\">\n                          <img decoding=\"async\" width=\"300\" height=\"300\" src=\"https:\/\/viafoura.com\/wp-content\/uploads\/2025\/07\/Jesse-Moeinfar.png\" class=\"attachment-full size-full wp-post-image\" alt=\"\" srcset=\"https:\/\/viafoura.com\/wp-content\/uploads\/2025\/07\/Jesse-Moeinfar.png 300w, https:\/\/viafoura.com\/wp-content\/uploads\/2025\/07\/Jesse-Moeinfar-150x150.png 150w\" sizes=\"(max-width: 300px) 100vw, 300px\" \/>                      <\/div>\n          <div class=\"team-member-lower\">\n            <div>\n              <h3 class=\"team-member-name\">Jesse Moeinifar<\/h3>\n              <p class=\"team-member-title\">Founder (in Memoriam)<\/p>\n            <\/div>\n                      <\/div>\n              <\/div>\n    <\/div>\n\n\n\n  <div class=\"modal fade\" id=\"teamModal\" tabindex=\"-1\" aria-labelledby=\"teamModalTitle\" aria-hidden=\"true\">\n    <div class=\"modal-dialog\">\n      <div class=\"modal-content\">\n        <div class=\"modal-header\">\n          <h5 class=\"modal-title\" id=\"teamModalTitle\"><span class=\"sr-only\">team<\/span><\/h5>\n          <button type=\"button\" class=\"btn-close\" data-bs-dismiss=\"modal\" aria-label=\"Close\"><\/button>\n        <\/div>\n        <div class=\"modal-body\">\n          <div class=\"col-left\">\n            <img decoding=\"async\" id=\"teamModalImage\" src=\"\" alt=\"\" class=\"\">\n          <\/div>\n          <div class=\"col-right\">\n            <p id=\"teamMemberTitle\" class=\"preheading\"><\/p>\n            <h2 id=\"teamModalName\"><\/h2>\n            <div id=\"teamModalCredentials\"><\/div>\n            <div id=\"teamModalBio\"><\/div>\n          <\/div>\n        <\/div>\n      <\/div>\n    <\/div>\n  <\/div>","protected":false},"excerpt":{"rendered":"<p>A nossa hist\u00f3ria Fundada em Toronto pelo empres\u00e1rio da Internet Jesse Moeinifar, a Viafoura foi criada para reinventar o envolvimento online das marcas de media que navegam no complexo panorama digital atual. Num mundo dominado por algoritmos e feeds sociais, acreditamos que as marcas devem ser donas dos seus dados e construir rela\u00e7\u00f5es diretas com [&hellip;]<\/p>\n","protected":false},"author":1,"featured_media":0,"parent":14856,"menu_order":0,"comment_status":"closed","ping_status":"closed","template":"","meta":{"_acf_changed":false,"footnotes":""},"class_list":["post-14742","page","type-page","status-publish","hentry"],"acf":[],"yoast_head":"<!-- This site is optimized with the Yoast SEO plugin v27.2 - https:\/\/yoast.com\/product\/yoast-seo-wordpress\/ -->\n<title>Viafoura | Empresa<\/title>\n<meta name=\"description\" content=\"A nossa hist\u00f3ria Fundada em Toronto pelo empres\u00e1rio da Internet Jesse Moeinifar, a Viafoura foi criada para reinventar o envolvimento online das marcas de\" \/>\n<meta name=\"robots\" content=\"index, follow, max-snippet:-1, max-image-preview:large, max-video-preview:-1\" \/>\n<link rel=\"canonical\" href=\"https:\/\/viafoura.com\/pt-pt\/sobre-nos\/companhia\/\" \/>\n<meta property=\"og:locale\" content=\"pt_PT\" \/>\n<meta property=\"og:type\" content=\"article\" \/>\n<meta property=\"og:title\" content=\"Viafoura | Empresa\" \/>\n<meta property=\"og:description\" content=\"A nossa hist\u00f3ria Fundada em Toronto pelo empres\u00e1rio da Internet Jesse Moeinifar, a Viafoura foi criada para reinventar o envolvimento online das marcas de\" \/>\n<meta property=\"og:url\" content=\"https:\/\/viafoura.com\/pt-pt\/sobre-nos\/companhia\/\" \/>\n<meta property=\"og:site_name\" content=\"Viafoura\" \/>\n<meta property=\"article:publisher\" content=\"https:\/\/www.facebook.com\/viafoura\/\" \/>\n<meta property=\"article:modified_time\" content=\"2025-08-12T18:28:33+00:00\" \/>\n<meta property=\"og:image\" content=\"https:\/\/viafoura.com\/wp-content\/uploads\/2025\/07\/Viafoura-V-Variation-1-1024x896.png\" \/>\n<meta name=\"twitter:card\" content=\"summary_large_image\" \/>\n<meta name=\"twitter:site\" content=\"@viafoura\" \/>\n<meta name=\"twitter:label1\" content=\"Tempo estimado de leitura\" \/>\n\t<meta name=\"twitter:data1\" content=\"1 minuto\" \/>\n<script type=\"application\/ld+json\" class=\"yoast-schema-graph\">{\"@context\":\"https:\/\/schema.org\",\"@graph\":[{\"@type\":\"WebPage\",\"@id\":\"https:\/\/viafoura.com\/pt-pt\/sobre-nos\/companhia\/\",\"url\":\"https:\/\/viafoura.com\/pt-pt\/sobre-nos\/companhia\/\",\"name\":\"Viafoura | Empresa\",\"isPartOf\":{\"@id\":\"https:\/\/viafoura.com\/pt-pt\/#website\"},\"primaryImageOfPage\":{\"@id\":\"https:\/\/viafoura.com\/pt-pt\/sobre-nos\/companhia\/#primaryimage\"},\"image\":{\"@id\":\"https:\/\/viafoura.com\/pt-pt\/sobre-nos\/companhia\/#primaryimage\"},\"thumbnailUrl\":\"https:\/\/viafoura.com\/wp-content\/uploads\/2025\/07\/Viafoura-V-Variation-1-1024x896.png\",\"datePublished\":\"2025-06-18T18:05:18+00:00\",\"dateModified\":\"2025-08-12T18:28:33+00:00\",\"description\":\"A nossa hist\u00f3ria Fundada em Toronto pelo empres\u00e1rio da Internet Jesse Moeinifar, a Viafoura foi criada para reinventar o envolvimento online das marcas de\",\"breadcrumb\":{\"@id\":\"https:\/\/viafoura.com\/pt-pt\/sobre-nos\/companhia\/#breadcrumb\"},\"inLanguage\":\"pt-PT\",\"potentialAction\":[{\"@type\":\"ReadAction\",\"target\":[\"https:\/\/viafoura.com\/pt-pt\/sobre-nos\/companhia\/\"]}]},{\"@type\":\"ImageObject\",\"inLanguage\":\"pt-PT\",\"@id\":\"https:\/\/viafoura.com\/pt-pt\/sobre-nos\/companhia\/#primaryimage\",\"url\":\"https:\/\/viafoura.com\/wp-content\/uploads\/2025\/07\/Viafoura-V-Variation-1-1024x896.png\",\"contentUrl\":\"https:\/\/viafoura.com\/wp-content\/uploads\/2025\/07\/Viafoura-V-Variation-1-1024x896.png\"},{\"@type\":\"BreadcrumbList\",\"@id\":\"https:\/\/viafoura.com\/pt-pt\/sobre-nos\/companhia\/#breadcrumb\",\"itemListElement\":[{\"@type\":\"ListItem\",\"position\":1,\"name\":\"Home\",\"item\":\"https:\/\/viafoura.com\/pt-pt\/casa\/\"},{\"@type\":\"ListItem\",\"position\":2,\"name\":\"Sobre n\u00f3s\",\"item\":\"https:\/\/viafoura.com\/pt-pt\/sobre-nos\/\"},{\"@type\":\"ListItem\",\"position\":3,\"name\":\"Empresa\"}]},{\"@type\":\"WebSite\",\"@id\":\"https:\/\/viafoura.com\/pt-pt\/#website\",\"url\":\"https:\/\/viafoura.com\/pt-pt\/\",\"name\":\"Viafoura\",\"description\":\"\",\"publisher\":{\"@id\":\"https:\/\/viafoura.com\/pt-pt\/#organization\"},\"potentialAction\":[{\"@type\":\"SearchAction\",\"target\":{\"@type\":\"EntryPoint\",\"urlTemplate\":\"https:\/\/viafoura.com\/pt-pt\/?s={search_term_string}\"},\"query-input\":{\"@type\":\"PropertyValueSpecification\",\"valueRequired\":true,\"valueName\":\"search_term_string\"}}],\"inLanguage\":\"pt-PT\"},{\"@type\":\"Organization\",\"@id\":\"https:\/\/viafoura.com\/pt-pt\/#organization\",\"name\":\"Viafoura\",\"url\":\"https:\/\/viafoura.com\/pt-pt\/\",\"logo\":{\"@type\":\"ImageObject\",\"inLanguage\":\"pt-PT\",\"@id\":\"https:\/\/viafoura.com\/pt-pt\/#\/schema\/logo\/image\/\",\"url\":\"https:\/\/viafoura.com\/wp-content\/uploads\/2025\/06\/Main-logo.svg\",\"contentUrl\":\"https:\/\/viafoura.com\/wp-content\/uploads\/2025\/06\/Main-logo.svg\",\"width\":1920,\"height\":383,\"caption\":\"Viafoura\"},\"image\":{\"@id\":\"https:\/\/viafoura.com\/pt-pt\/#\/schema\/logo\/image\/\"},\"sameAs\":[\"https:\/\/www.facebook.com\/viafoura\/\",\"https:\/\/x.com\/viafoura\",\"https:\/\/www.linkedin.com\/company\/viafoura\/\"]}]}<\/script>\n<!-- \/ Yoast SEO plugin. -->","yoast_head_json":{"title":"Viafoura | Empresa","description":"A nossa hist\u00f3ria Fundada em Toronto pelo empres\u00e1rio da Internet Jesse Moeinifar, a Viafoura foi criada para reinventar o envolvimento online das marcas de","robots":{"index":"index","follow":"follow","max-snippet":"max-snippet:-1","max-image-preview":"max-image-preview:large","max-video-preview":"max-video-preview:-1"},"canonical":"https:\/\/viafoura.com\/pt-pt\/sobre-nos\/companhia\/","og_locale":"pt_PT","og_type":"article","og_title":"Viafoura | Empresa","og_description":"A nossa hist\u00f3ria Fundada em Toronto pelo empres\u00e1rio da Internet Jesse Moeinifar, a Viafoura foi criada para reinventar o envolvimento online das marcas de","og_url":"https:\/\/viafoura.com\/pt-pt\/sobre-nos\/companhia\/","og_site_name":"Viafoura","article_publisher":"https:\/\/www.facebook.com\/viafoura\/","article_modified_time":"2025-08-12T18:28:33+00:00","og_image":[{"url":"https:\/\/viafoura.com\/wp-content\/uploads\/2025\/07\/Viafoura-V-Variation-1-1024x896.png","type":"","width":"","height":""}],"twitter_card":"summary_large_image","twitter_site":"@viafoura","twitter_misc":{"Tempo estimado de leitura":"1 minuto"},"schema":{"@context":"https:\/\/schema.org","@graph":[{"@type":"WebPage","@id":"https:\/\/viafoura.com\/pt-pt\/sobre-nos\/companhia\/","url":"https:\/\/viafoura.com\/pt-pt\/sobre-nos\/companhia\/","name":"Viafoura | Empresa","isPartOf":{"@id":"https:\/\/viafoura.com\/pt-pt\/#website"},"primaryImageOfPage":{"@id":"https:\/\/viafoura.com\/pt-pt\/sobre-nos\/companhia\/#primaryimage"},"image":{"@id":"https:\/\/viafoura.com\/pt-pt\/sobre-nos\/companhia\/#primaryimage"},"thumbnailUrl":"https:\/\/viafoura.com\/wp-content\/uploads\/2025\/07\/Viafoura-V-Variation-1-1024x896.png","datePublished":"2025-06-18T18:05:18+00:00","dateModified":"2025-08-12T18:28:33+00:00","description":"A nossa hist\u00f3ria Fundada em Toronto pelo empres\u00e1rio da Internet Jesse Moeinifar, a Viafoura foi criada para reinventar o envolvimento online das marcas de","breadcrumb":{"@id":"https:\/\/viafoura.com\/pt-pt\/sobre-nos\/companhia\/#breadcrumb"},"inLanguage":"pt-PT","potentialAction":[{"@type":"ReadAction","target":["https:\/\/viafoura.com\/pt-pt\/sobre-nos\/companhia\/"]}]},{"@type":"ImageObject","inLanguage":"pt-PT","@id":"https:\/\/viafoura.com\/pt-pt\/sobre-nos\/companhia\/#primaryimage","url":"https:\/\/viafoura.com\/wp-content\/uploads\/2025\/07\/Viafoura-V-Variation-1-1024x896.png","contentUrl":"https:\/\/viafoura.com\/wp-content\/uploads\/2025\/07\/Viafoura-V-Variation-1-1024x896.png"},{"@type":"BreadcrumbList","@id":"https:\/\/viafoura.com\/pt-pt\/sobre-nos\/companhia\/#breadcrumb","itemListElement":[{"@type":"ListItem","position":1,"name":"Home","item":"https:\/\/viafoura.com\/pt-pt\/casa\/"},{"@type":"ListItem","position":2,"name":"Sobre n\u00f3s","item":"https:\/\/viafoura.com\/pt-pt\/sobre-nos\/"},{"@type":"ListItem","position":3,"name":"Empresa"}]},{"@type":"WebSite","@id":"https:\/\/viafoura.com\/pt-pt\/#website","url":"https:\/\/viafoura.com\/pt-pt\/","name":"Viafoura","description":"","publisher":{"@id":"https:\/\/viafoura.com\/pt-pt\/#organization"},"potentialAction":[{"@type":"SearchAction","target":{"@type":"EntryPoint","urlTemplate":"https:\/\/viafoura.com\/pt-pt\/?s={search_term_string}"},"query-input":{"@type":"PropertyValueSpecification","valueRequired":true,"valueName":"search_term_string"}}],"inLanguage":"pt-PT"},{"@type":"Organization","@id":"https:\/\/viafoura.com\/pt-pt\/#organization","name":"Viafoura","url":"https:\/\/viafoura.com\/pt-pt\/","logo":{"@type":"ImageObject","inLanguage":"pt-PT","@id":"https:\/\/viafoura.com\/pt-pt\/#\/schema\/logo\/image\/","url":"https:\/\/viafoura.com\/wp-content\/uploads\/2025\/06\/Main-logo.svg","contentUrl":"https:\/\/viafoura.com\/wp-content\/uploads\/2025\/06\/Main-logo.svg","width":1920,"height":383,"caption":"Viafoura"},"image":{"@id":"https:\/\/viafoura.com\/pt-pt\/#\/schema\/logo\/image\/"},"sameAs":["https:\/\/www.facebook.com\/viafoura\/","https:\/\/x.com\/viafoura","https:\/\/www.linkedin.com\/company\/viafoura\/"]}]}},"_links":{"self":[{"href":"https:\/\/viafoura.com\/pt-pt\/wp-json\/wp\/v2\/pages\/14742","targetHints":{"allow":["GET"]}}],"collection":[{"href":"https:\/\/viafoura.com\/pt-pt\/wp-json\/wp\/v2\/pages"}],"about":[{"href":"https:\/\/viafoura.com\/pt-pt\/wp-json\/wp\/v2\/types\/page"}],"author":[{"embeddable":true,"href":"https:\/\/viafoura.com\/pt-pt\/wp-json\/wp\/v2\/users\/1"}],"replies":[{"embeddable":true,"href":"https:\/\/viafoura.com\/pt-pt\/wp-json\/wp\/v2\/comments?post=14742"}],"version-history":[{"count":0,"href":"https:\/\/viafoura.com\/pt-pt\/wp-json\/wp\/v2\/pages\/14742\/revisions"}],"up":[{"embeddable":true,"href":"https:\/\/viafoura.com\/pt-pt\/wp-json\/wp\/v2\/pages\/14856"}],"wp:attachment":[{"href":"https:\/\/viafoura.com\/pt-pt\/wp-json\/wp\/v2\/media?parent=14742"}],"curies":[{"name":"wp","href":"https:\/\/api.w.org\/{rel}","templated":true}]}}