{"id":14747,"date":"2025-06-18T18:05:56","date_gmt":"2025-06-18T18:05:56","guid":{"rendered":"https:\/\/viafoura-2025.eclipse-dev.com\/carreiras\/"},"modified":"2025-07-25T22:24:15","modified_gmt":"2025-07-25T22:24:15","slug":"carreiras","status":"publish","type":"page","link":"https:\/\/viafoura.com\/pt-pt\/sobre-nos\/carreiras\/","title":{"rendered":"Carreiras"},"content":{"rendered":"\n<div class=\"wp-block-cover alignfull\"><img decoding=\"async\" width=\"1024\" height=\"896\" class=\"wp-block-cover__image-background wp-image-4022 size-large\" alt=\"\" src=\"https:\/\/viafoura.com\/wp-content\/uploads\/2025\/07\/Viafoura-V-Variation-1-1024x896.png\" style=\"object-position:49% 0%\" data-object-fit=\"cover\" data-object-position=\"49% 0%\" srcset=\"https:\/\/viafoura.com\/wp-content\/uploads\/2025\/07\/Viafoura-V-Variation-1-1024x896.png 1024w, https:\/\/viafoura.com\/wp-content\/uploads\/2025\/07\/Viafoura-V-Variation-1-300x263.png 300w, https:\/\/viafoura.com\/wp-content\/uploads\/2025\/07\/Viafoura-V-Variation-1-768x672.png 768w, https:\/\/viafoura.com\/wp-content\/uploads\/2025\/07\/Viafoura-V-Variation-1-1536x1345.png 1536w, https:\/\/viafoura.com\/wp-content\/uploads\/2025\/07\/Viafoura-V-Variation-1-2048x1793.png 2048w\" sizes=\"(max-width: 1024px) 100vw, 1024px\" \/><span aria-hidden=\"true\" class=\"wp-block-cover__background has-background-dim-0 has-background-dim\" style=\"background-color:#7e8376\"><\/span><div class=\"wp-block-cover__inner-container is-layout-constrained wp-block-cover-is-layout-constrained\"><h1 class=\"wp-block-post-title\">Carreiras<\/h1><\/div><\/div>\n\n<p class=\"has-large-font-size\"><br\/>Na Viafoura, estamos a transformar a forma como as audi\u00eancias se ligam, se envolvem e prosperam online.  <\/p>\n\n<p class=\"has-large-font-size\">A nossa plataforma ajuda os meios de comunica\u00e7\u00e3o social e as marcas digitais a criar comunidades vibrantes atrav\u00e9s da conversa\u00e7\u00e3o, da personaliza\u00e7\u00e3o e de informa\u00e7\u00f5es baseadas em dados.<br\/><\/p>\n\n<p class=\"has-large-font-size\">Somos uma empresa sediada em Toronto que conta com a confian\u00e7a de mais de 800 marcas de media globais e estamos a crescer rapidamente.<\/p>\n\n<div class=\"wp-block-group is-layout-constrained wp-container-core-group-is-layout-08dbab59 wp-block-group-is-layout-constrained\" style=\"padding-top:var(--wp--preset--spacing--50);padding-bottom:var(--wp--preset--spacing--50)\">\n<h2 class=\"wp-block-heading has-text-align-center\">Porqu\u00ea trabalhar na Viafoura?<\/h2>\n\n\n\n<div class=\"wp-block-group grid-without-gutters-two is-layout-constrained wp-block-group-is-layout-constrained\">\n<div class=\"wp-block-group has-eggplant-background-color has-background is-layout-grid wp-container-core-group-is-layout-988b637e wp-block-group-is-layout-grid\">\n<div class=\"wp-block-group item-1 is-layout-constrained wp-block-group-is-layout-constrained\">\n<p class=\"has-text-align-center has-light-grey-color has-text-color has-link-color has-large-font-size wp-elements-6da16bbf26cb2739e535fd05b093e533\">Orientado para a miss\u00e3o<\/p>\n\n\n\n<p class=\"has-text-align-center has-light-grey-color has-text-color has-link-color wp-elements-b1c461068f6f770035805e31883aedd8\">Cria produtos que proporcionam experi\u00eancias online significativas.<\/p>\n<\/div>\n\n\n\n<div class=\"wp-block-group item-2 is-layout-constrained wp-block-group-is-layout-constrained\">\n<p class=\"has-text-align-center has-light-grey-color has-text-color has-link-color has-large-font-size wp-elements-8c3291282d86296fa8d14a387a61bc03\">A cultura das pessoas em primeiro lugar<\/p>\n\n\n\n<p class=\"has-text-align-center has-light-grey-color has-text-color has-link-color wp-elements-48e72f4da4727e7bd5745e7011381eea\">Valorizamos a transpar\u00eancia, a inclus\u00e3o e um forte equil\u00edbrio entre vida pessoal e profissional.<\/p>\n<\/div>\n\n\n\n<div class=\"wp-block-group item-3 is-layout-constrained wp-block-group-is-layout-constrained\">\n<p class=\"has-text-align-center has-light-grey-color has-text-color has-link-color has-large-font-size wp-elements-90d361b4f401bb5cd283ad808c462919\">Oportunidades de crescimento<\/p>\n\n\n\n<p class=\"has-text-align-center has-light-grey-color has-text-color has-link-color wp-elements-474afe27e9df38f5217d9aeea1c9a9e1\">Aprende, lidera e cresce ao lado de inovadores apaixonados.<\/p>\n<\/div>\n<\/div>\n<\/div>\n<\/div>\n\n<div class=\"wp-block-columns is-layout-flex wp-container-core-columns-is-layout-b8e64976 wp-block-columns-is-layout-flex\" style=\"margin-top:var(--wp--preset--spacing--80)\">\n<div class=\"wp-block-column is-layout-flow wp-block-column-is-layout-flow\">\n<h1 class=\"wp-block-heading\" style=\"margin-bottom:var(--wp--preset--spacing--50)\"><strong>O que procuramos<\/strong><\/h1>\n\n\n\n<p class=\"has-large-font-size\">Contratamos pessoas curiosas, colaborativas e motivadas, prontas para causar impacto. Se est\u00e1s entusiasmado com a comunidade, os meios de comunica\u00e7\u00e3o social e a tecnologia, queremos ouvir-te.<\/p>\n\n\n\n<p class=\"has-large-font-size\">Explora as nossas ofertas de emprego actuais e candidata-te hoje.<\/p>\n\n\n\n<div class=\"wp-block-buttons is-layout-flex wp-block-buttons-is-layout-flex\">\n<div class=\"wp-block-button is-style-primary\"><a class=\"wp-block-button__link wp-element-button\" href=\"https:\/\/viafoura.applytojobs.ca\/\">Ofertas de emprego actuais<\/a><\/div>\n<\/div>\n<\/div>\n\n\n\n<div class=\"wp-block-column is-vertically-aligned-center is-layout-flow wp-block-column-is-layout-flow\">\n<figure class=\"wp-block-image aligncenter size-full is-resized\"><img decoding=\"async\" width=\"624\" height=\"415\" src=\"https:\/\/viafoura.com\/wp-content\/uploads\/2025\/07\/Capture-47.jpg\" alt=\"\" class=\"wp-image-3723\" style=\"width:550px\" srcset=\"https:\/\/viafoura.com\/wp-content\/uploads\/2025\/07\/Capture-47.jpg 624w, https:\/\/viafoura.com\/wp-content\/uploads\/2025\/07\/Capture-47-300x200.jpg 300w\" sizes=\"(max-width: 624px) 100vw, 624px\" \/><\/figure>\n<\/div>\n<\/div>\n","protected":false},"excerpt":{"rendered":"<p>Na Viafoura, estamos a transformar a forma como as audi\u00eancias se ligam, se envolvem e prosperam online. A nossa plataforma ajuda os meios de comunica\u00e7\u00e3o social e as marcas digitais a criar comunidades vibrantes atrav\u00e9s da conversa\u00e7\u00e3o, da personaliza\u00e7\u00e3o e de informa\u00e7\u00f5es baseadas em dados. Somos uma empresa sediada em Toronto que conta com a [&hellip;]<\/p>\n","protected":false},"author":1,"featured_media":0,"parent":14856,"menu_order":0,"comment_status":"closed","ping_status":"closed","template":"","meta":{"_acf_changed":false,"footnotes":""},"class_list":["post-14747","page","type-page","status-publish","hentry"],"acf":[],"yoast_head":"<!-- This site is optimized with the Yoast SEO plugin v27.4 - https:\/\/yoast.com\/product\/yoast-seo-wordpress\/ -->\n<title>Viafoura | Carreiras<\/title>\n<meta name=\"description\" content=\"Na Viafoura, estamos a transformar a forma como as audi\u00eancias se ligam, se envolvem e prosperam online. A nossa plataforma ajuda os meios de comunica\u00e7\u00e3o\" \/>\n<meta name=\"robots\" content=\"index, follow, max-snippet:-1, max-image-preview:large, max-video-preview:-1\" \/>\n<link rel=\"canonical\" href=\"https:\/\/viafoura.com\/pt-pt\/sobre-nos\/carreiras\/\" \/>\n<meta property=\"og:locale\" content=\"pt_PT\" \/>\n<meta property=\"og:type\" content=\"article\" \/>\n<meta property=\"og:title\" content=\"Viafoura | Carreiras\" \/>\n<meta property=\"og:description\" content=\"Na Viafoura, estamos a transformar a forma como as audi\u00eancias se ligam, se envolvem e prosperam online. A nossa plataforma ajuda os meios de comunica\u00e7\u00e3o\" \/>\n<meta property=\"og:url\" content=\"https:\/\/viafoura.com\/pt-pt\/sobre-nos\/carreiras\/\" \/>\n<meta property=\"og:site_name\" content=\"Viafoura\" \/>\n<meta property=\"article:publisher\" content=\"https:\/\/www.facebook.com\/viafoura\/\" \/>\n<meta property=\"article:modified_time\" content=\"2025-07-25T22:24:15+00:00\" \/>\n<meta property=\"og:image\" content=\"https:\/\/viafoura.com\/wp-content\/uploads\/2025\/07\/Viafoura-V-Variation-1-1024x896.png\" \/>\n<meta name=\"twitter:card\" content=\"summary_large_image\" \/>\n<meta name=\"twitter:site\" content=\"@viafoura\" \/>\n<meta name=\"twitter:label1\" content=\"Tempo estimado de leitura\" \/>\n\t<meta name=\"twitter:data1\" content=\"1 minuto\" \/>\n<script type=\"application\/ld+json\" class=\"yoast-schema-graph\">{\"@context\":\"https:\\\/\\\/schema.org\",\"@graph\":[{\"@type\":\"WebPage\",\"@id\":\"https:\\\/\\\/viafoura.com\\\/pt-pt\\\/sobre-nos\\\/carreiras\\\/\",\"url\":\"https:\\\/\\\/viafoura.com\\\/pt-pt\\\/sobre-nos\\\/carreiras\\\/\",\"name\":\"Viafoura | Carreiras\",\"isPartOf\":{\"@id\":\"https:\\\/\\\/viafoura.com\\\/pt-pt\\\/#website\"},\"primaryImageOfPage\":{\"@id\":\"https:\\\/\\\/viafoura.com\\\/pt-pt\\\/sobre-nos\\\/carreiras\\\/#primaryimage\"},\"image\":{\"@id\":\"https:\\\/\\\/viafoura.com\\\/pt-pt\\\/sobre-nos\\\/carreiras\\\/#primaryimage\"},\"thumbnailUrl\":\"https:\\\/\\\/viafoura.com\\\/wp-content\\\/uploads\\\/2025\\\/07\\\/Viafoura-V-Variation-1-1024x896.png\",\"datePublished\":\"2025-06-18T18:05:56+00:00\",\"dateModified\":\"2025-07-25T22:24:15+00:00\",\"description\":\"Na Viafoura, estamos a transformar a forma como as audi\u00eancias se ligam, se envolvem e prosperam online. A nossa plataforma ajuda os meios de comunica\u00e7\u00e3o\",\"breadcrumb\":{\"@id\":\"https:\\\/\\\/viafoura.com\\\/pt-pt\\\/sobre-nos\\\/carreiras\\\/#breadcrumb\"},\"inLanguage\":\"pt-PT\",\"potentialAction\":[{\"@type\":\"ReadAction\",\"target\":[\"https:\\\/\\\/viafoura.com\\\/pt-pt\\\/sobre-nos\\\/carreiras\\\/\"]}]},{\"@type\":\"ImageObject\",\"inLanguage\":\"pt-PT\",\"@id\":\"https:\\\/\\\/viafoura.com\\\/pt-pt\\\/sobre-nos\\\/carreiras\\\/#primaryimage\",\"url\":\"https:\\\/\\\/viafoura.com\\\/wp-content\\\/uploads\\\/2025\\\/07\\\/Viafoura-V-Variation-1-1024x896.png\",\"contentUrl\":\"https:\\\/\\\/viafoura.com\\\/wp-content\\\/uploads\\\/2025\\\/07\\\/Viafoura-V-Variation-1-1024x896.png\"},{\"@type\":\"BreadcrumbList\",\"@id\":\"https:\\\/\\\/viafoura.com\\\/pt-pt\\\/sobre-nos\\\/carreiras\\\/#breadcrumb\",\"itemListElement\":[{\"@type\":\"ListItem\",\"position\":1,\"name\":\"Home\",\"item\":\"https:\\\/\\\/viafoura.com\\\/pt-pt\\\/casa\\\/\"},{\"@type\":\"ListItem\",\"position\":2,\"name\":\"Sobre n\u00f3s\",\"item\":\"https:\\\/\\\/viafoura.com\\\/pt-pt\\\/sobre-nos\\\/\"},{\"@type\":\"ListItem\",\"position\":3,\"name\":\"Carreiras\"}]},{\"@type\":\"WebSite\",\"@id\":\"https:\\\/\\\/viafoura.com\\\/pt-pt\\\/#website\",\"url\":\"https:\\\/\\\/viafoura.com\\\/pt-pt\\\/\",\"name\":\"Viafoura\",\"description\":\"\",\"publisher\":{\"@id\":\"https:\\\/\\\/viafoura.com\\\/pt-pt\\\/#organization\"},\"potentialAction\":[{\"@type\":\"SearchAction\",\"target\":{\"@type\":\"EntryPoint\",\"urlTemplate\":\"https:\\\/\\\/viafoura.com\\\/pt-pt\\\/?s={search_term_string}\"},\"query-input\":{\"@type\":\"PropertyValueSpecification\",\"valueRequired\":true,\"valueName\":\"search_term_string\"}}],\"inLanguage\":\"pt-PT\"},{\"@type\":\"Organization\",\"@id\":\"https:\\\/\\\/viafoura.com\\\/pt-pt\\\/#organization\",\"name\":\"Viafoura\",\"url\":\"https:\\\/\\\/viafoura.com\\\/pt-pt\\\/\",\"logo\":{\"@type\":\"ImageObject\",\"inLanguage\":\"pt-PT\",\"@id\":\"https:\\\/\\\/viafoura.com\\\/pt-pt\\\/#\\\/schema\\\/logo\\\/image\\\/\",\"url\":\"https:\\\/\\\/viafoura.com\\\/wp-content\\\/uploads\\\/2025\\\/06\\\/Main-logo.svg\",\"contentUrl\":\"https:\\\/\\\/viafoura.com\\\/wp-content\\\/uploads\\\/2025\\\/06\\\/Main-logo.svg\",\"width\":1920,\"height\":383,\"caption\":\"Viafoura\"},\"image\":{\"@id\":\"https:\\\/\\\/viafoura.com\\\/pt-pt\\\/#\\\/schema\\\/logo\\\/image\\\/\"},\"sameAs\":[\"https:\\\/\\\/www.facebook.com\\\/viafoura\\\/\",\"https:\\\/\\\/x.com\\\/viafoura\",\"https:\\\/\\\/www.linkedin.com\\\/company\\\/viafoura\\\/\"]}]}<\/script>\n<!-- \/ Yoast SEO plugin. -->","yoast_head_json":{"title":"Viafoura | Carreiras","description":"Na Viafoura, estamos a transformar a forma como as audi\u00eancias se ligam, se envolvem e prosperam online. A nossa plataforma ajuda os meios de comunica\u00e7\u00e3o","robots":{"index":"index","follow":"follow","max-snippet":"max-snippet:-1","max-image-preview":"max-image-preview:large","max-video-preview":"max-video-preview:-1"},"canonical":"https:\/\/viafoura.com\/pt-pt\/sobre-nos\/carreiras\/","og_locale":"pt_PT","og_type":"article","og_title":"Viafoura | Carreiras","og_description":"Na Viafoura, estamos a transformar a forma como as audi\u00eancias se ligam, se envolvem e prosperam online. A nossa plataforma ajuda os meios de comunica\u00e7\u00e3o","og_url":"https:\/\/viafoura.com\/pt-pt\/sobre-nos\/carreiras\/","og_site_name":"Viafoura","article_publisher":"https:\/\/www.facebook.com\/viafoura\/","article_modified_time":"2025-07-25T22:24:15+00:00","og_image":[{"url":"https:\/\/viafoura.com\/wp-content\/uploads\/2025\/07\/Viafoura-V-Variation-1-1024x896.png","type":"","width":"","height":""}],"twitter_card":"summary_large_image","twitter_site":"@viafoura","twitter_misc":{"Tempo estimado de leitura":"1 minuto"},"schema":{"@context":"https:\/\/schema.org","@graph":[{"@type":"WebPage","@id":"https:\/\/viafoura.com\/pt-pt\/sobre-nos\/carreiras\/","url":"https:\/\/viafoura.com\/pt-pt\/sobre-nos\/carreiras\/","name":"Viafoura | Carreiras","isPartOf":{"@id":"https:\/\/viafoura.com\/pt-pt\/#website"},"primaryImageOfPage":{"@id":"https:\/\/viafoura.com\/pt-pt\/sobre-nos\/carreiras\/#primaryimage"},"image":{"@id":"https:\/\/viafoura.com\/pt-pt\/sobre-nos\/carreiras\/#primaryimage"},"thumbnailUrl":"https:\/\/viafoura.com\/wp-content\/uploads\/2025\/07\/Viafoura-V-Variation-1-1024x896.png","datePublished":"2025-06-18T18:05:56+00:00","dateModified":"2025-07-25T22:24:15+00:00","description":"Na Viafoura, estamos a transformar a forma como as audi\u00eancias se ligam, se envolvem e prosperam online. A nossa plataforma ajuda os meios de comunica\u00e7\u00e3o","breadcrumb":{"@id":"https:\/\/viafoura.com\/pt-pt\/sobre-nos\/carreiras\/#breadcrumb"},"inLanguage":"pt-PT","potentialAction":[{"@type":"ReadAction","target":["https:\/\/viafoura.com\/pt-pt\/sobre-nos\/carreiras\/"]}]},{"@type":"ImageObject","inLanguage":"pt-PT","@id":"https:\/\/viafoura.com\/pt-pt\/sobre-nos\/carreiras\/#primaryimage","url":"https:\/\/viafoura.com\/wp-content\/uploads\/2025\/07\/Viafoura-V-Variation-1-1024x896.png","contentUrl":"https:\/\/viafoura.com\/wp-content\/uploads\/2025\/07\/Viafoura-V-Variation-1-1024x896.png"},{"@type":"BreadcrumbList","@id":"https:\/\/viafoura.com\/pt-pt\/sobre-nos\/carreiras\/#breadcrumb","itemListElement":[{"@type":"ListItem","position":1,"name":"Home","item":"https:\/\/viafoura.com\/pt-pt\/casa\/"},{"@type":"ListItem","position":2,"name":"Sobre n\u00f3s","item":"https:\/\/viafoura.com\/pt-pt\/sobre-nos\/"},{"@type":"ListItem","position":3,"name":"Carreiras"}]},{"@type":"WebSite","@id":"https:\/\/viafoura.com\/pt-pt\/#website","url":"https:\/\/viafoura.com\/pt-pt\/","name":"Viafoura","description":"","publisher":{"@id":"https:\/\/viafoura.com\/pt-pt\/#organization"},"potentialAction":[{"@type":"SearchAction","target":{"@type":"EntryPoint","urlTemplate":"https:\/\/viafoura.com\/pt-pt\/?s={search_term_string}"},"query-input":{"@type":"PropertyValueSpecification","valueRequired":true,"valueName":"search_term_string"}}],"inLanguage":"pt-PT"},{"@type":"Organization","@id":"https:\/\/viafoura.com\/pt-pt\/#organization","name":"Viafoura","url":"https:\/\/viafoura.com\/pt-pt\/","logo":{"@type":"ImageObject","inLanguage":"pt-PT","@id":"https:\/\/viafoura.com\/pt-pt\/#\/schema\/logo\/image\/","url":"https:\/\/viafoura.com\/wp-content\/uploads\/2025\/06\/Main-logo.svg","contentUrl":"https:\/\/viafoura.com\/wp-content\/uploads\/2025\/06\/Main-logo.svg","width":1920,"height":383,"caption":"Viafoura"},"image":{"@id":"https:\/\/viafoura.com\/pt-pt\/#\/schema\/logo\/image\/"},"sameAs":["https:\/\/www.facebook.com\/viafoura\/","https:\/\/x.com\/viafoura","https:\/\/www.linkedin.com\/company\/viafoura\/"]}]}},"_links":{"self":[{"href":"https:\/\/viafoura.com\/pt-pt\/wp-json\/wp\/v2\/pages\/14747","targetHints":{"allow":["GET"]}}],"collection":[{"href":"https:\/\/viafoura.com\/pt-pt\/wp-json\/wp\/v2\/pages"}],"about":[{"href":"https:\/\/viafoura.com\/pt-pt\/wp-json\/wp\/v2\/types\/page"}],"author":[{"embeddable":true,"href":"https:\/\/viafoura.com\/pt-pt\/wp-json\/wp\/v2\/users\/1"}],"replies":[{"embeddable":true,"href":"https:\/\/viafoura.com\/pt-pt\/wp-json\/wp\/v2\/comments?post=14747"}],"version-history":[{"count":0,"href":"https:\/\/viafoura.com\/pt-pt\/wp-json\/wp\/v2\/pages\/14747\/revisions"}],"up":[{"embeddable":true,"href":"https:\/\/viafoura.com\/pt-pt\/wp-json\/wp\/v2\/pages\/14856"}],"wp:attachment":[{"href":"https:\/\/viafoura.com\/pt-pt\/wp-json\/wp\/v2\/media?parent=14747"}],"curies":[{"name":"wp","href":"https:\/\/api.w.org\/{rel}","templated":true}]}}