{"id":14783,"date":"2025-06-18T18:01:46","date_gmt":"2025-06-18T18:01:46","guid":{"rendered":"https:\/\/viafoura-2025.eclipse-dev.com\/notas-de-lancamento\/"},"modified":"2025-08-13T16:43:53","modified_gmt":"2025-08-13T16:43:53","slug":"notas-de-lancamento","status":"publish","type":"page","link":"https:\/\/viafoura.com\/pt-pt\/recursos\/notas-de-lancamento\/","title":{"rendered":"Notas de lan\u00e7amento"},"content":{"rendered":"\n<div class=\"wp-block-cover alignfull\"><img decoding=\"async\" width=\"1024\" height=\"896\" class=\"wp-block-cover__image-background wp-image-4022 size-large\" alt=\"\" src=\"https:\/\/viafoura.com\/wp-content\/uploads\/2025\/07\/Viafoura-V-Variation-1-1024x896.png\" style=\"object-position:49% 0%\" data-object-fit=\"cover\" data-object-position=\"49% 0%\" srcset=\"https:\/\/viafoura.com\/wp-content\/uploads\/2025\/07\/Viafoura-V-Variation-1-1024x896.png 1024w, https:\/\/viafoura.com\/wp-content\/uploads\/2025\/07\/Viafoura-V-Variation-1-300x263.png 300w, https:\/\/viafoura.com\/wp-content\/uploads\/2025\/07\/Viafoura-V-Variation-1-768x672.png 768w, https:\/\/viafoura.com\/wp-content\/uploads\/2025\/07\/Viafoura-V-Variation-1-1536x1345.png 1536w, https:\/\/viafoura.com\/wp-content\/uploads\/2025\/07\/Viafoura-V-Variation-1-2048x1793.png 2048w\" sizes=\"(max-width: 1024px) 100vw, 1024px\" \/><span aria-hidden=\"true\" class=\"wp-block-cover__background has-background-dim-0 has-background-dim\" style=\"background-color:#7e8376\"><\/span><div class=\"wp-block-cover__inner-container is-layout-constrained wp-block-cover-is-layout-constrained\"><h1 class=\"wp-block-post-title\">Notas de lan\u00e7amento<\/h1><\/div><\/div>\n\n\n  <div class=\"post-teasers-block  align wp-block-acf-faceted-teasers-block\">\n  \n\n        <div class=\"results-count\">\n              <p><span class=\"number-of-results\">20<\/span> Resultados.<\/p>\n                <!-- <p>No results found.<\/p> -->\n          <\/div>\n    <div class=\"facetwp-template\">\n\n\n      \n                  <div class=\"grid\">\n          \n                        <div class=\"g-col-12 g-col-md-6 g-col-lg-4\">\n              \n              \n<div class=\"teaser teaser--release-note teaser-grid\" id=\"post-16010\">\n  <a href=\"https:\/\/viafoura.com\/pt-pt\/release-note\/maio-de-2025\/\">\n    <div class=\"post_content\">\n              <div class=\"post-categories\">\n          <span class=\"post-category\">Corre\u00e7\u00e3o de erros<\/span>        <\/div>\n            <h3 class=\"teaser--title\">maio de 2025      <\/h3>\n      <div class=\"teaser--excerpt mb-3\">\n        A vers\u00e3o de maio de 2025 centra-se na melhoria da estabilidade da plataforma, no desempenho mais r\u00e1pido dos t\u00f3picos de&#8230;      <\/div>\n      <div class=\"teaser--post-meta post-meta\">\n                <p class=\"post-date\">6.25.2025<\/p>\n      <\/div>\n    <\/div>\n  <\/a>\n<\/div>                            <\/div>\n                                    <div class=\"g-col-12 g-col-md-6 g-col-lg-4\">\n              \n              \n<div class=\"teaser teaser--release-note teaser-grid\" id=\"post-16008\">\n  <a href=\"https:\/\/viafoura.com\/pt-pt\/release-note\/abril-de-2025\/\">\n    <div class=\"post_content\">\n              <div class=\"post-categories\">\n          <span class=\"post-category\">Novas funcionalidades<\/span>        <\/div>\n            <h3 class=\"teaser--title\">abril de 2025      <\/h3>\n      <div class=\"teaser--excerpt mb-3\">\n        A vers\u00e3o de abril de 2025 introduz novas funcionalidades para melhorar o desempenho e a imagem de marca, juntamente com&#8230;      <\/div>\n      <div class=\"teaser--post-meta post-meta\">\n                <p class=\"post-date\">6.8.2025<\/p>\n      <\/div>\n    <\/div>\n  <\/a>\n<\/div>                            <\/div>\n                                    <div class=\"g-col-12 g-col-md-6 g-col-lg-4\">\n              \n              \n<div class=\"teaser teaser--release-note teaser-grid\" id=\"post-16007\">\n  <a href=\"https:\/\/viafoura.com\/pt-pt\/release-note\/marco-de-2025\/\">\n    <div class=\"post_content\">\n              <div class=\"post-categories\">\n          <span class=\"post-category\">Novas funcionalidades<\/span>        <\/div>\n            <h3 class=\"teaser--title\">mar\u00e7o de 2025      <\/h3>\n      <div class=\"teaser--excerpt mb-3\">\n        A vers\u00e3o de mar\u00e7o de 2025 inclui v\u00e1rias correc\u00e7\u00f5es de erros, tais como a resolu\u00e7\u00e3o de problemas de carregamento de&#8230;      <\/div>\n      <div class=\"teaser--post-meta post-meta\">\n                <p class=\"post-date\">5.1.2025<\/p>\n      <\/div>\n    <\/div>\n  <\/a>\n<\/div>                            <\/div>\n                                    <div class=\"g-col-12 g-col-md-6 g-col-lg-4\">\n              \n              \n<div class=\"teaser teaser--release-note teaser-grid\" id=\"post-15995\">\n  <a href=\"https:\/\/viafoura.com\/pt-pt\/release-note\/janeiro-de-2025\/\">\n    <div class=\"post_content\">\n              <div class=\"post-categories\">\n          <span class=\"post-category\">Novas funcionalidades<\/span>        <\/div>\n            <h3 class=\"teaser--title\">janeiro de 2025      <\/h3>\n      <div class=\"teaser--excerpt mb-3\">\n        A vers\u00e3o mais recente inclui v\u00e1rias correc\u00e7\u00f5es de erros, tais como a resolu\u00e7\u00e3o do problema em que o bot\u00e3o &#8220;Carregar&#8230;      <\/div>\n      <div class=\"teaser--post-meta post-meta\">\n                <p class=\"post-date\">2.23.2025<\/p>\n      <\/div>\n    <\/div>\n  <\/a>\n<\/div>                            <\/div>\n                                    <div class=\"g-col-12 g-col-md-6 g-col-lg-4\">\n              \n              \n<div class=\"teaser teaser--release-note teaser-grid\" id=\"post-15992\">\n  <a href=\"https:\/\/viafoura.com\/pt-pt\/release-note\/dezembro-de-2024\/\">\n    <div class=\"post_content\">\n              <div class=\"post-categories\">\n          <span class=\"post-category\">Novas funcionalidades<\/span>        <\/div>\n            <h3 class=\"teaser--title\">dezembro de 2024      <\/h3>\n      <div class=\"teaser--excerpt mb-3\">\n        Antes do nosso congelamento de c\u00f3digo de f\u00e9rias em 13 de dezembro de 2024, a vers\u00e3o de dezembro inclui v\u00e1rios&#8230;      <\/div>\n      <div class=\"teaser--post-meta post-meta\">\n                <p class=\"post-date\">1.22.2025<\/p>\n      <\/div>\n    <\/div>\n  <\/a>\n<\/div>                            <\/div>\n                                    <div class=\"g-col-12 g-col-md-6 g-col-lg-4\">\n              \n              \n<div class=\"teaser teaser--release-note teaser-grid\" id=\"post-15980\">\n  <a href=\"https:\/\/viafoura.com\/pt-pt\/release-note\/novembro-de-2024\/\">\n    <div class=\"post_content\">\n              <div class=\"post-categories\">\n          <span class=\"post-category\">Novas funcionalidades<\/span>        <\/div>\n            <h3 class=\"teaser--title\">novembro de 2024      <\/h3>\n      <div class=\"teaser--excerpt mb-3\">\n        A \u00faltima atualiza\u00e7\u00e3o do Viafoura introduz v\u00e1rias melhorias e correc\u00e7\u00f5es de erros. Os administradores podem agora personalizar a dura\u00e7\u00e3o predefinida&#8230;      <\/div>\n      <div class=\"teaser--post-meta post-meta\">\n                <p class=\"post-date\">1.13.2025<\/p>\n      <\/div>\n    <\/div>\n  <\/a>\n<\/div>                            <\/div>\n                                    <div class=\"g-col-12 g-col-md-6 g-col-lg-4\">\n              \n              \n<div class=\"teaser teaser--release-note teaser-grid\" id=\"post-15978\">\n  <a href=\"https:\/\/viafoura.com\/pt-pt\/release-note\/outubro-de-2024\/\">\n    <div class=\"post_content\">\n              <div class=\"post-categories\">\n          <span class=\"post-category\">Novas funcionalidades<\/span>        <\/div>\n            <h3 class=\"teaser--title\">outubro de 2024      <\/h3>\n      <div class=\"teaser--excerpt mb-3\">\n        outubro traz uma nova atualiza\u00e7\u00e3o que melhora o desempenho e a usabilidade da nossa plataforma de v\u00e1rias formas. Torn\u00e1mos o&#8230;      <\/div>\n      <div class=\"teaser--post-meta post-meta\">\n                <p class=\"post-date\">1.13.2025<\/p>\n      <\/div>\n    <\/div>\n  <\/a>\n<\/div>                            <\/div>\n                                    <div class=\"g-col-12 g-col-md-6 g-col-lg-4\">\n              \n              \n<div class=\"teaser teaser--release-note teaser-grid\" id=\"post-15976\">\n  <a href=\"https:\/\/viafoura.com\/pt-pt\/release-note\/setembro-de-2024\/\">\n    <div class=\"post_content\">\n              <div class=\"post-categories\">\n          <span class=\"post-category\">Novas funcionalidades<\/span>        <\/div>\n            <h3 class=\"teaser--title\">setembro de 2024      <\/h3>\n      <div class=\"teaser--excerpt mb-3\">\n        As actualiza\u00e7\u00f5es de setembro trazem uma s\u00e9rie de melhorias ao Viafoura. Introduzimos o carregamento de esqueletos para componentes no nosso&#8230;      <\/div>\n      <div class=\"teaser--post-meta post-meta\">\n                <p class=\"post-date\">10.24.2024<\/p>\n      <\/div>\n    <\/div>\n  <\/a>\n<\/div>                            <\/div>\n                                    <div class=\"g-col-12 g-col-md-6 g-col-lg-4\">\n              \n              \n<div class=\"teaser teaser--release-note teaser-grid\" id=\"post-15965\">\n  <a href=\"https:\/\/viafoura.com\/pt-pt\/release-note\/agosto-de-2024\/\">\n    <div class=\"post_content\">\n              <div class=\"post-categories\">\n          <span class=\"post-category\">Novas funcionalidades<\/span>        <\/div>\n            <h3 class=\"teaser--title\">agosto de 2024      <\/h3>\n      <div class=\"teaser--excerpt mb-3\">\n        Em agosto, temos o prazer de apresentar novas funcionalidades e melhorias para melhorar a tua experi\u00eancia no Viafoura. Os destaques&#8230;      <\/div>\n      <div class=\"teaser--post-meta post-meta\">\n                <p class=\"post-date\">9.25.2024<\/p>\n      <\/div>\n    <\/div>\n  <\/a>\n<\/div>                            <\/div>\n                                    <div class=\"g-col-12 g-col-md-6 g-col-lg-4\">\n              \n              \n<div class=\"teaser teaser--release-note teaser-grid\" id=\"post-15963\">\n  <a href=\"https:\/\/viafoura.com\/pt-pt\/release-note\/julho-de-2024\/\">\n    <div class=\"post_content\">\n              <div class=\"post-categories\">\n          <span class=\"post-category\">Novas funcionalidades<\/span>        <\/div>\n            <h3 class=\"teaser--title\">julho de 2024      <\/h3>\n      <div class=\"teaser--excerpt mb-3\">\n        Em julho, fizemos actualiza\u00e7\u00f5es significativas para melhorar a tua experi\u00eancia no Viafoura. As nossas melhorias incluem um desempenho melhorado do&#8230;      <\/div>\n      <div class=\"teaser--post-meta post-meta\">\n                <p class=\"post-date\">8.14.2024<\/p>\n      <\/div>\n    <\/div>\n  <\/a>\n<\/div>                            <\/div>\n                                    <div class=\"g-col-12 g-col-md-6 g-col-lg-4\">\n              \n              \n<div class=\"teaser teaser--release-note teaser-grid\" id=\"post-15950\">\n  <a href=\"https:\/\/viafoura.com\/pt-pt\/release-note\/junho-de-2024\/\">\n    <div class=\"post_content\">\n              <div class=\"post-categories\">\n          <span class=\"post-category\">Corre\u00e7\u00e3o de erros<\/span>        <\/div>\n            <h3 class=\"teaser--title\">junho de 2024      <\/h3>\n      <div class=\"teaser--excerpt mb-3\">\n        Em junho, concentr\u00e1mo-nos em melhorar a experi\u00eancia do Viafoura, resolvendo v\u00e1rios erros. Corrigimos problemas que causavam a ordena\u00e7\u00e3o incorrecta das&#8230;      <\/div>\n      <div class=\"teaser--post-meta post-meta\">\n                <p class=\"post-date\">8.13.2024<\/p>\n      <\/div>\n    <\/div>\n  <\/a>\n<\/div>                            <\/div>\n                                    <div class=\"g-col-12 g-col-md-6 g-col-lg-4\">\n              \n              \n<div class=\"teaser teaser--release-note teaser-grid\" id=\"post-15948\">\n  <a href=\"https:\/\/viafoura.com\/pt-pt\/release-note\/maio-de-2024\/\">\n    <div class=\"post_content\">\n              <div class=\"post-categories\">\n          <span class=\"post-category\">Corre\u00e7\u00e3o de erros<\/span>        <\/div>\n            <h3 class=\"teaser--title\">maio de 2024      <\/h3>\n      <div class=\"teaser--excerpt mb-3\">\n        Este m\u00eas de maio, introduzimos correc\u00e7\u00f5es de erros significativas para melhorar o SDK e a interface do utilizador da aplica\u00e7\u00e3o,&#8230;      <\/div>\n      <div class=\"teaser--post-meta post-meta\">\n                <p class=\"post-date\">5.30.2024<\/p>\n      <\/div>\n    <\/div>\n  <\/a>\n<\/div>                            <\/div>\n                                <\/div>\n      \n    <\/div>\n                <div class=\"facetwp-facet facetwp-facet-pager_load_more facetwp-type-pager\" data-name=\"pager_load_more\" data-type=\"pager\"><\/div>            <\/div>\n\n    ","protected":false},"excerpt":{"rendered":"","protected":false},"author":1,"featured_media":0,"parent":14814,"menu_order":0,"comment_status":"closed","ping_status":"closed","template":"","meta":{"_acf_changed":false,"footnotes":""},"class_list":["post-14783","page","type-page","status-publish","hentry"],"acf":[],"yoast_head":"<!-- This site is optimized with the Yoast SEO plugin v27.2 - https:\/\/yoast.com\/product\/yoast-seo-wordpress\/ -->\n<title>Viafoura | Notas de lan\u00e7amento<\/title>\n<meta name=\"robots\" content=\"index, follow, max-snippet:-1, max-image-preview:large, max-video-preview:-1\" \/>\n<link rel=\"canonical\" href=\"https:\/\/viafoura.com\/pt-pt\/recursos\/notas-de-lancamento\/\" \/>\n<meta property=\"og:locale\" content=\"pt_PT\" \/>\n<meta property=\"og:type\" content=\"article\" \/>\n<meta property=\"og:title\" content=\"Viafoura | Notas de lan\u00e7amento\" \/>\n<meta property=\"og:url\" content=\"https:\/\/viafoura.com\/pt-pt\/recursos\/notas-de-lancamento\/\" \/>\n<meta property=\"og:site_name\" content=\"Viafoura\" \/>\n<meta property=\"article:publisher\" content=\"https:\/\/www.facebook.com\/viafoura\/\" \/>\n<meta property=\"article:modified_time\" content=\"2025-08-13T16:43:53+00:00\" \/>\n<meta property=\"og:image\" content=\"https:\/\/viafoura.com\/wp-content\/uploads\/2025\/07\/Viafoura-V-Variation-1-1024x896.png\" \/>\n<meta name=\"twitter:card\" content=\"summary_large_image\" \/>\n<meta name=\"twitter:site\" content=\"@viafoura\" \/>\n<script type=\"application\/ld+json\" class=\"yoast-schema-graph\">{\"@context\":\"https:\/\/schema.org\",\"@graph\":[{\"@type\":\"WebPage\",\"@id\":\"https:\/\/viafoura.com\/pt-pt\/recursos\/notas-de-lancamento\/\",\"url\":\"https:\/\/viafoura.com\/pt-pt\/recursos\/notas-de-lancamento\/\",\"name\":\"Viafoura | Notas de lan\u00e7amento\",\"isPartOf\":{\"@id\":\"https:\/\/viafoura.com\/pt-pt\/#website\"},\"primaryImageOfPage\":{\"@id\":\"https:\/\/viafoura.com\/pt-pt\/recursos\/notas-de-lancamento\/#primaryimage\"},\"image\":{\"@id\":\"https:\/\/viafoura.com\/pt-pt\/recursos\/notas-de-lancamento\/#primaryimage\"},\"thumbnailUrl\":\"https:\/\/viafoura.com\/wp-content\/uploads\/2025\/07\/Viafoura-V-Variation-1-1024x896.png\",\"datePublished\":\"2025-06-18T18:01:46+00:00\",\"dateModified\":\"2025-08-13T16:43:53+00:00\",\"breadcrumb\":{\"@id\":\"https:\/\/viafoura.com\/pt-pt\/recursos\/notas-de-lancamento\/#breadcrumb\"},\"inLanguage\":\"pt-PT\",\"potentialAction\":[{\"@type\":\"ReadAction\",\"target\":[\"https:\/\/viafoura.com\/pt-pt\/recursos\/notas-de-lancamento\/\"]}]},{\"@type\":\"ImageObject\",\"inLanguage\":\"pt-PT\",\"@id\":\"https:\/\/viafoura.com\/pt-pt\/recursos\/notas-de-lancamento\/#primaryimage\",\"url\":\"https:\/\/viafoura.com\/wp-content\/uploads\/2025\/07\/Viafoura-V-Variation-1-1024x896.png\",\"contentUrl\":\"https:\/\/viafoura.com\/wp-content\/uploads\/2025\/07\/Viafoura-V-Variation-1-1024x896.png\"},{\"@type\":\"BreadcrumbList\",\"@id\":\"https:\/\/viafoura.com\/pt-pt\/recursos\/notas-de-lancamento\/#breadcrumb\",\"itemListElement\":[{\"@type\":\"ListItem\",\"position\":1,\"name\":\"Home\",\"item\":\"https:\/\/viafoura.com\/pt-pt\/casa\/\"},{\"@type\":\"ListItem\",\"position\":2,\"name\":\"Recursos\",\"item\":\"https:\/\/viafoura.com\/pt-pt\/recursos\/\"},{\"@type\":\"ListItem\",\"position\":3,\"name\":\"Notas de lan\u00e7amento\"}]},{\"@type\":\"WebSite\",\"@id\":\"https:\/\/viafoura.com\/pt-pt\/#website\",\"url\":\"https:\/\/viafoura.com\/pt-pt\/\",\"name\":\"Viafoura\",\"description\":\"\",\"publisher\":{\"@id\":\"https:\/\/viafoura.com\/pt-pt\/#organization\"},\"potentialAction\":[{\"@type\":\"SearchAction\",\"target\":{\"@type\":\"EntryPoint\",\"urlTemplate\":\"https:\/\/viafoura.com\/pt-pt\/?s={search_term_string}\"},\"query-input\":{\"@type\":\"PropertyValueSpecification\",\"valueRequired\":true,\"valueName\":\"search_term_string\"}}],\"inLanguage\":\"pt-PT\"},{\"@type\":\"Organization\",\"@id\":\"https:\/\/viafoura.com\/pt-pt\/#organization\",\"name\":\"Viafoura\",\"url\":\"https:\/\/viafoura.com\/pt-pt\/\",\"logo\":{\"@type\":\"ImageObject\",\"inLanguage\":\"pt-PT\",\"@id\":\"https:\/\/viafoura.com\/pt-pt\/#\/schema\/logo\/image\/\",\"url\":\"https:\/\/viafoura.com\/wp-content\/uploads\/2025\/06\/Main-logo.svg\",\"contentUrl\":\"https:\/\/viafoura.com\/wp-content\/uploads\/2025\/06\/Main-logo.svg\",\"width\":1920,\"height\":383,\"caption\":\"Viafoura\"},\"image\":{\"@id\":\"https:\/\/viafoura.com\/pt-pt\/#\/schema\/logo\/image\/\"},\"sameAs\":[\"https:\/\/www.facebook.com\/viafoura\/\",\"https:\/\/x.com\/viafoura\",\"https:\/\/www.linkedin.com\/company\/viafoura\/\"]}]}<\/script>\n<!-- \/ Yoast SEO plugin. -->","yoast_head_json":{"title":"Viafoura | Notas de lan\u00e7amento","robots":{"index":"index","follow":"follow","max-snippet":"max-snippet:-1","max-image-preview":"max-image-preview:large","max-video-preview":"max-video-preview:-1"},"canonical":"https:\/\/viafoura.com\/pt-pt\/recursos\/notas-de-lancamento\/","og_locale":"pt_PT","og_type":"article","og_title":"Viafoura | Notas de lan\u00e7amento","og_url":"https:\/\/viafoura.com\/pt-pt\/recursos\/notas-de-lancamento\/","og_site_name":"Viafoura","article_publisher":"https:\/\/www.facebook.com\/viafoura\/","article_modified_time":"2025-08-13T16:43:53+00:00","og_image":[{"url":"https:\/\/viafoura.com\/wp-content\/uploads\/2025\/07\/Viafoura-V-Variation-1-1024x896.png","type":"","width":"","height":""}],"twitter_card":"summary_large_image","twitter_site":"@viafoura","schema":{"@context":"https:\/\/schema.org","@graph":[{"@type":"WebPage","@id":"https:\/\/viafoura.com\/pt-pt\/recursos\/notas-de-lancamento\/","url":"https:\/\/viafoura.com\/pt-pt\/recursos\/notas-de-lancamento\/","name":"Viafoura | Notas de lan\u00e7amento","isPartOf":{"@id":"https:\/\/viafoura.com\/pt-pt\/#website"},"primaryImageOfPage":{"@id":"https:\/\/viafoura.com\/pt-pt\/recursos\/notas-de-lancamento\/#primaryimage"},"image":{"@id":"https:\/\/viafoura.com\/pt-pt\/recursos\/notas-de-lancamento\/#primaryimage"},"thumbnailUrl":"https:\/\/viafoura.com\/wp-content\/uploads\/2025\/07\/Viafoura-V-Variation-1-1024x896.png","datePublished":"2025-06-18T18:01:46+00:00","dateModified":"2025-08-13T16:43:53+00:00","breadcrumb":{"@id":"https:\/\/viafoura.com\/pt-pt\/recursos\/notas-de-lancamento\/#breadcrumb"},"inLanguage":"pt-PT","potentialAction":[{"@type":"ReadAction","target":["https:\/\/viafoura.com\/pt-pt\/recursos\/notas-de-lancamento\/"]}]},{"@type":"ImageObject","inLanguage":"pt-PT","@id":"https:\/\/viafoura.com\/pt-pt\/recursos\/notas-de-lancamento\/#primaryimage","url":"https:\/\/viafoura.com\/wp-content\/uploads\/2025\/07\/Viafoura-V-Variation-1-1024x896.png","contentUrl":"https:\/\/viafoura.com\/wp-content\/uploads\/2025\/07\/Viafoura-V-Variation-1-1024x896.png"},{"@type":"BreadcrumbList","@id":"https:\/\/viafoura.com\/pt-pt\/recursos\/notas-de-lancamento\/#breadcrumb","itemListElement":[{"@type":"ListItem","position":1,"name":"Home","item":"https:\/\/viafoura.com\/pt-pt\/casa\/"},{"@type":"ListItem","position":2,"name":"Recursos","item":"https:\/\/viafoura.com\/pt-pt\/recursos\/"},{"@type":"ListItem","position":3,"name":"Notas de lan\u00e7amento"}]},{"@type":"WebSite","@id":"https:\/\/viafoura.com\/pt-pt\/#website","url":"https:\/\/viafoura.com\/pt-pt\/","name":"Viafoura","description":"","publisher":{"@id":"https:\/\/viafoura.com\/pt-pt\/#organization"},"potentialAction":[{"@type":"SearchAction","target":{"@type":"EntryPoint","urlTemplate":"https:\/\/viafoura.com\/pt-pt\/?s={search_term_string}"},"query-input":{"@type":"PropertyValueSpecification","valueRequired":true,"valueName":"search_term_string"}}],"inLanguage":"pt-PT"},{"@type":"Organization","@id":"https:\/\/viafoura.com\/pt-pt\/#organization","name":"Viafoura","url":"https:\/\/viafoura.com\/pt-pt\/","logo":{"@type":"ImageObject","inLanguage":"pt-PT","@id":"https:\/\/viafoura.com\/pt-pt\/#\/schema\/logo\/image\/","url":"https:\/\/viafoura.com\/wp-content\/uploads\/2025\/06\/Main-logo.svg","contentUrl":"https:\/\/viafoura.com\/wp-content\/uploads\/2025\/06\/Main-logo.svg","width":1920,"height":383,"caption":"Viafoura"},"image":{"@id":"https:\/\/viafoura.com\/pt-pt\/#\/schema\/logo\/image\/"},"sameAs":["https:\/\/www.facebook.com\/viafoura\/","https:\/\/x.com\/viafoura","https:\/\/www.linkedin.com\/company\/viafoura\/"]}]}},"_links":{"self":[{"href":"https:\/\/viafoura.com\/pt-pt\/wp-json\/wp\/v2\/pages\/14783","targetHints":{"allow":["GET"]}}],"collection":[{"href":"https:\/\/viafoura.com\/pt-pt\/wp-json\/wp\/v2\/pages"}],"about":[{"href":"https:\/\/viafoura.com\/pt-pt\/wp-json\/wp\/v2\/types\/page"}],"author":[{"embeddable":true,"href":"https:\/\/viafoura.com\/pt-pt\/wp-json\/wp\/v2\/users\/1"}],"replies":[{"embeddable":true,"href":"https:\/\/viafoura.com\/pt-pt\/wp-json\/wp\/v2\/comments?post=14783"}],"version-history":[{"count":0,"href":"https:\/\/viafoura.com\/pt-pt\/wp-json\/wp\/v2\/pages\/14783\/revisions"}],"up":[{"embeddable":true,"href":"https:\/\/viafoura.com\/pt-pt\/wp-json\/wp\/v2\/pages\/14814"}],"wp:attachment":[{"href":"https:\/\/viafoura.com\/pt-pt\/wp-json\/wp\/v2\/media?parent=14783"}],"curies":[{"name":"wp","href":"https:\/\/api.w.org\/{rel}","templated":true}]}}